{"id":35731,"date":"2015-06-02T09:47:22","date_gmt":"2015-06-02T09:47:22","guid":{"rendered":"http:\/\/www.clinicaclaros.com\/?page_id=35731"},"modified":"2024-06-19T10:38:46","modified_gmt":"2024-06-19T10:38:46","slug":"cirugia-de-orbita","status":"publish","type":"page","link":"https:\/\/www.clinicaclaros.com\/ru\/cirugia-de-orbita\/","title":{"rendered":"(Espa\u00f1ol) Cirug\u00eda de \u00f3rbita"},"content":{"rendered":"<p class=\"qtranxs-available-languages-message qtranxs-available-languages-message-ru\">\u0418\u0437\u0432\u0438\u043d\u0438\u0442\u0435, \u044d\u0442\u043e\u0442 \u0442\u0435\u0445\u0442 \u0434\u043e\u0441\u0442\u0443\u043f\u0435\u043d \u0442\u043e\u043b\u044c\u043a\u043e \u0432 <a href=\"https:\/\/www.clinicaclaros.com\/es\/wp-json\/wp\/v2\/pages\/35731\" class=\"qtranxs-available-language-link qtranxs-available-language-link-es\" title=\"Espa\u00f1ol\">Espa\u00f1ol<\/a> \u0438 <a href=\"https:\/\/www.clinicaclaros.com\/en\/wp-json\/wp\/v2\/pages\/35731\" class=\"qtranxs-available-language-link qtranxs-available-language-link-en\" title=\"English\">English<\/a>.<\/p>","protected":false},"excerpt":{"rendered":"<p>\u0418\u0437\u0432\u0438\u043d\u0438\u0442\u0435, \u044d\u0442\u043e\u0442 \u0442\u0435\u0445\u0442 \u0434\u043e\u0441\u0442\u0443\u043f\u0435\u043d \u0442\u043e\u043b\u044c\u043a\u043e \u0432 Espa\u00f1ol \u0438 English.<\/p>\n","protected":false},"author":1,"featured_media":0,"parent":0,"menu_order":0,"comment_status":"closed","ping_status":"closed","template":"","meta":{"_monsterinsights_skip_tracking":false,"_monsterinsights_sitenote_active":false,"_monsterinsights_sitenote_note":"","_monsterinsights_sitenote_category":0,"footnotes":""},"class_list":["post-35731","page","type-page","status-publish","hentry","description-off"],"yoast_head":"<!-- This site is optimized with the Yoast SEO plugin v27.2 - https:\/\/yoast.com\/product\/yoast-seo-wordpress\/ -->\n<title>Cirug\u00eda de \u00f3rbita<\/title>\n<meta name=\"description\" content=\"Cirug\u00eda de los tumores orbitarios, de las fracturas de la \u00f3rbita y descompresi\u00f3n de la \u00f3rbita del exoftalmo mediante cirug\u00eda endosc\u00f3pica naso-sinusal. Contacte al 93 203 12 12\" \/>\n<meta name=\"robots\" content=\"index, follow, max-snippet:-1, max-image-preview:large, max-video-preview:-1\" \/>\n<link rel=\"canonical\" href=\"https:\/\/www.clinicaclaros.com\/cirugia-de-orbita\/\" \/>\n<meta property=\"og:locale\" content=\"ru_RU\" \/>\n<meta property=\"og:type\" content=\"article\" \/>\n<meta property=\"og:title\" content=\"Cirug\u00eda de \u00f3rbita\" \/>\n<meta property=\"og:description\" content=\"Cirug\u00eda de los tumores orbitarios, de las fracturas de la \u00f3rbita y descompresi\u00f3n de la \u00f3rbita del exoftalmo mediante cirug\u00eda endosc\u00f3pica naso-sinusal. Contacte al 93 203 12 12\" \/>\n<meta property=\"og:url\" content=\"https:\/\/www.clinicaclaros.com\/cirugia-de-orbita\/\" \/>\n<meta property=\"og:site_name\" content=\"Cl\u00ed\u00adnica Clar\u00f3s\" \/>\n<meta property=\"article:publisher\" content=\"https:\/\/www.facebook.com\/clinicaclaros\" \/>\n<meta property=\"article:modified_time\" content=\"2024-06-19T10:38:46+00:00\" \/>\n<meta name=\"twitter:card\" content=\"summary_large_image\" \/>\n<meta name=\"twitter:site\" content=\"@ClinicaClaros\" \/>\n<meta name=\"twitter:label1\" content=\"\u041f\u0440\u0438\u043c\u0435\u0440\u043d\u043e\u0435 \u0432\u0440\u0435\u043c\u044f \u0434\u043b\u044f \u0447\u0442\u0435\u043d\u0438\u044f\" \/>\n\t<meta name=\"twitter:data1\" content=\"1 \u043c\u0438\u043d\u0443\u0442\u0430\" \/>\n<script type=\"application\/ld+json\" class=\"yoast-schema-graph\">{\"@context\":\"https:\/\/schema.org\",\"@graph\":[{\"@type\":\"WebPage\",\"@id\":\"https:\/\/www.clinicaclaros.com\/cirugia-de-orbita\/\",\"url\":\"https:\/\/www.clinicaclaros.com\/cirugia-de-orbita\/\",\"name\":\"Cirug\u00eda de \u00f3rbita\",\"isPartOf\":{\"@id\":\"https:\/\/www.clinicaclaros.com\/#website\"},\"datePublished\":\"2015-06-02T09:47:22+00:00\",\"dateModified\":\"2024-06-19T10:38:46+00:00\",\"description\":\"Cirug\u00eda de los tumores orbitarios, de las fracturas de la \u00f3rbita y descompresi\u00f3n de la \u00f3rbita del exoftalmo mediante cirug\u00eda endosc\u00f3pica naso-sinusal. Contacte al 93 203 12 12\",\"breadcrumb\":{\"@id\":\"https:\/\/www.clinicaclaros.com\/cirugia-de-orbita\/#breadcrumb\"},\"inLanguage\":\"ru-RU\",\"potentialAction\":[{\"@type\":\"ReadAction\",\"target\":[\"https:\/\/www.clinicaclaros.com\/cirugia-de-orbita\/\"]}]},{\"@type\":\"BreadcrumbList\",\"@id\":\"https:\/\/www.clinicaclaros.com\/cirugia-de-orbita\/#breadcrumb\",\"itemListElement\":[{\"@type\":\"ListItem\",\"position\":1,\"name\":\"Portada\",\"item\":\"https:\/\/www.clinicaclaros.com\/\"},{\"@type\":\"ListItem\",\"position\":2,\"name\":\"Cirug\u00eda de \u00f3rbita\"}]},{\"@type\":\"WebSite\",\"@id\":\"https:\/\/www.clinicaclaros.com\/#website\",\"url\":\"https:\/\/www.clinicaclaros.com\/\",\"name\":\"Cl\u00ed\u00adnica Clar\u00f3s\",\"description\":\"Otorrinolaringolog\u00eda y Cirug\u00eda Pl\u00e1stica Facial\",\"publisher\":{\"@id\":\"https:\/\/www.clinicaclaros.com\/#organization\"},\"potentialAction\":[{\"@type\":\"SearchAction\",\"target\":{\"@type\":\"EntryPoint\",\"urlTemplate\":\"https:\/\/www.clinicaclaros.com\/?s={search_term_string}\"},\"query-input\":{\"@type\":\"PropertyValueSpecification\",\"valueRequired\":true,\"valueName\":\"search_term_string\"}}],\"inLanguage\":\"ru-RU\"},{\"@type\":\"Organization\",\"@id\":\"https:\/\/www.clinicaclaros.com\/#organization\",\"name\":\"Cl\u00ednica Clar\u00f3s\",\"url\":\"https:\/\/www.clinicaclaros.com\/\",\"logo\":{\"@type\":\"ImageObject\",\"inLanguage\":\"ru-RU\",\"@id\":\"https:\/\/www.clinicaclaros.com\/#\/schema\/logo\/image\/\",\"url\":\"https:\/\/www.clinicaclaros.com\/wp-content\/uploads\/2015\/06\/logoalargadocabecera.jpg\",\"contentUrl\":\"https:\/\/www.clinicaclaros.com\/wp-content\/uploads\/2015\/06\/logoalargadocabecera.jpg\",\"width\":200,\"height\":60,\"caption\":\"Cl\u00ednica Clar\u00f3s\"},\"image\":{\"@id\":\"https:\/\/www.clinicaclaros.com\/#\/schema\/logo\/image\/\"},\"sameAs\":[\"https:\/\/www.facebook.com\/clinicaclaros\",\"https:\/\/x.com\/ClinicaClaros\",\"https:\/\/www.linkedin.com\/company\/cl\u00ednica-clar\u00f3s\",\"https:\/\/www.youtube.com\/user\/FundacioClaros\"]}]}<\/script>\n<!-- \/ Yoast SEO plugin. -->","yoast_head_json":{"title":"Cirug\u00eda de \u00f3rbita","description":"Cirug\u00eda de los tumores orbitarios, de las fracturas de la \u00f3rbita y descompresi\u00f3n de la \u00f3rbita del exoftalmo mediante cirug\u00eda endosc\u00f3pica naso-sinusal. Contacte al 93 203 12 12","robots":{"index":"index","follow":"follow","max-snippet":"max-snippet:-1","max-image-preview":"max-image-preview:large","max-video-preview":"max-video-preview:-1"},"canonical":"https:\/\/www.clinicaclaros.com\/cirugia-de-orbita\/","og_locale":"ru_RU","og_type":"article","og_title":"Cirug\u00eda de \u00f3rbita","og_description":"Cirug\u00eda de los tumores orbitarios, de las fracturas de la \u00f3rbita y descompresi\u00f3n de la \u00f3rbita del exoftalmo mediante cirug\u00eda endosc\u00f3pica naso-sinusal. Contacte al 93 203 12 12","og_url":"https:\/\/www.clinicaclaros.com\/cirugia-de-orbita\/","og_site_name":"Cl\u00ed\u00adnica Clar\u00f3s","article_publisher":"https:\/\/www.facebook.com\/clinicaclaros","article_modified_time":"2024-06-19T10:38:46+00:00","twitter_card":"summary_large_image","twitter_site":"@ClinicaClaros","twitter_misc":{"\u041f\u0440\u0438\u043c\u0435\u0440\u043d\u043e\u0435 \u0432\u0440\u0435\u043c\u044f \u0434\u043b\u044f \u0447\u0442\u0435\u043d\u0438\u044f":"1 \u043c\u0438\u043d\u0443\u0442\u0430"},"schema":{"@context":"https:\/\/schema.org","@graph":[{"@type":"WebPage","@id":"https:\/\/www.clinicaclaros.com\/cirugia-de-orbita\/","url":"https:\/\/www.clinicaclaros.com\/cirugia-de-orbita\/","name":"Cirug\u00eda de \u00f3rbita","isPartOf":{"@id":"https:\/\/www.clinicaclaros.com\/#website"},"datePublished":"2015-06-02T09:47:22+00:00","dateModified":"2024-06-19T10:38:46+00:00","description":"Cirug\u00eda de los tumores orbitarios, de las fracturas de la \u00f3rbita y descompresi\u00f3n de la \u00f3rbita del exoftalmo mediante cirug\u00eda endosc\u00f3pica naso-sinusal. Contacte al 93 203 12 12","breadcrumb":{"@id":"https:\/\/www.clinicaclaros.com\/cirugia-de-orbita\/#breadcrumb"},"inLanguage":"ru-RU","potentialAction":[{"@type":"ReadAction","target":["https:\/\/www.clinicaclaros.com\/cirugia-de-orbita\/"]}]},{"@type":"BreadcrumbList","@id":"https:\/\/www.clinicaclaros.com\/cirugia-de-orbita\/#breadcrumb","itemListElement":[{"@type":"ListItem","position":1,"name":"Portada","item":"https:\/\/www.clinicaclaros.com\/"},{"@type":"ListItem","position":2,"name":"Cirug\u00eda de \u00f3rbita"}]},{"@type":"WebSite","@id":"https:\/\/www.clinicaclaros.com\/#website","url":"https:\/\/www.clinicaclaros.com\/","name":"Cl\u00ed\u00adnica Clar\u00f3s","description":"Otorrinolaringolog\u00eda y Cirug\u00eda Pl\u00e1stica Facial","publisher":{"@id":"https:\/\/www.clinicaclaros.com\/#organization"},"potentialAction":[{"@type":"SearchAction","target":{"@type":"EntryPoint","urlTemplate":"https:\/\/www.clinicaclaros.com\/?s={search_term_string}"},"query-input":{"@type":"PropertyValueSpecification","valueRequired":true,"valueName":"search_term_string"}}],"inLanguage":"ru-RU"},{"@type":"Organization","@id":"https:\/\/www.clinicaclaros.com\/#organization","name":"Cl\u00ednica Clar\u00f3s","url":"https:\/\/www.clinicaclaros.com\/","logo":{"@type":"ImageObject","inLanguage":"ru-RU","@id":"https:\/\/www.clinicaclaros.com\/#\/schema\/logo\/image\/","url":"https:\/\/www.clinicaclaros.com\/wp-content\/uploads\/2015\/06\/logoalargadocabecera.jpg","contentUrl":"https:\/\/www.clinicaclaros.com\/wp-content\/uploads\/2015\/06\/logoalargadocabecera.jpg","width":200,"height":60,"caption":"Cl\u00ednica Clar\u00f3s"},"image":{"@id":"https:\/\/www.clinicaclaros.com\/#\/schema\/logo\/image\/"},"sameAs":["https:\/\/www.facebook.com\/clinicaclaros","https:\/\/x.com\/ClinicaClaros","https:\/\/www.linkedin.com\/company\/cl\u00ednica-clar\u00f3s","https:\/\/www.youtube.com\/user\/FundacioClaros"]}]}},"_links":{"self":[{"href":"https:\/\/www.clinicaclaros.com\/ru\/wp-json\/wp\/v2\/pages\/35731","targetHints":{"allow":["GET"]}}],"collection":[{"href":"https:\/\/www.clinicaclaros.com\/ru\/wp-json\/wp\/v2\/pages"}],"about":[{"href":"https:\/\/www.clinicaclaros.com\/ru\/wp-json\/wp\/v2\/types\/page"}],"author":[{"embeddable":true,"href":"https:\/\/www.clinicaclaros.com\/ru\/wp-json\/wp\/v2\/users\/1"}],"replies":[{"embeddable":true,"href":"https:\/\/www.clinicaclaros.com\/ru\/wp-json\/wp\/v2\/comments?post=35731"}],"version-history":[{"count":0,"href":"https:\/\/www.clinicaclaros.com\/ru\/wp-json\/wp\/v2\/pages\/35731\/revisions"}],"wp:attachment":[{"href":"https:\/\/www.clinicaclaros.com\/ru\/wp-json\/wp\/v2\/media?parent=35731"}],"curies":[{"name":"wp","href":"https:\/\/api.w.org\/{rel}","templated":true}]}}