{"id":36050,"date":"2015-07-13T08:00:49","date_gmt":"2015-07-13T08:00:49","guid":{"rendered":"http:\/\/www.clinicaclaros.com\/?page_id=36050"},"modified":"2024-06-19T10:32:32","modified_gmt":"2024-06-19T10:32:32","slug":"laser-cutaneo","status":"publish","type":"page","link":"https:\/\/www.clinicaclaros.com\/en\/laser-cutaneo\/","title":{"rendered":"Skin laser"},"content":{"rendered":"<div class=\"wpb-content-wrapper\"><p>[vc_row] [vc_column width=&#8221;2\/3&#8243;] [vc_column_text] By means of the skin laser, different pathologies can be treated, whether it is facial rejuvenation, or to remove spots on the foot, etc&#8230; [\/vc_column_text] [\/vc_column] [vc_column width=&#8221;1\/3&#8243;] [\/vc_column] [\/vc_row]<\/p>\n<\/div>","protected":false},"excerpt":{"rendered":"<p>[vc_row] [vc_column width=&#8221;2\/3&#8243;] [vc_column_text] By means of the skin laser, different pathologies can be treated, whether it is facial rejuvenation, or to remove spots on the foot, etc&#8230; [\/vc_column_text] [\/vc_column] [vc_column width=&#8221;1\/3&#8243;] [\/vc_column] [\/vc_row]<\/p>\n","protected":false},"author":1,"featured_media":0,"parent":0,"menu_order":0,"comment_status":"closed","ping_status":"closed","template":"","meta":{"_monsterinsights_skip_tracking":false,"_monsterinsights_sitenote_active":false,"_monsterinsights_sitenote_note":"","_monsterinsights_sitenote_category":0,"footnotes":""},"class_list":["post-36050","page","type-page","status-publish","hentry","description-off"],"yoast_head":"<!-- This site is optimized with the Yoast SEO plugin v27.2 - https:\/\/yoast.com\/product\/yoast-seo-wordpress\/ -->\n<title>L\u00e1ser cut\u00e1neo en Cl\u00ednica Clar\u00f3s<\/title>\n<meta name=\"description\" content=\"Rejuvenecimiento facial mediante el l\u00e1ser cutaneo. Manchas en la piel. Pide m\u00e1s informaci\u00f3n llamando al 93 203 12 12\" \/>\n<meta name=\"robots\" content=\"index, follow, max-snippet:-1, max-image-preview:large, max-video-preview:-1\" \/>\n<link rel=\"canonical\" href=\"https:\/\/www.clinicaclaros.com\/laser-cutaneo\/\" \/>\n<meta property=\"og:locale\" content=\"en_US\" \/>\n<meta property=\"og:type\" content=\"article\" \/>\n<meta property=\"og:title\" content=\"L\u00e1ser cut\u00e1neo en Cl\u00ednica Clar\u00f3s\" \/>\n<meta property=\"og:description\" content=\"Rejuvenecimiento facial mediante el l\u00e1ser cutaneo. Manchas en la piel. Pide m\u00e1s informaci\u00f3n llamando al 93 203 12 12\" \/>\n<meta property=\"og:url\" content=\"https:\/\/www.clinicaclaros.com\/laser-cutaneo\/\" \/>\n<meta property=\"og:site_name\" content=\"Cl\u00ed\u00adnica Clar\u00f3s\" \/>\n<meta property=\"article:publisher\" content=\"https:\/\/www.facebook.com\/clinicaclaros\" \/>\n<meta property=\"article:modified_time\" content=\"2024-06-19T10:32:32+00:00\" \/>\n<meta name=\"twitter:card\" content=\"summary_large_image\" \/>\n<meta name=\"twitter:site\" content=\"@ClinicaClaros\" \/>\n<meta name=\"twitter:label1\" content=\"Est. reading time\" \/>\n\t<meta name=\"twitter:data1\" content=\"1 minute\" \/>\n<script type=\"application\/ld+json\" class=\"yoast-schema-graph\">{\"@context\":\"https:\/\/schema.org\",\"@graph\":[{\"@type\":\"WebPage\",\"@id\":\"https:\/\/www.clinicaclaros.com\/laser-cutaneo\/\",\"url\":\"https:\/\/www.clinicaclaros.com\/laser-cutaneo\/\",\"name\":\"L\u00e1ser cut\u00e1neo en Cl\u00ednica Clar\u00f3s\",\"isPartOf\":{\"@id\":\"https:\/\/www.clinicaclaros.com\/#website\"},\"datePublished\":\"2015-07-13T08:00:49+00:00\",\"dateModified\":\"2024-06-19T10:32:32+00:00\",\"description\":\"Rejuvenecimiento facial mediante el l\u00e1ser cutaneo. Manchas en la piel. Pide m\u00e1s informaci\u00f3n llamando al 93 203 12 12\",\"breadcrumb\":{\"@id\":\"https:\/\/www.clinicaclaros.com\/laser-cutaneo\/#breadcrumb\"},\"inLanguage\":\"en-US\",\"potentialAction\":[{\"@type\":\"ReadAction\",\"target\":[\"https:\/\/www.clinicaclaros.com\/laser-cutaneo\/\"]}]},{\"@type\":\"BreadcrumbList\",\"@id\":\"https:\/\/www.clinicaclaros.com\/laser-cutaneo\/#breadcrumb\",\"itemListElement\":[{\"@type\":\"ListItem\",\"position\":1,\"name\":\"Portada\",\"item\":\"https:\/\/www.clinicaclaros.com\/\"},{\"@type\":\"ListItem\",\"position\":2,\"name\":\"L\u00e1ser cut\u00e1neo\"}]},{\"@type\":\"WebSite\",\"@id\":\"https:\/\/www.clinicaclaros.com\/#website\",\"url\":\"https:\/\/www.clinicaclaros.com\/\",\"name\":\"Cl\u00ed\u00adnica Clar\u00f3s\",\"description\":\"Otorrinolaringolog\u00eda y Cirug\u00eda Pl\u00e1stica Facial\",\"publisher\":{\"@id\":\"https:\/\/www.clinicaclaros.com\/#organization\"},\"potentialAction\":[{\"@type\":\"SearchAction\",\"target\":{\"@type\":\"EntryPoint\",\"urlTemplate\":\"https:\/\/www.clinicaclaros.com\/?s={search_term_string}\"},\"query-input\":{\"@type\":\"PropertyValueSpecification\",\"valueRequired\":true,\"valueName\":\"search_term_string\"}}],\"inLanguage\":\"en-US\"},{\"@type\":\"Organization\",\"@id\":\"https:\/\/www.clinicaclaros.com\/#organization\",\"name\":\"Cl\u00ednica Clar\u00f3s\",\"url\":\"https:\/\/www.clinicaclaros.com\/\",\"logo\":{\"@type\":\"ImageObject\",\"inLanguage\":\"en-US\",\"@id\":\"https:\/\/www.clinicaclaros.com\/#\/schema\/logo\/image\/\",\"url\":\"https:\/\/www.clinicaclaros.com\/wp-content\/uploads\/2015\/06\/logoalargadocabecera.jpg\",\"contentUrl\":\"https:\/\/www.clinicaclaros.com\/wp-content\/uploads\/2015\/06\/logoalargadocabecera.jpg\",\"width\":200,\"height\":60,\"caption\":\"Cl\u00ednica Clar\u00f3s\"},\"image\":{\"@id\":\"https:\/\/www.clinicaclaros.com\/#\/schema\/logo\/image\/\"},\"sameAs\":[\"https:\/\/www.facebook.com\/clinicaclaros\",\"https:\/\/x.com\/ClinicaClaros\",\"https:\/\/www.linkedin.com\/company\/cl\u00ednica-clar\u00f3s\",\"https:\/\/www.youtube.com\/user\/FundacioClaros\"]}]}<\/script>\n<!-- \/ Yoast SEO plugin. -->","yoast_head_json":{"title":"L\u00e1ser cut\u00e1neo en Cl\u00ednica Clar\u00f3s","description":"Rejuvenecimiento facial mediante el l\u00e1ser cutaneo. Manchas en la piel. Pide m\u00e1s informaci\u00f3n llamando al 93 203 12 12","robots":{"index":"index","follow":"follow","max-snippet":"max-snippet:-1","max-image-preview":"max-image-preview:large","max-video-preview":"max-video-preview:-1"},"canonical":"https:\/\/www.clinicaclaros.com\/laser-cutaneo\/","og_locale":"en_US","og_type":"article","og_title":"L\u00e1ser cut\u00e1neo en Cl\u00ednica Clar\u00f3s","og_description":"Rejuvenecimiento facial mediante el l\u00e1ser cutaneo. Manchas en la piel. Pide m\u00e1s informaci\u00f3n llamando al 93 203 12 12","og_url":"https:\/\/www.clinicaclaros.com\/laser-cutaneo\/","og_site_name":"Cl\u00ed\u00adnica Clar\u00f3s","article_publisher":"https:\/\/www.facebook.com\/clinicaclaros","article_modified_time":"2024-06-19T10:32:32+00:00","twitter_card":"summary_large_image","twitter_site":"@ClinicaClaros","twitter_misc":{"Est. reading time":"1 minute"},"schema":{"@context":"https:\/\/schema.org","@graph":[{"@type":"WebPage","@id":"https:\/\/www.clinicaclaros.com\/laser-cutaneo\/","url":"https:\/\/www.clinicaclaros.com\/laser-cutaneo\/","name":"L\u00e1ser cut\u00e1neo en Cl\u00ednica Clar\u00f3s","isPartOf":{"@id":"https:\/\/www.clinicaclaros.com\/#website"},"datePublished":"2015-07-13T08:00:49+00:00","dateModified":"2024-06-19T10:32:32+00:00","description":"Rejuvenecimiento facial mediante el l\u00e1ser cutaneo. Manchas en la piel. Pide m\u00e1s informaci\u00f3n llamando al 93 203 12 12","breadcrumb":{"@id":"https:\/\/www.clinicaclaros.com\/laser-cutaneo\/#breadcrumb"},"inLanguage":"en-US","potentialAction":[{"@type":"ReadAction","target":["https:\/\/www.clinicaclaros.com\/laser-cutaneo\/"]}]},{"@type":"BreadcrumbList","@id":"https:\/\/www.clinicaclaros.com\/laser-cutaneo\/#breadcrumb","itemListElement":[{"@type":"ListItem","position":1,"name":"Portada","item":"https:\/\/www.clinicaclaros.com\/"},{"@type":"ListItem","position":2,"name":"L\u00e1ser cut\u00e1neo"}]},{"@type":"WebSite","@id":"https:\/\/www.clinicaclaros.com\/#website","url":"https:\/\/www.clinicaclaros.com\/","name":"Cl\u00ed\u00adnica Clar\u00f3s","description":"Otorrinolaringolog\u00eda y Cirug\u00eda Pl\u00e1stica Facial","publisher":{"@id":"https:\/\/www.clinicaclaros.com\/#organization"},"potentialAction":[{"@type":"SearchAction","target":{"@type":"EntryPoint","urlTemplate":"https:\/\/www.clinicaclaros.com\/?s={search_term_string}"},"query-input":{"@type":"PropertyValueSpecification","valueRequired":true,"valueName":"search_term_string"}}],"inLanguage":"en-US"},{"@type":"Organization","@id":"https:\/\/www.clinicaclaros.com\/#organization","name":"Cl\u00ednica Clar\u00f3s","url":"https:\/\/www.clinicaclaros.com\/","logo":{"@type":"ImageObject","inLanguage":"en-US","@id":"https:\/\/www.clinicaclaros.com\/#\/schema\/logo\/image\/","url":"https:\/\/www.clinicaclaros.com\/wp-content\/uploads\/2015\/06\/logoalargadocabecera.jpg","contentUrl":"https:\/\/www.clinicaclaros.com\/wp-content\/uploads\/2015\/06\/logoalargadocabecera.jpg","width":200,"height":60,"caption":"Cl\u00ednica Clar\u00f3s"},"image":{"@id":"https:\/\/www.clinicaclaros.com\/#\/schema\/logo\/image\/"},"sameAs":["https:\/\/www.facebook.com\/clinicaclaros","https:\/\/x.com\/ClinicaClaros","https:\/\/www.linkedin.com\/company\/cl\u00ednica-clar\u00f3s","https:\/\/www.youtube.com\/user\/FundacioClaros"]}]}},"_links":{"self":[{"href":"https:\/\/www.clinicaclaros.com\/en\/wp-json\/wp\/v2\/pages\/36050","targetHints":{"allow":["GET"]}}],"collection":[{"href":"https:\/\/www.clinicaclaros.com\/en\/wp-json\/wp\/v2\/pages"}],"about":[{"href":"https:\/\/www.clinicaclaros.com\/en\/wp-json\/wp\/v2\/types\/page"}],"author":[{"embeddable":true,"href":"https:\/\/www.clinicaclaros.com\/en\/wp-json\/wp\/v2\/users\/1"}],"replies":[{"embeddable":true,"href":"https:\/\/www.clinicaclaros.com\/en\/wp-json\/wp\/v2\/comments?post=36050"}],"version-history":[{"count":0,"href":"https:\/\/www.clinicaclaros.com\/en\/wp-json\/wp\/v2\/pages\/36050\/revisions"}],"wp:attachment":[{"href":"https:\/\/www.clinicaclaros.com\/en\/wp-json\/wp\/v2\/media?parent=36050"}],"curies":[{"name":"wp","href":"https:\/\/api.w.org\/{rel}","templated":true}]}}