{"id":35722,"date":"2015-06-02T09:27:17","date_gmt":"2015-06-02T09:27:17","guid":{"rendered":"http:\/\/www.clinicaclaros.com\/?page_id=35722"},"modified":"2024-06-19T10:28:09","modified_gmt":"2024-06-19T10:28:09","slug":"otoplastia","status":"publish","type":"page","link":"https:\/\/www.clinicaclaros.com\/en\/otoplastia\/","title":{"rendered":"Otoplasty"},"content":{"rendered":"<div class=\"wpb-content-wrapper\"><p>[vc_row margin_top=&#8221;0&#8243; margin_bottom=&#8221;0&#8243;] [vc_column width=&#8221;2\/3&#8243; animation=&#8221;&#8221;] [vc_column_text]<\/p>\n<h3>What is <strong>Otoplasty (big ears)<\/strong>?<\/h3>\n<p><strong>Pavilion Surgery<\/strong><br \/>\nProtruding ears require quick plastic surgery.<br \/>\nThis surgery should be performed at an age when the ears are already formed, that is, around 5 or 6 years old.<br \/>\nAdults may also benefit from this surgery.<\/p>\n<h3>Is <strong>Otoplasty<\/strong> a procedure right for you?<\/h3>\n<p>The important thing for the success of the <strong>otoplasty<\/strong> is that the ears are proportionate to the size and shape of the face and head.<br \/>\nWhen a child is going to have a <strong>otoplasty<\/strong>, parents should be convinced that it is in their child&#8217;s best interest.<br \/>\nAge is very important. If surgery is performed at an early age, there are two factors to consider: cartilage is very malleable, allowing it to be shaped properly, and the child experiences the psychological benefits of improved appearance.<\/p>\n<h3>How the surgery is performed<\/h3>\n<p>The Z-plasty technique is a method of moving a <strong>scar<\/strong> from one area to another, usually in a natural fold of the skin to minimize its visibility. Although the Z-technique does not completely remove the scar, it makes it less visible.<br \/>\nWith dermabrasion and laser, it is possible to remove the <strong>scar<\/strong> bump, removing part of the layers of the skin with a scraper or with the laser beam. As with all scars, it is not removed but becomes less visible.<br \/>\nKeloids and hypertrophic <strong>scars<\/strong> are first treated with local injections of corticosteroids to reduce their size. If this method is not satisfactory, the scars are surgically removed, and the incisions are closed with fine sutures resulting in less visibility.<\/p>\n<h3>What to expect after surgery<\/h3>\n<p>Swelling, bruising, and redness are usually unavoidable. It is very important to follow the surgeon&#8217;s instructions. Although the suture is removed within a few days of surgery, your skin needs time to heal.<\/p>\n<p>You have to remember that <strong>scars<\/strong> take about 1 year to complete and get the best look. [\/vc_column_text] [\/vc_column] [vc_column width=&#8221;1\/3&#8243; animation=&#8221;&#8221;] <div class=\"twentytwenty-container\" data-orientation=\"horizontal\" data-offset=\"0.5\"><img loading=\"lazy\" decoding=\"async\" class=\"preload-me\" src=\"https:\/\/www.clinicaclaros.com\/wp-content\/uploads\/2015\/06\/pre-otoplastia.png\" width=\"500\" height=\"480\"  title=\"pre otoplastia\" alt=\"\"><img loading=\"lazy\" decoding=\"async\" class=\"preload-me\" src=\"https:\/\/www.clinicaclaros.com\/wp-content\/uploads\/2015\/06\/post-otoplastia.png\" width=\"500\" height=\"479\"  title=\"post otoplastia\" alt=\"orejas grandes\"><\/div> <div class=\"twentytwenty-container\" data-orientation=\"horizontal\" data-offset=\"0.5\"><\/div> [\/vc_column] [\/vc_row]<br \/>\n<\/p>\n<\/div>","protected":false},"excerpt":{"rendered":"<p>[vc_row margin_top=&#8221;0&#8243; margin_bottom=&#8221;0&#8243;] [vc_column width=&#8221;2\/3&#8243; animation=&#8221;&#8221;] [vc_column_text] What is Otoplasty (big ears)? Pavilion Surgery Protruding ears require quick plastic surgery. This surgery should be performed at an age when the ears are already formed, that is, around 5 or 6 years old. Adults may also benefit from this surgery. Is Otoplasty a procedure right for&hellip;<\/p>\n","protected":false},"author":1,"featured_media":0,"parent":0,"menu_order":0,"comment_status":"closed","ping_status":"closed","template":"","meta":{"_monsterinsights_skip_tracking":false,"_monsterinsights_sitenote_active":false,"_monsterinsights_sitenote_note":"","_monsterinsights_sitenote_category":0,"footnotes":""},"class_list":["post-35722","page","type-page","status-publish","hentry","description-off"],"yoast_head":"<!-- This site is optimized with the Yoast SEO plugin v27.2 - https:\/\/yoast.com\/product\/yoast-seo-wordpress\/ -->\n<title>Otoplasty (orejas grandes) - Cl\u00ed\u00adnica Clar\u00f3s<\/title>\n<meta name=\"description\" content=\"Que es la otoplastia. Operarse de orejas grandes y de malformaciones de orejas. Contacte con nosotros al n\u00famero 93 203 12 12\" \/>\n<meta name=\"robots\" content=\"index, follow, max-snippet:-1, max-image-preview:large, max-video-preview:-1\" \/>\n<link rel=\"canonical\" href=\"https:\/\/www.clinicaclaros.com\/otoplastia\/\" \/>\n<meta property=\"og:locale\" content=\"en_US\" \/>\n<meta property=\"og:type\" content=\"article\" \/>\n<meta property=\"og:title\" content=\"[:es]Otoplastia[:en]Otoplasty[:] (orejas grandes) - Cl\u00ed\u00adnica Clar\u00f3s\" \/>\n<meta property=\"og:description\" content=\"Que es la otoplastia. Operarse de orejas grandes y de malformaciones de orejas. Contacte con nosotros al n\u00famero 93 203 12 12\" \/>\n<meta property=\"og:url\" content=\"https:\/\/www.clinicaclaros.com\/otoplastia\/\" \/>\n<meta property=\"og:site_name\" content=\"Cl\u00ed\u00adnica Clar\u00f3s\" \/>\n<meta property=\"article:publisher\" content=\"https:\/\/www.facebook.com\/clinicaclaros\" \/>\n<meta property=\"article:modified_time\" content=\"2024-06-19T10:28:09+00:00\" \/>\n<meta name=\"twitter:card\" content=\"summary_large_image\" \/>\n<meta name=\"twitter:site\" content=\"@ClinicaClaros\" \/>\n<meta name=\"twitter:label1\" content=\"Est. reading time\" \/>\n\t<meta name=\"twitter:data1\" content=\"2 minutes\" \/>\n<script type=\"application\/ld+json\" class=\"yoast-schema-graph\">{\"@context\":\"https:\/\/schema.org\",\"@graph\":[{\"@type\":\"WebPage\",\"@id\":\"https:\/\/www.clinicaclaros.com\/otoplastia\/\",\"url\":\"https:\/\/www.clinicaclaros.com\/otoplastia\/\",\"name\":\"[:es]Otoplastia[:en]Otoplasty[:] (orejas grandes) - Cl\u00ed\u00adnica Clar\u00f3s\",\"isPartOf\":{\"@id\":\"https:\/\/www.clinicaclaros.com\/#website\"},\"datePublished\":\"2015-06-02T09:27:17+00:00\",\"dateModified\":\"2024-06-19T10:28:09+00:00\",\"description\":\"Que es la otoplastia. Operarse de orejas grandes y de malformaciones de orejas. Contacte con nosotros al n\u00famero 93 203 12 12\",\"breadcrumb\":{\"@id\":\"https:\/\/www.clinicaclaros.com\/otoplastia\/#breadcrumb\"},\"inLanguage\":\"en-US\",\"potentialAction\":[{\"@type\":\"ReadAction\",\"target\":[\"https:\/\/www.clinicaclaros.com\/otoplastia\/\"]}]},{\"@type\":\"BreadcrumbList\",\"@id\":\"https:\/\/www.clinicaclaros.com\/otoplastia\/#breadcrumb\",\"itemListElement\":[{\"@type\":\"ListItem\",\"position\":1,\"name\":\"Portada\",\"item\":\"https:\/\/www.clinicaclaros.com\/\"},{\"@type\":\"ListItem\",\"position\":2,\"name\":\"Otoplastia\"}]},{\"@type\":\"WebSite\",\"@id\":\"https:\/\/www.clinicaclaros.com\/#website\",\"url\":\"https:\/\/www.clinicaclaros.com\/\",\"name\":\"Cl\u00ed\u00adnica Clar\u00f3s\",\"description\":\"Otorrinolaringolog\u00eda y Cirug\u00eda Pl\u00e1stica Facial\",\"publisher\":{\"@id\":\"https:\/\/www.clinicaclaros.com\/#organization\"},\"potentialAction\":[{\"@type\":\"SearchAction\",\"target\":{\"@type\":\"EntryPoint\",\"urlTemplate\":\"https:\/\/www.clinicaclaros.com\/?s={search_term_string}\"},\"query-input\":{\"@type\":\"PropertyValueSpecification\",\"valueRequired\":true,\"valueName\":\"search_term_string\"}}],\"inLanguage\":\"en-US\"},{\"@type\":\"Organization\",\"@id\":\"https:\/\/www.clinicaclaros.com\/#organization\",\"name\":\"Cl\u00ednica Clar\u00f3s\",\"url\":\"https:\/\/www.clinicaclaros.com\/\",\"logo\":{\"@type\":\"ImageObject\",\"inLanguage\":\"en-US\",\"@id\":\"https:\/\/www.clinicaclaros.com\/#\/schema\/logo\/image\/\",\"url\":\"https:\/\/www.clinicaclaros.com\/wp-content\/uploads\/2015\/06\/logoalargadocabecera.jpg\",\"contentUrl\":\"https:\/\/www.clinicaclaros.com\/wp-content\/uploads\/2015\/06\/logoalargadocabecera.jpg\",\"width\":200,\"height\":60,\"caption\":\"Cl\u00ednica Clar\u00f3s\"},\"image\":{\"@id\":\"https:\/\/www.clinicaclaros.com\/#\/schema\/logo\/image\/\"},\"sameAs\":[\"https:\/\/www.facebook.com\/clinicaclaros\",\"https:\/\/x.com\/ClinicaClaros\",\"https:\/\/www.linkedin.com\/company\/cl\u00ednica-clar\u00f3s\",\"https:\/\/www.youtube.com\/user\/FundacioClaros\"]}]}<\/script>\n<!-- \/ Yoast SEO plugin. -->","yoast_head_json":{"title":"[:es]Otoplastia[:en]Otoplasty[:] (orejas grandes) - Cl\u00ed\u00adnica Clar\u00f3s","description":"Que es la otoplastia. Operarse de orejas grandes y de malformaciones de orejas. Contacte con nosotros al n\u00famero 93 203 12 12","robots":{"index":"index","follow":"follow","max-snippet":"max-snippet:-1","max-image-preview":"max-image-preview:large","max-video-preview":"max-video-preview:-1"},"canonical":"https:\/\/www.clinicaclaros.com\/otoplastia\/","og_locale":"en_US","og_type":"article","og_title":"[:es]Otoplastia[:en]Otoplasty[:] (orejas grandes) - Cl\u00ed\u00adnica Clar\u00f3s","og_description":"Que es la otoplastia. Operarse de orejas grandes y de malformaciones de orejas. Contacte con nosotros al n\u00famero 93 203 12 12","og_url":"https:\/\/www.clinicaclaros.com\/otoplastia\/","og_site_name":"Cl\u00ed\u00adnica Clar\u00f3s","article_publisher":"https:\/\/www.facebook.com\/clinicaclaros","article_modified_time":"2024-06-19T10:28:09+00:00","twitter_card":"summary_large_image","twitter_site":"@ClinicaClaros","twitter_misc":{"Est. reading time":"2 minutes"},"schema":{"@context":"https:\/\/schema.org","@graph":[{"@type":"WebPage","@id":"https:\/\/www.clinicaclaros.com\/otoplastia\/","url":"https:\/\/www.clinicaclaros.com\/otoplastia\/","name":"[:es]Otoplastia[:en]Otoplasty[:] (orejas grandes) - Cl\u00ed\u00adnica Clar\u00f3s","isPartOf":{"@id":"https:\/\/www.clinicaclaros.com\/#website"},"datePublished":"2015-06-02T09:27:17+00:00","dateModified":"2024-06-19T10:28:09+00:00","description":"Que es la otoplastia. Operarse de orejas grandes y de malformaciones de orejas. Contacte con nosotros al n\u00famero 93 203 12 12","breadcrumb":{"@id":"https:\/\/www.clinicaclaros.com\/otoplastia\/#breadcrumb"},"inLanguage":"en-US","potentialAction":[{"@type":"ReadAction","target":["https:\/\/www.clinicaclaros.com\/otoplastia\/"]}]},{"@type":"BreadcrumbList","@id":"https:\/\/www.clinicaclaros.com\/otoplastia\/#breadcrumb","itemListElement":[{"@type":"ListItem","position":1,"name":"Portada","item":"https:\/\/www.clinicaclaros.com\/"},{"@type":"ListItem","position":2,"name":"Otoplastia"}]},{"@type":"WebSite","@id":"https:\/\/www.clinicaclaros.com\/#website","url":"https:\/\/www.clinicaclaros.com\/","name":"Cl\u00ed\u00adnica Clar\u00f3s","description":"Otorrinolaringolog\u00eda y Cirug\u00eda Pl\u00e1stica Facial","publisher":{"@id":"https:\/\/www.clinicaclaros.com\/#organization"},"potentialAction":[{"@type":"SearchAction","target":{"@type":"EntryPoint","urlTemplate":"https:\/\/www.clinicaclaros.com\/?s={search_term_string}"},"query-input":{"@type":"PropertyValueSpecification","valueRequired":true,"valueName":"search_term_string"}}],"inLanguage":"en-US"},{"@type":"Organization","@id":"https:\/\/www.clinicaclaros.com\/#organization","name":"Cl\u00ednica Clar\u00f3s","url":"https:\/\/www.clinicaclaros.com\/","logo":{"@type":"ImageObject","inLanguage":"en-US","@id":"https:\/\/www.clinicaclaros.com\/#\/schema\/logo\/image\/","url":"https:\/\/www.clinicaclaros.com\/wp-content\/uploads\/2015\/06\/logoalargadocabecera.jpg","contentUrl":"https:\/\/www.clinicaclaros.com\/wp-content\/uploads\/2015\/06\/logoalargadocabecera.jpg","width":200,"height":60,"caption":"Cl\u00ednica Clar\u00f3s"},"image":{"@id":"https:\/\/www.clinicaclaros.com\/#\/schema\/logo\/image\/"},"sameAs":["https:\/\/www.facebook.com\/clinicaclaros","https:\/\/x.com\/ClinicaClaros","https:\/\/www.linkedin.com\/company\/cl\u00ednica-clar\u00f3s","https:\/\/www.youtube.com\/user\/FundacioClaros"]}]}},"_links":{"self":[{"href":"https:\/\/www.clinicaclaros.com\/en\/wp-json\/wp\/v2\/pages\/35722","targetHints":{"allow":["GET"]}}],"collection":[{"href":"https:\/\/www.clinicaclaros.com\/en\/wp-json\/wp\/v2\/pages"}],"about":[{"href":"https:\/\/www.clinicaclaros.com\/en\/wp-json\/wp\/v2\/types\/page"}],"author":[{"embeddable":true,"href":"https:\/\/www.clinicaclaros.com\/en\/wp-json\/wp\/v2\/users\/1"}],"replies":[{"embeddable":true,"href":"https:\/\/www.clinicaclaros.com\/en\/wp-json\/wp\/v2\/comments?post=35722"}],"version-history":[{"count":0,"href":"https:\/\/www.clinicaclaros.com\/en\/wp-json\/wp\/v2\/pages\/35722\/revisions"}],"wp:attachment":[{"href":"https:\/\/www.clinicaclaros.com\/en\/wp-json\/wp\/v2\/media?parent=35722"}],"curies":[{"name":"wp","href":"https:\/\/api.w.org\/{rel}","templated":true}]}}