{"id":35718,"date":"2015-06-02T09:21:17","date_gmt":"2015-06-02T09:21:17","guid":{"rendered":"http:\/\/www.clinicaclaros.com\/?page_id=35718"},"modified":"2024-06-19T10:16:28","modified_gmt":"2024-06-19T10:16:28","slug":"blefaroplastia","status":"publish","type":"page","link":"https:\/\/www.clinicaclaros.com\/en\/blefaroplastia\/","title":{"rendered":"Blepharoplasty"},"content":{"rendered":"<div class=\"wpb-content-wrapper\"><p>[vc_row margin_top=&#8221;0&#8243; margin_bottom=&#8221;0&#8243;] [vc_column width=&#8221;2\/3&#8243;] [vc_column_text]<\/p>\n<h3>\u25baWHAT IS BLEPHAROPLASTY?<\/h3>\n<p>Eyelid surgery.<\/p>\n<p>Men and women currently choose the practice of blepharoplasty to improve their appearance. Droopy eyelids can make you look older and can also obstruct your ability to see. Blepharoplasty can correct these problems and also removes bags that form under your eyes and cause you to look tired. This procedure does not modify dark circles, fine lines, or wrinkles around the eyes, nor does it modify the position of the eyebrows. Although blepharoplasty is often performed as a one-time procedure, it may be advisable to practice a brow lift, rhytidectomy, or some treatment on the skin of your face for best results.<\/p>\n<p>Successful facial plastic surgery is the result of a good doctor-patient relationship. Trust is based on realistic expectations and the development of a good experience during pre-surgery consultations. Your surgeon can answer specific questions about your particular needs.<\/p>\n<h3>\u25baARE YOU A CANDIDATE FOR BLEPHAROPLASTY?<\/h3>\n<p>As with all facial plastic surgery, good health and realistic expectations are prerequisites. Blepharoplasty removes excess fat, muscle, and skin from the upper and lower eyelids. The results can refresh your appearance by rejuvenating and firming the tissues in the area.<\/p>\n<p><a class=\"dt-pswp-item\" href=\"https:\/\/www.clinicaclaros.com\/wp-content\/uploads\/2021\/03\/blefaro4.jpg\" data-dt-img-description=\"\" data-large_image_width=\"720\" data-large_image_height=\"519\"><img loading=\"lazy\" decoding=\"async\" class=\"aligncenter wp-image-48206\" src=\"https:\/\/www.clinicaclaros.com\/wp-content\/uploads\/2021\/03\/blefaro4.jpg\" alt=\"\" width=\"309\" height=\"223\" srcset=\"https:\/\/www.clinicaclaros.com\/wp-content\/uploads\/2021\/03\/blefaro4.jpg 720w, https:\/\/www.clinicaclaros.com\/wp-content\/uploads\/2021\/03\/blefaro4-300x216.jpg 300w\" sizes=\"auto, (max-width: 309px) 100vw, 309px\" \/><\/a><\/p>\n<p>The surgeon will assess if there are any circumstances in your health that advise against this procedure, and will tell you if there are additional needs or complementary surgery that helps increase the degree of success. If you think it is appropriate, you may recommend a simultaneous frontoplasty to correct drooping eyebrows and forehead laxity, or a skin treatment to remove fine lines and some wrinkles.<\/p>\n<h3>\u25baHOW TO DECIDE TO HAVE A BLEPHAROPLASTY?<\/h3>\n<p>When surgery is desirable for functional or aesthetic purposes, choosing a qualified facial plastic surgeon is of the utmost importance. The patient must also commit to carrying out the surgeon&#8217;s pre- and postoperative indications.<\/p>\n<p>During the preoperative consultation, your surgeon will explain what you should expect from the operation and take a complete medical history. It is important to assess factors such as age, skin type, ethnic features and the degree of obstruction that the eyelids cause to their visual capacity. Moreover, it is important that you find an open and honest attitude to the exchange of impressions with your surgeon, which can re-establish the foundations of a successful outcome.<\/p>\n<h3>\u25baHOW IS THE SURGERY PERFORMED?<\/h3>\n<p>A mark is made on the upper eyelid in the existing folds in order to make the incisions and create scars that are as invisible as possible. The incision is made and excess fat, muscle and redundant skin are removed. The wound is closed with fine sutures in order to minimize the visibility of the scar.<\/p>\n<p><a class=\"dt-pswp-item\" href=\"https:\/\/www.clinicaclaros.com\/wp-content\/uploads\/2021\/03\/blefaro2.jpg\" data-dt-img-description=\"\" data-large_image_width=\"615\" data-large_image_height=\"390\"><img loading=\"lazy\" decoding=\"async\" class=\"aligncenter wp-image-48207\" src=\"https:\/\/www.clinicaclaros.com\/wp-content\/uploads\/2021\/03\/blefaro2.jpg\" alt=\"\" width=\"214\" height=\"136\" srcset=\"https:\/\/www.clinicaclaros.com\/wp-content\/uploads\/2021\/03\/blefaro2.jpg 615w, https:\/\/www.clinicaclaros.com\/wp-content\/uploads\/2021\/03\/blefaro2-300x190.jpg 300w\" sizes=\"auto, (max-width: 214px) 100vw, 214px\" \/><\/a>In the lower eyelid, the incision is made in a discreet place near the lash line, ensuring that Match a fine line that is triggered during the smile. Subsequently, excess fat, muscle, and skin are removed. The tissues are rearranged and the wound is sutured with thin material. When bags are caused only by excess fat, they can be corrected by transconjunctival blepharoplasty. The incision in this case is made inside the lower eyelid, that is, the conjunctiva. When this type of incision is sutured, the material used is absorbable and invisible to the eye.<\/p>\n<h3><a class=\"dt-pswp-item\" href=\"https:\/\/www.clinicaclaros.com\/wp-content\/uploads\/2021\/03\/blefaro3.jpg\" data-dt-img-description=\"\" data-large_image_width=\"588\" data-large_image_height=\"412\"><img loading=\"lazy\" decoding=\"async\" class=\"aligncenter wp-image-48208\" src=\"https:\/\/www.clinicaclaros.com\/wp-content\/uploads\/2021\/03\/blefaro3.jpg\" alt=\"\" width=\"225\" height=\"158\" srcset=\"https:\/\/www.clinicaclaros.com\/wp-content\/uploads\/2021\/03\/blefaro3.jpg 588w, https:\/\/www.clinicaclaros.com\/wp-content\/uploads\/2021\/03\/blefaro3-300x210.jpg 300w\" sizes=\"auto, (max-width: 225px) 100vw, 225px\" \/><\/a>\u25ba WHAT TO EXPECT AFTER SURGERY<\/h3>\n<p>Right after surgery, your surgeon may apply small, sterile bands over the operated area. This is not required in the case of a transconjunctival approach. It may not be necessary to cover the eyes completely; however, some ointments are recommended to prevent dryness. A certain degree of inflammation is normal. Cold compresses and elevation of the head while lying down can aid in speedy recovery, as well as the use of inflammatory painkillers. During the first two weeks you should clean the eyelids which will be sticky, dry and irritated. A few eye drops may be recommended. Your surgeon will list activities and environments to avoid in the first few weeks postoperatively. The sutures will be removed in the first five days after the operation, except for self-absorbing sutures if they have been used. Facial plastic surgery makes it possible to correct many facial defects and signs of premature aging that can affect your self-esteem. By changing your appearance, facial plastic surgery helps to improve many sensations about yourself.<\/p>\n<p>Insurance generally does not cover surgery performed for purely cosmetic purposes. Surgery to improve obstructive visual problems caused by redundant eyelids or surgery for eyelid deformities or trauma may be reimbursable in part or in full. It is each patient&#8217;s responsibility to review the individual conditions of their insurance. [\/vc_column_text] [\/vc_column] [vc_column width=&#8221;1\/3&#8243;] <div class=\"twentytwenty-container\" data-orientation=\"horizontal\" data-offset=\"0.5\"><img loading=\"lazy\" decoding=\"async\" class=\"preload-me\" src=\"https:\/\/www.clinicaclaros.com\/wp-content\/uploads\/2015\/06\/blefaroplastia.jpg\" width=\"500\" height=\"292\"  title=\"blefaroplastia\" alt=\"\"><img loading=\"lazy\" decoding=\"async\" class=\"preload-me\" src=\"https:\/\/www.clinicaclaros.com\/wp-content\/uploads\/2015\/06\/blefaroplastia.jpg\" width=\"500\" height=\"292\"  title=\"blefaroplastia\" alt=\"\"><\/div> [\/vc_column] [\/vc_row]<\/p>\n<\/div>","protected":false},"excerpt":{"rendered":"<p>[vc_row margin_top=&#8221;0&#8243; margin_bottom=&#8221;0&#8243;] [vc_column width=&#8221;2\/3&#8243;] [vc_column_text] \u25baWHAT IS BLEPHAROPLASTY? Eyelid surgery. Men and women currently choose the practice of blepharoplasty to improve their appearance. Droopy eyelids can make you look older and can also obstruct your ability to see. Blepharoplasty can correct these problems and also removes bags that form under your eyes and cause&hellip;<\/p>\n","protected":false},"author":1,"featured_media":0,"parent":0,"menu_order":0,"comment_status":"closed","ping_status":"closed","template":"","meta":{"_monsterinsights_skip_tracking":false,"_monsterinsights_sitenote_active":false,"_monsterinsights_sitenote_note":"","_monsterinsights_sitenote_category":0,"footnotes":""},"class_list":["post-35718","page","type-page","status-publish","hentry","description-off"],"yoast_head":"<!-- This site is optimized with the Yoast SEO plugin v27.4 - https:\/\/yoast.com\/product\/yoast-seo-wordpress\/ -->\n<title>Blefaroplastia en Barcelona - Cl\u00ed\u00adnica Clar\u00f3s, siempre a su servicio.<\/title>\n<meta name=\"description\" content=\"Expertos en blefaroplastia en Barcelona. Cirug\u00eda de los p\u00e1rpados, por nuestro equipo m\u00e9dico altamente cualificado.\" \/>\n<meta name=\"robots\" content=\"index, follow, max-snippet:-1, max-image-preview:large, max-video-preview:-1\" \/>\n<link rel=\"canonical\" href=\"https:\/\/www.clinicaclaros.com\/blefaroplastia\/\" \/>\n<meta property=\"og:locale\" content=\"en_US\" \/>\n<meta property=\"og:type\" content=\"article\" \/>\n<meta property=\"og:title\" content=\"Blefaroplastia en Barcelona - Cl\u00ed\u00adnica Clar\u00f3s, siempre a su servicio.\" \/>\n<meta property=\"og:description\" content=\"Expertos en blefaroplastia en Barcelona. Cirug\u00eda de los p\u00e1rpados, por nuestro equipo m\u00e9dico altamente cualificado.\" \/>\n<meta property=\"og:url\" content=\"https:\/\/www.clinicaclaros.com\/blefaroplastia\/\" \/>\n<meta property=\"og:site_name\" content=\"Cl\u00ed\u00adnica Clar\u00f3s\" \/>\n<meta property=\"article:publisher\" content=\"https:\/\/www.facebook.com\/clinicaclaros\" \/>\n<meta property=\"article:modified_time\" content=\"2024-06-19T10:16:28+00:00\" \/>\n<meta property=\"og:image\" content=\"https:\/\/www.clinicaclaros.com\/wp-content\/uploads\/2021\/03\/blefaro4.jpg\" \/>\n<meta name=\"twitter:card\" content=\"summary_large_image\" \/>\n<meta name=\"twitter:site\" content=\"@ClinicaClaros\" \/>\n<meta name=\"twitter:label1\" content=\"Est. reading time\" \/>\n\t<meta name=\"twitter:data1\" content=\"7 minutes\" \/>\n<script type=\"application\/ld+json\" class=\"yoast-schema-graph\">{\"@context\":\"https:\\\/\\\/schema.org\",\"@graph\":[{\"@type\":\"WebPage\",\"@id\":\"https:\\\/\\\/www.clinicaclaros.com\\\/blefaroplastia\\\/\",\"url\":\"https:\\\/\\\/www.clinicaclaros.com\\\/blefaroplastia\\\/\",\"name\":\"Blefaroplastia en Barcelona - Cl\u00ed\u00adnica Clar\u00f3s, siempre a su servicio.\",\"isPartOf\":{\"@id\":\"https:\\\/\\\/www.clinicaclaros.com\\\/#website\"},\"primaryImageOfPage\":{\"@id\":\"https:\\\/\\\/www.clinicaclaros.com\\\/blefaroplastia\\\/#primaryimage\"},\"image\":{\"@id\":\"https:\\\/\\\/www.clinicaclaros.com\\\/blefaroplastia\\\/#primaryimage\"},\"thumbnailUrl\":\"https:\\\/\\\/www.clinicaclaros.com\\\/wp-content\\\/uploads\\\/2021\\\/03\\\/blefaro4.jpg\",\"datePublished\":\"2015-06-02T09:21:17+00:00\",\"dateModified\":\"2024-06-19T10:16:28+00:00\",\"description\":\"Expertos en blefaroplastia en Barcelona. Cirug\u00eda de los p\u00e1rpados, por nuestro equipo m\u00e9dico altamente cualificado.\",\"breadcrumb\":{\"@id\":\"https:\\\/\\\/www.clinicaclaros.com\\\/blefaroplastia\\\/#breadcrumb\"},\"inLanguage\":\"en-US\",\"potentialAction\":[{\"@type\":\"ReadAction\",\"target\":[\"https:\\\/\\\/www.clinicaclaros.com\\\/blefaroplastia\\\/\"]}]},{\"@type\":\"ImageObject\",\"inLanguage\":\"en-US\",\"@id\":\"https:\\\/\\\/www.clinicaclaros.com\\\/blefaroplastia\\\/#primaryimage\",\"url\":\"https:\\\/\\\/www.clinicaclaros.com\\\/wp-content\\\/uploads\\\/2021\\\/03\\\/blefaro4.jpg\",\"contentUrl\":\"https:\\\/\\\/www.clinicaclaros.com\\\/wp-content\\\/uploads\\\/2021\\\/03\\\/blefaro4.jpg\"},{\"@type\":\"BreadcrumbList\",\"@id\":\"https:\\\/\\\/www.clinicaclaros.com\\\/blefaroplastia\\\/#breadcrumb\",\"itemListElement\":[{\"@type\":\"ListItem\",\"position\":1,\"name\":\"Portada\",\"item\":\"https:\\\/\\\/www.clinicaclaros.com\\\/\"},{\"@type\":\"ListItem\",\"position\":2,\"name\":\"Blefaroplastia\"}]},{\"@type\":\"WebSite\",\"@id\":\"https:\\\/\\\/www.clinicaclaros.com\\\/#website\",\"url\":\"https:\\\/\\\/www.clinicaclaros.com\\\/\",\"name\":\"Cl\u00ed\u00adnica Clar\u00f3s\",\"description\":\"Otorrinolaringolog\u00eda y Cirug\u00eda Pl\u00e1stica Facial\",\"publisher\":{\"@id\":\"https:\\\/\\\/www.clinicaclaros.com\\\/#organization\"},\"potentialAction\":[{\"@type\":\"SearchAction\",\"target\":{\"@type\":\"EntryPoint\",\"urlTemplate\":\"https:\\\/\\\/www.clinicaclaros.com\\\/?s={search_term_string}\"},\"query-input\":{\"@type\":\"PropertyValueSpecification\",\"valueRequired\":true,\"valueName\":\"search_term_string\"}}],\"inLanguage\":\"en-US\"},{\"@type\":\"Organization\",\"@id\":\"https:\\\/\\\/www.clinicaclaros.com\\\/#organization\",\"name\":\"Cl\u00ednica Clar\u00f3s\",\"url\":\"https:\\\/\\\/www.clinicaclaros.com\\\/\",\"logo\":{\"@type\":\"ImageObject\",\"inLanguage\":\"en-US\",\"@id\":\"https:\\\/\\\/www.clinicaclaros.com\\\/#\\\/schema\\\/logo\\\/image\\\/\",\"url\":\"https:\\\/\\\/www.clinicaclaros.com\\\/wp-content\\\/uploads\\\/2015\\\/06\\\/logoalargadocabecera.jpg\",\"contentUrl\":\"https:\\\/\\\/www.clinicaclaros.com\\\/wp-content\\\/uploads\\\/2015\\\/06\\\/logoalargadocabecera.jpg\",\"width\":200,\"height\":60,\"caption\":\"Cl\u00ednica Clar\u00f3s\"},\"image\":{\"@id\":\"https:\\\/\\\/www.clinicaclaros.com\\\/#\\\/schema\\\/logo\\\/image\\\/\"},\"sameAs\":[\"https:\\\/\\\/www.facebook.com\\\/clinicaclaros\",\"https:\\\/\\\/x.com\\\/ClinicaClaros\",\"https:\\\/\\\/www.linkedin.com\\\/company\\\/cl\u00ednica-clar\u00f3s\",\"https:\\\/\\\/www.youtube.com\\\/user\\\/FundacioClaros\"]}]}<\/script>\n<!-- \/ Yoast SEO plugin. -->","yoast_head_json":{"title":"Blefaroplastia en Barcelona - Cl\u00ed\u00adnica Clar\u00f3s, siempre a su servicio.","description":"Expertos en blefaroplastia en Barcelona. Cirug\u00eda de los p\u00e1rpados, por nuestro equipo m\u00e9dico altamente cualificado.","robots":{"index":"index","follow":"follow","max-snippet":"max-snippet:-1","max-image-preview":"max-image-preview:large","max-video-preview":"max-video-preview:-1"},"canonical":"https:\/\/www.clinicaclaros.com\/blefaroplastia\/","og_locale":"en_US","og_type":"article","og_title":"Blefaroplastia en Barcelona - Cl\u00ed\u00adnica Clar\u00f3s, siempre a su servicio.","og_description":"Expertos en blefaroplastia en Barcelona. Cirug\u00eda de los p\u00e1rpados, por nuestro equipo m\u00e9dico altamente cualificado.","og_url":"https:\/\/www.clinicaclaros.com\/blefaroplastia\/","og_site_name":"Cl\u00ed\u00adnica Clar\u00f3s","article_publisher":"https:\/\/www.facebook.com\/clinicaclaros","article_modified_time":"2024-06-19T10:16:28+00:00","og_image":[{"url":"https:\/\/www.clinicaclaros.com\/wp-content\/uploads\/2021\/03\/blefaro4.jpg","type":"","width":"","height":""}],"twitter_card":"summary_large_image","twitter_site":"@ClinicaClaros","twitter_misc":{"Est. reading time":"7 minutes"},"schema":{"@context":"https:\/\/schema.org","@graph":[{"@type":"WebPage","@id":"https:\/\/www.clinicaclaros.com\/blefaroplastia\/","url":"https:\/\/www.clinicaclaros.com\/blefaroplastia\/","name":"Blefaroplastia en Barcelona - Cl\u00ed\u00adnica Clar\u00f3s, siempre a su servicio.","isPartOf":{"@id":"https:\/\/www.clinicaclaros.com\/#website"},"primaryImageOfPage":{"@id":"https:\/\/www.clinicaclaros.com\/blefaroplastia\/#primaryimage"},"image":{"@id":"https:\/\/www.clinicaclaros.com\/blefaroplastia\/#primaryimage"},"thumbnailUrl":"https:\/\/www.clinicaclaros.com\/wp-content\/uploads\/2021\/03\/blefaro4.jpg","datePublished":"2015-06-02T09:21:17+00:00","dateModified":"2024-06-19T10:16:28+00:00","description":"Expertos en blefaroplastia en Barcelona. Cirug\u00eda de los p\u00e1rpados, por nuestro equipo m\u00e9dico altamente cualificado.","breadcrumb":{"@id":"https:\/\/www.clinicaclaros.com\/blefaroplastia\/#breadcrumb"},"inLanguage":"en-US","potentialAction":[{"@type":"ReadAction","target":["https:\/\/www.clinicaclaros.com\/blefaroplastia\/"]}]},{"@type":"ImageObject","inLanguage":"en-US","@id":"https:\/\/www.clinicaclaros.com\/blefaroplastia\/#primaryimage","url":"https:\/\/www.clinicaclaros.com\/wp-content\/uploads\/2021\/03\/blefaro4.jpg","contentUrl":"https:\/\/www.clinicaclaros.com\/wp-content\/uploads\/2021\/03\/blefaro4.jpg"},{"@type":"BreadcrumbList","@id":"https:\/\/www.clinicaclaros.com\/blefaroplastia\/#breadcrumb","itemListElement":[{"@type":"ListItem","position":1,"name":"Portada","item":"https:\/\/www.clinicaclaros.com\/"},{"@type":"ListItem","position":2,"name":"Blefaroplastia"}]},{"@type":"WebSite","@id":"https:\/\/www.clinicaclaros.com\/#website","url":"https:\/\/www.clinicaclaros.com\/","name":"Cl\u00ed\u00adnica Clar\u00f3s","description":"Otorrinolaringolog\u00eda y Cirug\u00eda Pl\u00e1stica Facial","publisher":{"@id":"https:\/\/www.clinicaclaros.com\/#organization"},"potentialAction":[{"@type":"SearchAction","target":{"@type":"EntryPoint","urlTemplate":"https:\/\/www.clinicaclaros.com\/?s={search_term_string}"},"query-input":{"@type":"PropertyValueSpecification","valueRequired":true,"valueName":"search_term_string"}}],"inLanguage":"en-US"},{"@type":"Organization","@id":"https:\/\/www.clinicaclaros.com\/#organization","name":"Cl\u00ednica Clar\u00f3s","url":"https:\/\/www.clinicaclaros.com\/","logo":{"@type":"ImageObject","inLanguage":"en-US","@id":"https:\/\/www.clinicaclaros.com\/#\/schema\/logo\/image\/","url":"https:\/\/www.clinicaclaros.com\/wp-content\/uploads\/2015\/06\/logoalargadocabecera.jpg","contentUrl":"https:\/\/www.clinicaclaros.com\/wp-content\/uploads\/2015\/06\/logoalargadocabecera.jpg","width":200,"height":60,"caption":"Cl\u00ednica Clar\u00f3s"},"image":{"@id":"https:\/\/www.clinicaclaros.com\/#\/schema\/logo\/image\/"},"sameAs":["https:\/\/www.facebook.com\/clinicaclaros","https:\/\/x.com\/ClinicaClaros","https:\/\/www.linkedin.com\/company\/cl\u00ednica-clar\u00f3s","https:\/\/www.youtube.com\/user\/FundacioClaros"]}]}},"_links":{"self":[{"href":"https:\/\/www.clinicaclaros.com\/en\/wp-json\/wp\/v2\/pages\/35718","targetHints":{"allow":["GET"]}}],"collection":[{"href":"https:\/\/www.clinicaclaros.com\/en\/wp-json\/wp\/v2\/pages"}],"about":[{"href":"https:\/\/www.clinicaclaros.com\/en\/wp-json\/wp\/v2\/types\/page"}],"author":[{"embeddable":true,"href":"https:\/\/www.clinicaclaros.com\/en\/wp-json\/wp\/v2\/users\/1"}],"replies":[{"embeddable":true,"href":"https:\/\/www.clinicaclaros.com\/en\/wp-json\/wp\/v2\/comments?post=35718"}],"version-history":[{"count":0,"href":"https:\/\/www.clinicaclaros.com\/en\/wp-json\/wp\/v2\/pages\/35718\/revisions"}],"wp:attachment":[{"href":"https:\/\/www.clinicaclaros.com\/en\/wp-json\/wp\/v2\/media?parent=35718"}],"curies":[{"name":"wp","href":"https:\/\/api.w.org\/{rel}","templated":true}]}}