{"id":35687,"date":"2020-06-02T08:44:10","date_gmt":"2020-06-02T08:44:10","guid":{"rendered":"http:\/\/www.clinicaclaros.com\/?page_id=35687"},"modified":"2024-06-19T08:46:27","modified_gmt":"2024-06-19T08:46:27","slug":"apneas","status":"publish","type":"page","link":"https:\/\/www.clinicaclaros.com\/en\/apneas\/","title":{"rendered":"Non-surgical treatment of snoring and nocturnal apneas"},"content":{"rendered":"<div class=\"wpb-content-wrapper\"><p>[vc_row][vc_column width=&#8221;2\/3&#8243;][vc_column_text css=&#8221;&#8221;]<\/p>\n<h3><span class=\"HwtZe\" lang=\"en\"><span class=\"jCAhz JxVs2d ChMk0b\"><span class=\"ryNqvb\"><strong>What is Obstructive Sleep Apnea and Hypopnea Syndrome?<\/strong> <\/span><\/span><\/span><\/h3>\n<p><span class=\"HwtZe\" lang=\"en\"><span class=\"jCAhz JxVs2d ChMk0b\"><span class=\"ryNqvb\">Obstructive Sleep Apnea and Hypopnea Syndrome (OSAS) is characterized by time intervals with respiratory stops that are frequently accompanied by snoring. <\/span><\/span><\/span><\/p>\n<h3><span class=\"HwtZe\" lang=\"en\"><span class=\"jCAhz JxVs2d ChMk0b\"><span class=\"ryNqvb\"><strong>Diagnosis and treatment.<\/strong> <\/span><\/span><\/span><\/h3>\n<p><span class=\"HwtZe\" lang=\"en\"><span class=\"jCAhz JxVs2d ChMk0b\"><span class=\"ryNqvb\">The diagnosis is made through a sleep study consisting of using a device that is applied to the patient overnight to detect obstructive apneas or hypopneas. <\/span><\/span><span class=\"jCAhz JxVs2d ChMk0b\"><span class=\"ryNqvb\">Replacement appliances (MAD) are an effective treatment for snoring patients and patients with OSAHS.<\/span><\/span> <span class=\"jCAhz JxVs2d ChMk0b\"><span class=\"ryNqvb\">The use of intraoral devices is a simple, non-invasive and fully reversible treatment option, which gives it an ease and therapeutic immediacy that makes it superior to other treatment solutions. <\/span><\/span><\/span><\/p>\n<h3><strong><span class=\"HwtZe\" lang=\"en\"><span class=\"jCAhz JxVs2d\"><span class=\"ryNqvb\">Our experience<\/span><\/span><\/span><\/strong><\/h3>\n<p><span class=\"HwtZe\" lang=\"en\"> <span class=\"jCAhz JxVs2d ChMk0b\"><span class=\"ryNqvb\">In 2004, jointly, the ENT doctors from the Clar\u00f3s Clinic and the dentists from the Clar\u00f3s Dental Clinic, we began treatment in patients with OSAHS using this non-invasive system of MAD intraoral appliances.<\/span><\/span> <\/span><\/p>\n<p><span class=\"HwtZe\" lang=\"en\"><span class=\"jCAhz JxVs2d ChMk0b\"><span class=\"ryNqvb\">Our experience since then is very good with this non-invasive system. <\/span><\/span><\/span><\/p>\n<h3><span class=\"HwtZe\" lang=\"en\"><span class=\"jCAhz JxVs2d\"><span class=\"ryNqvb\"><strong>What are MAD splints?<\/strong> <\/span><\/span><\/span><\/h3>\n<p><span class=\"HwtZe\" lang=\"en\"><span class=\"jCAhz JxVs2d ChMk0b\"><span class=\"ryNqvb\">They are MAD (Mandibular Advancement Device) intraoral prostheses that advance the jaw in an adjustable manner.<\/span><\/span> <span class=\"jCAhz JxVs2d ChMk0b\"><span class=\"ryNqvb\">In this way, the orofacial space is expanded, which prevents snoring and sleep apnea. <\/span><\/span><span class=\"jCAhz JxVs2d\"><span class=\"ryNqvb\">This method is recommended by the American Academy of Sleep Medicine. <\/span><\/span><\/span><\/p>\n<h3><span class=\"HwtZe\" lang=\"en\"><span class=\"jCAhz JxVs2d\"><span class=\"ryNqvb\"><strong>How do MAD splints work?<\/strong> <\/span><\/span><\/span><\/h3>\n<p><span class=\"HwtZe\" lang=\"en\"><span class=\"jCAhz JxVs2d\"><span class=\"ryNqvb\">The objective of MAD plates is based on solving the problems caused by snoring and apneas\/hypopneas due to poor air passage through the pharynx.<\/span><\/span> <span class=\"jCAhz JxVs2d ChMk0b\"><span class=\"ryNqvb\">By causing the mandibular advancement in a regulated manner that forces the jaw to progressively move forward, it is possible to reposition the tongue and the tissues that block the pharynx.<\/span><\/span> <span class=\"jCAhz JxVs2d\"><span class=\"ryNqvb\">This device is made up of two splints joined together by a system of connecting rods or screws that allow controlled and adjustable advancement of the lower jaw and focuses on correcting apnea and snoring thanks to the physical unobstruction of the passage of air through the jaw. atrophied or altered pharynx, which causes first snoring, then mild apneas, until reaching obstruction and sudden death in the worst case.<\/span><\/span> <span class=\"jCAhz JxVs2d\"><span class=\"ryNqvb\">The use of the prosthesis significantly reduces snoring and apneas.<\/span><\/span> <span class=\"jCAhz JxVs2d\"><span class=\"ryNqvb\">This allows patients to recover a normal sleep pattern, which normalizes hypertension and eliminates the excessive daytime sleepiness present in the daily lives of many patients. <\/span><\/span><\/span><\/p>\n<h3><span class=\"HwtZe\" lang=\"en\"><span class=\"jCAhz JxVs2d\"><span class=\"ryNqvb\"><strong>How effective is a MAD dental appliance?<\/strong> <\/span><\/span><\/span><\/h3>\n<p><span class=\"HwtZe\" lang=\"en\"><span class=\"jCAhz JxVs2d\"><span class=\"ryNqvb\">Currently there are studies that show that the effectiveness of MAD intraoral appliances exceeds 95% in the treatment of snoring.<\/span><\/span> <span class=\"jCAhz JxVs2d\"><span class=\"ryNqvb\">The American Academy of Sleep Medicine recommends this oral appliance therapy as an effective treatment for patients suffering from mild to moderate obstructive sleep apneas. <\/span><\/span><span class=\"jCAhz JxVs2d\"><span class=\"ryNqvb\">Treatment options for obstructive sleep apnea (OSA) may have potential side effects or discomfort;<\/span><\/span> <span class=\"jCAhz JxVs2d ChMk0b\"><span class=\"ryNqvb\">Continuous positive airway pressure (CPAP) devices cannot be tolerated by 25% of patients.<\/span><\/span><\/span>[\/vc_column_text][\/vc_column][vc_column width=&#8221;1\/3&#8243;][vc_single_image image=&#8221;36300&#8243; img_size=&#8221;large&#8221; alignment=&#8221;center&#8221;][\/vc_column][\/vc_row]<\/p>\n<\/div>","protected":false},"excerpt":{"rendered":"<p>[vc_row][vc_column width=&#8221;2\/3&#8243;][vc_column_text css=&#8221;&#8221;] What is Obstructive Sleep Apnea and Hypopnea Syndrome? Obstructive Sleep Apnea and Hypopnea Syndrome (OSAS) is characterized by time intervals with respiratory stops that are frequently accompanied by snoring. Diagnosis and treatment. The diagnosis is made through a sleep study consisting of using a device that is applied to the patient overnight&hellip;<\/p>\n","protected":false},"author":1,"featured_media":0,"parent":0,"menu_order":0,"comment_status":"closed","ping_status":"closed","template":"","meta":{"_monsterinsights_skip_tracking":false,"_monsterinsights_sitenote_active":false,"_monsterinsights_sitenote_note":"","_monsterinsights_sitenote_category":0,"footnotes":""},"class_list":["post-35687","page","type-page","status-publish","hentry","description-off"],"yoast_head":"<!-- This site is optimized with the Yoast SEO plugin v27.4 - https:\/\/yoast.com\/product\/yoast-seo-wordpress\/ -->\n<title>Non-surgical treatment of snoring and nocturnal apneas - Cl\u00ed\u00adnica Clar\u00f3s<\/title>\n<meta name=\"description\" content=\"Si tiene problemas de ronquidos y apneas, cons\u00faltenos. Le ayudaremos a mejorar su calidad de vida. Llame ahora sin compromiso.\" \/>\n<meta name=\"robots\" content=\"index, follow, max-snippet:-1, max-image-preview:large, max-video-preview:-1\" \/>\n<link rel=\"canonical\" href=\"https:\/\/www.clinicaclaros.com\/apneas\/\" \/>\n<meta property=\"og:locale\" content=\"en_US\" \/>\n<meta property=\"og:type\" content=\"article\" \/>\n<meta property=\"og:title\" content=\"[:es]Tratamiento no quir\u00fargico del ronquido y de las apneas nocturnas[:en]Non-surgical treatment of snoring and nocturnal apneas[:] - Cl\u00ed\u00adnica Clar\u00f3s\" \/>\n<meta property=\"og:description\" content=\"Si tiene problemas de ronquidos y apneas, cons\u00faltenos. Le ayudaremos a mejorar su calidad de vida. Llame ahora sin compromiso.\" \/>\n<meta property=\"og:url\" content=\"https:\/\/www.clinicaclaros.com\/apneas\/\" \/>\n<meta property=\"og:site_name\" content=\"Cl\u00ed\u00adnica Clar\u00f3s\" \/>\n<meta property=\"article:publisher\" content=\"https:\/\/www.facebook.com\/clinicaclaros\" \/>\n<meta property=\"article:modified_time\" content=\"2024-06-19T08:46:27+00:00\" \/>\n<meta name=\"twitter:card\" content=\"summary_large_image\" \/>\n<meta name=\"twitter:site\" content=\"@ClinicaClaros\" \/>\n<meta name=\"twitter:label1\" content=\"Est. reading time\" \/>\n\t<meta name=\"twitter:data1\" content=\"3 minutes\" \/>\n<script type=\"application\/ld+json\" class=\"yoast-schema-graph\">{\"@context\":\"https:\\\/\\\/schema.org\",\"@graph\":[{\"@type\":\"WebPage\",\"@id\":\"https:\\\/\\\/www.clinicaclaros.com\\\/apneas\\\/\",\"url\":\"https:\\\/\\\/www.clinicaclaros.com\\\/apneas\\\/\",\"name\":\"[:es]Tratamiento no quir\u00fargico del ronquido y de las apneas nocturnas[:en]Non-surgical treatment of snoring and nocturnal apneas[:] - Cl\u00ed\u00adnica Clar\u00f3s\",\"isPartOf\":{\"@id\":\"https:\\\/\\\/www.clinicaclaros.com\\\/#website\"},\"datePublished\":\"2020-06-02T08:44:10+00:00\",\"dateModified\":\"2024-06-19T08:46:27+00:00\",\"description\":\"Si tiene problemas de ronquidos y apneas, cons\u00faltenos. Le ayudaremos a mejorar su calidad de vida. Llame ahora sin compromiso.\",\"breadcrumb\":{\"@id\":\"https:\\\/\\\/www.clinicaclaros.com\\\/apneas\\\/#breadcrumb\"},\"inLanguage\":\"en-US\",\"potentialAction\":[{\"@type\":\"ReadAction\",\"target\":[\"https:\\\/\\\/www.clinicaclaros.com\\\/apneas\\\/\"]}]},{\"@type\":\"BreadcrumbList\",\"@id\":\"https:\\\/\\\/www.clinicaclaros.com\\\/apneas\\\/#breadcrumb\",\"itemListElement\":[{\"@type\":\"ListItem\",\"position\":1,\"name\":\"Portada\",\"item\":\"https:\\\/\\\/www.clinicaclaros.com\\\/\"},{\"@type\":\"ListItem\",\"position\":2,\"name\":\"Tratamiento no quir\u00fargico del ronquido y de las apneas nocturnas\"}]},{\"@type\":\"WebSite\",\"@id\":\"https:\\\/\\\/www.clinicaclaros.com\\\/#website\",\"url\":\"https:\\\/\\\/www.clinicaclaros.com\\\/\",\"name\":\"Cl\u00ed\u00adnica Clar\u00f3s\",\"description\":\"Otorrinolaringolog\u00eda y Cirug\u00eda Pl\u00e1stica Facial\",\"publisher\":{\"@id\":\"https:\\\/\\\/www.clinicaclaros.com\\\/#organization\"},\"potentialAction\":[{\"@type\":\"SearchAction\",\"target\":{\"@type\":\"EntryPoint\",\"urlTemplate\":\"https:\\\/\\\/www.clinicaclaros.com\\\/?s={search_term_string}\"},\"query-input\":{\"@type\":\"PropertyValueSpecification\",\"valueRequired\":true,\"valueName\":\"search_term_string\"}}],\"inLanguage\":\"en-US\"},{\"@type\":\"Organization\",\"@id\":\"https:\\\/\\\/www.clinicaclaros.com\\\/#organization\",\"name\":\"Cl\u00ednica Clar\u00f3s\",\"url\":\"https:\\\/\\\/www.clinicaclaros.com\\\/\",\"logo\":{\"@type\":\"ImageObject\",\"inLanguage\":\"en-US\",\"@id\":\"https:\\\/\\\/www.clinicaclaros.com\\\/#\\\/schema\\\/logo\\\/image\\\/\",\"url\":\"https:\\\/\\\/www.clinicaclaros.com\\\/wp-content\\\/uploads\\\/2015\\\/06\\\/logoalargadocabecera.jpg\",\"contentUrl\":\"https:\\\/\\\/www.clinicaclaros.com\\\/wp-content\\\/uploads\\\/2015\\\/06\\\/logoalargadocabecera.jpg\",\"width\":200,\"height\":60,\"caption\":\"Cl\u00ednica Clar\u00f3s\"},\"image\":{\"@id\":\"https:\\\/\\\/www.clinicaclaros.com\\\/#\\\/schema\\\/logo\\\/image\\\/\"},\"sameAs\":[\"https:\\\/\\\/www.facebook.com\\\/clinicaclaros\",\"https:\\\/\\\/x.com\\\/ClinicaClaros\",\"https:\\\/\\\/www.linkedin.com\\\/company\\\/cl\u00ednica-clar\u00f3s\",\"https:\\\/\\\/www.youtube.com\\\/user\\\/FundacioClaros\"]}]}<\/script>\n<!-- \/ Yoast SEO plugin. -->","yoast_head_json":{"title":"[:es]Tratamiento no quir\u00fargico del ronquido y de las apneas nocturnas[:en]Non-surgical treatment of snoring and nocturnal apneas[:] - Cl\u00ed\u00adnica Clar\u00f3s","description":"Si tiene problemas de ronquidos y apneas, cons\u00faltenos. Le ayudaremos a mejorar su calidad de vida. Llame ahora sin compromiso.","robots":{"index":"index","follow":"follow","max-snippet":"max-snippet:-1","max-image-preview":"max-image-preview:large","max-video-preview":"max-video-preview:-1"},"canonical":"https:\/\/www.clinicaclaros.com\/apneas\/","og_locale":"en_US","og_type":"article","og_title":"[:es]Tratamiento no quir\u00fargico del ronquido y de las apneas nocturnas[:en]Non-surgical treatment of snoring and nocturnal apneas[:] - Cl\u00ed\u00adnica Clar\u00f3s","og_description":"Si tiene problemas de ronquidos y apneas, cons\u00faltenos. Le ayudaremos a mejorar su calidad de vida. Llame ahora sin compromiso.","og_url":"https:\/\/www.clinicaclaros.com\/apneas\/","og_site_name":"Cl\u00ed\u00adnica Clar\u00f3s","article_publisher":"https:\/\/www.facebook.com\/clinicaclaros","article_modified_time":"2024-06-19T08:46:27+00:00","twitter_card":"summary_large_image","twitter_site":"@ClinicaClaros","twitter_misc":{"Est. reading time":"3 minutes"},"schema":{"@context":"https:\/\/schema.org","@graph":[{"@type":"WebPage","@id":"https:\/\/www.clinicaclaros.com\/apneas\/","url":"https:\/\/www.clinicaclaros.com\/apneas\/","name":"[:es]Tratamiento no quir\u00fargico del ronquido y de las apneas nocturnas[:en]Non-surgical treatment of snoring and nocturnal apneas[:] - Cl\u00ed\u00adnica Clar\u00f3s","isPartOf":{"@id":"https:\/\/www.clinicaclaros.com\/#website"},"datePublished":"2020-06-02T08:44:10+00:00","dateModified":"2024-06-19T08:46:27+00:00","description":"Si tiene problemas de ronquidos y apneas, cons\u00faltenos. Le ayudaremos a mejorar su calidad de vida. Llame ahora sin compromiso.","breadcrumb":{"@id":"https:\/\/www.clinicaclaros.com\/apneas\/#breadcrumb"},"inLanguage":"en-US","potentialAction":[{"@type":"ReadAction","target":["https:\/\/www.clinicaclaros.com\/apneas\/"]}]},{"@type":"BreadcrumbList","@id":"https:\/\/www.clinicaclaros.com\/apneas\/#breadcrumb","itemListElement":[{"@type":"ListItem","position":1,"name":"Portada","item":"https:\/\/www.clinicaclaros.com\/"},{"@type":"ListItem","position":2,"name":"Tratamiento no quir\u00fargico del ronquido y de las apneas nocturnas"}]},{"@type":"WebSite","@id":"https:\/\/www.clinicaclaros.com\/#website","url":"https:\/\/www.clinicaclaros.com\/","name":"Cl\u00ed\u00adnica Clar\u00f3s","description":"Otorrinolaringolog\u00eda y Cirug\u00eda Pl\u00e1stica Facial","publisher":{"@id":"https:\/\/www.clinicaclaros.com\/#organization"},"potentialAction":[{"@type":"SearchAction","target":{"@type":"EntryPoint","urlTemplate":"https:\/\/www.clinicaclaros.com\/?s={search_term_string}"},"query-input":{"@type":"PropertyValueSpecification","valueRequired":true,"valueName":"search_term_string"}}],"inLanguage":"en-US"},{"@type":"Organization","@id":"https:\/\/www.clinicaclaros.com\/#organization","name":"Cl\u00ednica Clar\u00f3s","url":"https:\/\/www.clinicaclaros.com\/","logo":{"@type":"ImageObject","inLanguage":"en-US","@id":"https:\/\/www.clinicaclaros.com\/#\/schema\/logo\/image\/","url":"https:\/\/www.clinicaclaros.com\/wp-content\/uploads\/2015\/06\/logoalargadocabecera.jpg","contentUrl":"https:\/\/www.clinicaclaros.com\/wp-content\/uploads\/2015\/06\/logoalargadocabecera.jpg","width":200,"height":60,"caption":"Cl\u00ednica Clar\u00f3s"},"image":{"@id":"https:\/\/www.clinicaclaros.com\/#\/schema\/logo\/image\/"},"sameAs":["https:\/\/www.facebook.com\/clinicaclaros","https:\/\/x.com\/ClinicaClaros","https:\/\/www.linkedin.com\/company\/cl\u00ednica-clar\u00f3s","https:\/\/www.youtube.com\/user\/FundacioClaros"]}]}},"_links":{"self":[{"href":"https:\/\/www.clinicaclaros.com\/en\/wp-json\/wp\/v2\/pages\/35687","targetHints":{"allow":["GET"]}}],"collection":[{"href":"https:\/\/www.clinicaclaros.com\/en\/wp-json\/wp\/v2\/pages"}],"about":[{"href":"https:\/\/www.clinicaclaros.com\/en\/wp-json\/wp\/v2\/types\/page"}],"author":[{"embeddable":true,"href":"https:\/\/www.clinicaclaros.com\/en\/wp-json\/wp\/v2\/users\/1"}],"replies":[{"embeddable":true,"href":"https:\/\/www.clinicaclaros.com\/en\/wp-json\/wp\/v2\/comments?post=35687"}],"version-history":[{"count":0,"href":"https:\/\/www.clinicaclaros.com\/en\/wp-json\/wp\/v2\/pages\/35687\/revisions"}],"wp:attachment":[{"href":"https:\/\/www.clinicaclaros.com\/en\/wp-json\/wp\/v2\/media?parent=35687"}],"curies":[{"name":"wp","href":"https:\/\/api.w.org\/{rel}","templated":true}]}}