{"id":35683,"date":"2015-06-02T08:42:01","date_gmt":"2015-06-02T08:42:01","guid":{"rendered":"http:\/\/www.clinicaclaros.com\/?page_id=35683"},"modified":"2024-06-19T09:31:34","modified_gmt":"2024-06-19T09:31:34","slug":"cirugia-endoscopica-de-senos-paranasales","status":"publish","type":"page","link":"https:\/\/www.clinicaclaros.com\/en\/cirugia-endoscopica-de-senos-paranasales\/","title":{"rendered":"Endoscopic surgery for paranasal sinus"},"content":{"rendered":"<div class=\"wpb-content-wrapper\"><p>[vc_row] [vc_column width=&#8221;2\/3&#8243;] [vc_column_text] The sinuses are cavities lined with mucus and occupied by air. They communicate to the nose through small holes. As long as they are working properly, we do not notice them, but when they are frequently involved in infectious or inflammatory processes, they produce symptoms. When this happens, we speak of sinusitis. Sinusitis is caused by a blocked, inflamed, or infected sinus.<\/p>\n<p><strong>What is endoscopic sinus surgery? <\/strong><\/p>\n<p>It is the name given to the surgery that helps us treat acute recurrent sinusitis, chronic sinusitis refractory to medical treatment, nasal polyposis, the refection of some tumors and the repair of neurological and orbital defects, among others. It is usually done through the nose and does not need incisions in the skin or mouth.<\/p>\n<p><strong>How is the surgery performed? <\/strong><\/p>\n<p>It is performed under general anesthesia and using the transnasal route using rigid endoscopes, a television camera, and projection on a television screen. This is the safest and least invasive method for the treatment of maxilloethmoid and frontal sinusitis.<\/p>\n<p><strong>What happens after surgery? <\/strong><\/p>\n<p>After surgery, your nose may feel a little blocked by a nasal packing. Nasal obstruction can last for several days even after the plugs are removed. The nose should not be blown for a while and it is preferable to apply drops of saline solution to allow the secretions that are produced to be cleaned.<\/p>\n<p><strong>When can you return to work?<\/strong><\/p>\n<p>It is usually performed on an outpatient basis, although the patient must rest at home for the first few days.<\/p>\n<p><strong>What are the possible complications?<\/strong><\/p>\n<ul>\n<li><em>Bleeding<\/em> : it is a risk in the operation.<\/li>\n<li><em>Eye problems<\/em> : The sinuses are very close to the orbit, so sometimes there may be bruises on the eyelids.<\/li>\n<li><em>Cerebrospinal fluid fistula<\/em> : The sinuses for nasals are located very close to the base of the skull.<\/li>\n<\/ul>\n<p><strong>How often do complications occur? <\/strong>In general, major complications are very rare. Minor complications such as nosebleeds are more frequent. [\/vc_column_text] [\/vc_column] [vc_column width=&#8221;1\/3&#8243;] [vc_single_image image=&#8221;36309&#8243; img_size=&#8221;medium&#8221; alignment=&#8221;center&#8221;] [\/vc_column] [\/vc_row]<\/p>\n<p>&nbsp;<\/p>\n<\/div>","protected":false},"excerpt":{"rendered":"<p>[vc_row] [vc_column width=&#8221;2\/3&#8243;] [vc_column_text] The sinuses are cavities lined with mucus and occupied by air. They communicate to the nose through small holes. As long as they are working properly, we do not notice them, but when they are frequently involved in infectious or inflammatory processes, they produce symptoms. When this happens, we speak of&hellip;<\/p>\n","protected":false},"author":1,"featured_media":0,"parent":0,"menu_order":0,"comment_status":"closed","ping_status":"closed","template":"","meta":{"_monsterinsights_skip_tracking":false,"_monsterinsights_sitenote_active":false,"_monsterinsights_sitenote_note":"","_monsterinsights_sitenote_category":0,"footnotes":""},"class_list":["post-35683","page","type-page","status-publish","hentry","description-off"],"yoast_head":"<!-- This site is optimized with the Yoast SEO plugin v27.2 - https:\/\/yoast.com\/product\/yoast-seo-wordpress\/ -->\n<title>Endoscopic surgery for paranasal sinus - Cl\u00ed\u00adnica Clar\u00f3s<\/title>\n<meta name=\"description\" content=\"Los senos paranasales son cavidades recubiertas por mucosa y ocupadas por aire. Se comunican a la nariz a trav\u00e9s de peque\u00f1os orificios.\" \/>\n<meta name=\"robots\" content=\"index, follow, max-snippet:-1, max-image-preview:large, max-video-preview:-1\" \/>\n<link rel=\"canonical\" href=\"https:\/\/www.clinicaclaros.com\/cirugia-endoscopica-de-senos-paranasales\/\" \/>\n<meta property=\"og:locale\" content=\"en_US\" \/>\n<meta property=\"og:type\" content=\"article\" \/>\n<meta property=\"og:title\" content=\"[:es]Cirug\u00eda endosc\u00f3pica de senos paranasales[:en]Endoscopic surgery for paranasal sinus[:] - Cl\u00ed\u00adnica Clar\u00f3s\" \/>\n<meta property=\"og:description\" content=\"Los senos paranasales son cavidades recubiertas por mucosa y ocupadas por aire. Se comunican a la nariz a trav\u00e9s de peque\u00f1os orificios.\" \/>\n<meta property=\"og:url\" content=\"https:\/\/www.clinicaclaros.com\/cirugia-endoscopica-de-senos-paranasales\/\" \/>\n<meta property=\"og:site_name\" content=\"Cl\u00ed\u00adnica Clar\u00f3s\" \/>\n<meta property=\"article:publisher\" content=\"https:\/\/www.facebook.com\/clinicaclaros\" \/>\n<meta property=\"article:modified_time\" content=\"2024-06-19T09:31:34+00:00\" \/>\n<meta name=\"twitter:card\" content=\"summary_large_image\" \/>\n<meta name=\"twitter:site\" content=\"@ClinicaClaros\" \/>\n<meta name=\"twitter:label1\" content=\"Est. reading time\" \/>\n\t<meta name=\"twitter:data1\" content=\"2 minutes\" \/>\n<script type=\"application\/ld+json\" class=\"yoast-schema-graph\">{\"@context\":\"https:\/\/schema.org\",\"@graph\":[{\"@type\":\"WebPage\",\"@id\":\"https:\/\/www.clinicaclaros.com\/cirugia-endoscopica-de-senos-paranasales\/\",\"url\":\"https:\/\/www.clinicaclaros.com\/cirugia-endoscopica-de-senos-paranasales\/\",\"name\":\"[:es]Cirug\u00eda endosc\u00f3pica de senos paranasales[:en]Endoscopic surgery for paranasal sinus[:] - Cl\u00ed\u00adnica Clar\u00f3s\",\"isPartOf\":{\"@id\":\"https:\/\/www.clinicaclaros.com\/#website\"},\"datePublished\":\"2015-06-02T08:42:01+00:00\",\"dateModified\":\"2024-06-19T09:31:34+00:00\",\"description\":\"Los senos paranasales son cavidades recubiertas por mucosa y ocupadas por aire. Se comunican a la nariz a trav\u00e9s de peque\u00f1os orificios.\",\"breadcrumb\":{\"@id\":\"https:\/\/www.clinicaclaros.com\/cirugia-endoscopica-de-senos-paranasales\/#breadcrumb\"},\"inLanguage\":\"en-US\",\"potentialAction\":[{\"@type\":\"ReadAction\",\"target\":[\"https:\/\/www.clinicaclaros.com\/cirugia-endoscopica-de-senos-paranasales\/\"]}]},{\"@type\":\"BreadcrumbList\",\"@id\":\"https:\/\/www.clinicaclaros.com\/cirugia-endoscopica-de-senos-paranasales\/#breadcrumb\",\"itemListElement\":[{\"@type\":\"ListItem\",\"position\":1,\"name\":\"Portada\",\"item\":\"https:\/\/www.clinicaclaros.com\/\"},{\"@type\":\"ListItem\",\"position\":2,\"name\":\"Cirug\u00eda endosc\u00f3pica de senos paranasales\"}]},{\"@type\":\"WebSite\",\"@id\":\"https:\/\/www.clinicaclaros.com\/#website\",\"url\":\"https:\/\/www.clinicaclaros.com\/\",\"name\":\"Cl\u00ed\u00adnica Clar\u00f3s\",\"description\":\"Otorrinolaringolog\u00eda y Cirug\u00eda Pl\u00e1stica Facial\",\"publisher\":{\"@id\":\"https:\/\/www.clinicaclaros.com\/#organization\"},\"potentialAction\":[{\"@type\":\"SearchAction\",\"target\":{\"@type\":\"EntryPoint\",\"urlTemplate\":\"https:\/\/www.clinicaclaros.com\/?s={search_term_string}\"},\"query-input\":{\"@type\":\"PropertyValueSpecification\",\"valueRequired\":true,\"valueName\":\"search_term_string\"}}],\"inLanguage\":\"en-US\"},{\"@type\":\"Organization\",\"@id\":\"https:\/\/www.clinicaclaros.com\/#organization\",\"name\":\"Cl\u00ednica Clar\u00f3s\",\"url\":\"https:\/\/www.clinicaclaros.com\/\",\"logo\":{\"@type\":\"ImageObject\",\"inLanguage\":\"en-US\",\"@id\":\"https:\/\/www.clinicaclaros.com\/#\/schema\/logo\/image\/\",\"url\":\"https:\/\/www.clinicaclaros.com\/wp-content\/uploads\/2015\/06\/logoalargadocabecera.jpg\",\"contentUrl\":\"https:\/\/www.clinicaclaros.com\/wp-content\/uploads\/2015\/06\/logoalargadocabecera.jpg\",\"width\":200,\"height\":60,\"caption\":\"Cl\u00ednica Clar\u00f3s\"},\"image\":{\"@id\":\"https:\/\/www.clinicaclaros.com\/#\/schema\/logo\/image\/\"},\"sameAs\":[\"https:\/\/www.facebook.com\/clinicaclaros\",\"https:\/\/x.com\/ClinicaClaros\",\"https:\/\/www.linkedin.com\/company\/cl\u00ednica-clar\u00f3s\",\"https:\/\/www.youtube.com\/user\/FundacioClaros\"]}]}<\/script>\n<!-- \/ Yoast SEO plugin. -->","yoast_head_json":{"title":"[:es]Cirug\u00eda endosc\u00f3pica de senos paranasales[:en]Endoscopic surgery for paranasal sinus[:] - Cl\u00ed\u00adnica Clar\u00f3s","description":"Los senos paranasales son cavidades recubiertas por mucosa y ocupadas por aire. Se comunican a la nariz a trav\u00e9s de peque\u00f1os orificios.","robots":{"index":"index","follow":"follow","max-snippet":"max-snippet:-1","max-image-preview":"max-image-preview:large","max-video-preview":"max-video-preview:-1"},"canonical":"https:\/\/www.clinicaclaros.com\/cirugia-endoscopica-de-senos-paranasales\/","og_locale":"en_US","og_type":"article","og_title":"[:es]Cirug\u00eda endosc\u00f3pica de senos paranasales[:en]Endoscopic surgery for paranasal sinus[:] - Cl\u00ed\u00adnica Clar\u00f3s","og_description":"Los senos paranasales son cavidades recubiertas por mucosa y ocupadas por aire. Se comunican a la nariz a trav\u00e9s de peque\u00f1os orificios.","og_url":"https:\/\/www.clinicaclaros.com\/cirugia-endoscopica-de-senos-paranasales\/","og_site_name":"Cl\u00ed\u00adnica Clar\u00f3s","article_publisher":"https:\/\/www.facebook.com\/clinicaclaros","article_modified_time":"2024-06-19T09:31:34+00:00","twitter_card":"summary_large_image","twitter_site":"@ClinicaClaros","twitter_misc":{"Est. reading time":"2 minutes"},"schema":{"@context":"https:\/\/schema.org","@graph":[{"@type":"WebPage","@id":"https:\/\/www.clinicaclaros.com\/cirugia-endoscopica-de-senos-paranasales\/","url":"https:\/\/www.clinicaclaros.com\/cirugia-endoscopica-de-senos-paranasales\/","name":"[:es]Cirug\u00eda endosc\u00f3pica de senos paranasales[:en]Endoscopic surgery for paranasal sinus[:] - Cl\u00ed\u00adnica Clar\u00f3s","isPartOf":{"@id":"https:\/\/www.clinicaclaros.com\/#website"},"datePublished":"2015-06-02T08:42:01+00:00","dateModified":"2024-06-19T09:31:34+00:00","description":"Los senos paranasales son cavidades recubiertas por mucosa y ocupadas por aire. Se comunican a la nariz a trav\u00e9s de peque\u00f1os orificios.","breadcrumb":{"@id":"https:\/\/www.clinicaclaros.com\/cirugia-endoscopica-de-senos-paranasales\/#breadcrumb"},"inLanguage":"en-US","potentialAction":[{"@type":"ReadAction","target":["https:\/\/www.clinicaclaros.com\/cirugia-endoscopica-de-senos-paranasales\/"]}]},{"@type":"BreadcrumbList","@id":"https:\/\/www.clinicaclaros.com\/cirugia-endoscopica-de-senos-paranasales\/#breadcrumb","itemListElement":[{"@type":"ListItem","position":1,"name":"Portada","item":"https:\/\/www.clinicaclaros.com\/"},{"@type":"ListItem","position":2,"name":"Cirug\u00eda endosc\u00f3pica de senos paranasales"}]},{"@type":"WebSite","@id":"https:\/\/www.clinicaclaros.com\/#website","url":"https:\/\/www.clinicaclaros.com\/","name":"Cl\u00ed\u00adnica Clar\u00f3s","description":"Otorrinolaringolog\u00eda y Cirug\u00eda Pl\u00e1stica Facial","publisher":{"@id":"https:\/\/www.clinicaclaros.com\/#organization"},"potentialAction":[{"@type":"SearchAction","target":{"@type":"EntryPoint","urlTemplate":"https:\/\/www.clinicaclaros.com\/?s={search_term_string}"},"query-input":{"@type":"PropertyValueSpecification","valueRequired":true,"valueName":"search_term_string"}}],"inLanguage":"en-US"},{"@type":"Organization","@id":"https:\/\/www.clinicaclaros.com\/#organization","name":"Cl\u00ednica Clar\u00f3s","url":"https:\/\/www.clinicaclaros.com\/","logo":{"@type":"ImageObject","inLanguage":"en-US","@id":"https:\/\/www.clinicaclaros.com\/#\/schema\/logo\/image\/","url":"https:\/\/www.clinicaclaros.com\/wp-content\/uploads\/2015\/06\/logoalargadocabecera.jpg","contentUrl":"https:\/\/www.clinicaclaros.com\/wp-content\/uploads\/2015\/06\/logoalargadocabecera.jpg","width":200,"height":60,"caption":"Cl\u00ednica Clar\u00f3s"},"image":{"@id":"https:\/\/www.clinicaclaros.com\/#\/schema\/logo\/image\/"},"sameAs":["https:\/\/www.facebook.com\/clinicaclaros","https:\/\/x.com\/ClinicaClaros","https:\/\/www.linkedin.com\/company\/cl\u00ednica-clar\u00f3s","https:\/\/www.youtube.com\/user\/FundacioClaros"]}]}},"_links":{"self":[{"href":"https:\/\/www.clinicaclaros.com\/en\/wp-json\/wp\/v2\/pages\/35683","targetHints":{"allow":["GET"]}}],"collection":[{"href":"https:\/\/www.clinicaclaros.com\/en\/wp-json\/wp\/v2\/pages"}],"about":[{"href":"https:\/\/www.clinicaclaros.com\/en\/wp-json\/wp\/v2\/types\/page"}],"author":[{"embeddable":true,"href":"https:\/\/www.clinicaclaros.com\/en\/wp-json\/wp\/v2\/users\/1"}],"replies":[{"embeddable":true,"href":"https:\/\/www.clinicaclaros.com\/en\/wp-json\/wp\/v2\/comments?post=35683"}],"version-history":[{"count":0,"href":"https:\/\/www.clinicaclaros.com\/en\/wp-json\/wp\/v2\/pages\/35683\/revisions"}],"wp:attachment":[{"href":"https:\/\/www.clinicaclaros.com\/en\/wp-json\/wp\/v2\/media?parent=35683"}],"curies":[{"name":"wp","href":"https:\/\/api.w.org\/{rel}","templated":true}]}}