{"id":35671,"date":"2015-06-02T08:33:52","date_gmt":"2015-06-02T08:33:52","guid":{"rendered":"http:\/\/www.clinicaclaros.com\/?page_id=35671"},"modified":"2024-06-19T08:51:50","modified_gmt":"2024-06-19T08:51:50","slug":"tratamiento-de-acufenos","status":"publish","type":"page","link":"https:\/\/www.clinicaclaros.com\/en\/tratamiento-de-acufenos\/","title":{"rendered":"Tinnitus treatment"},"content":{"rendered":"<div class=\"wpb-content-wrapper\"><p>[vc_row] [vc_column width=&#8221;2\/3&#8243;] [vc_column_text]<\/p>\n<h4><strong>What is tinnitus?<\/strong><\/h4>\n<p>Tinnitus or tinnitus is a perception of sound, resulting from the activity of the nervous system, without any external stimulation that produces it.<br \/>\nTinnitus affects all ages and both sexes, especially between 30 and 50 years old. It affects approximately 5% of the population. And 50% of this 5% are associated with real hearing loss.<\/p>\n<h4><strong>Causes of tinnitus.<\/strong><\/h4>\n<p>There are multiple among them:<br \/>\n*Sound traumas<br \/>\n*Reduced blood flow<br \/>\n*Hearing loss<br \/>\n*Cervical problems * *Jaw tension<br \/>\n*Meniere&#8217;s syndrome<br \/>\n*Hyperthyroidism<br \/>\n*Depression<\/p>\n<h4><strong>Types of tinnitus.<\/strong><\/h4>\n<p>*Acute tinnitus. It is one that appears suddenly and often disappears spontaneously. It can be associated with momentary hearing loss, sometimes due to decreased blood supply to the inner ear. An improvement in blood flow improves tinnitus.<\/p>\n<p>*Chronic tinnitus. It is one that lasts more than 6 months. It often leads to a complex diagnosis.<br \/>\nChronic tinnitus manifests itself when the perception of noise, which is itself very faint, &#8220;triggers&#8221;. The patient becomes more and more focused on that noise and it gets louder, which causes them to pay more attention to it.<br \/>\nApproximately 5% of the world&#8217;s adult population suffers from chronic tinnitus. These people are at the edge of their psychological resistance and cannot sleep or work due to tinnitus.<\/p>\n<h4><strong>tinnitus treatment:<\/strong><\/h4>\n<p>&#8220;MEDICAL TREATMENT: It can be, Pharmacological, Psychological, Relaxation.<br \/>\n&#8220;INSTRUMENTAL TREATMENT. Low-frequency laser, Digital technology for habituation therapy (SOUND-OASIS, and SOUND PILLOW)<br \/>\n&#8220;MASKING TREATMENT: These are hearing aids that generate a broadband noise masking the tinnitus that the patient has. [\/vc_column_text] [\/vc_column] [vc_column width=&#8221;1\/3&#8221;] [vc_empty_space] <section class=\"shortcode-teaser img-full\"><div class=\"layzr-bg shortcode-teaser-img\"><img loading=\"lazy\" decoding=\"async\" class=\"lazy-load\" src=\"data:image\/svg+xml;charset=utf-8,%3Csvg xmlns%3D&#039;http%3A%2F%2Fwww.w3.org%2F2000%2Fsvg&#039; viewBox%3D&#039;0 0 500 356&#039;%2F%3E\" width=\"500\" height=\"356\" data-srcset=\"https:\/\/www.clinicaclaros.com\/wp-content\/uploads\/2015\/06\/192.jpg 500w\" data-src=\"https:\/\/www.clinicaclaros.com\/wp-content\/uploads\/2015\/06\/192.jpg\" \/><\/div><div class=\"shortcode-teaser-content text-big\"><p style=\"text-align: center;\" >Used Low Frequency Laser<br \/>\nfor the treatment of tinnitus.<\/p>\n<\/div><\/section> [\/vc_column] [\/vc_row]<br \/>\n<\/p>\n<\/div>","protected":false},"excerpt":{"rendered":"<p>[vc_row] [vc_column width=&#8221;2\/3&#8243;] [vc_column_text] What is tinnitus? Tinnitus or tinnitus is a perception of sound, resulting from the activity of the nervous system, without any external stimulation that produces it. Tinnitus affects all ages and both sexes, especially between 30 and 50 years old. It affects approximately 5% of the population. And 50% of this&hellip;<\/p>\n","protected":false},"author":1,"featured_media":0,"parent":0,"menu_order":0,"comment_status":"closed","ping_status":"closed","template":"","meta":{"_monsterinsights_skip_tracking":false,"_monsterinsights_sitenote_active":false,"_monsterinsights_sitenote_note":"","_monsterinsights_sitenote_category":0,"footnotes":""},"class_list":["post-35671","page","type-page","status-publish","hentry","description-off"],"yoast_head":"<!-- This site is optimized with the Yoast SEO plugin v27.2 - https:\/\/yoast.com\/product\/yoast-seo-wordpress\/ -->\n<title>Tinnitus treatment - Cl\u00ed\u00adnica Clar\u00f3s<\/title>\n<meta name=\"description\" content=\"Los ac\u00fafenos son una percepci\u00f3n del sonido resultante de la actividad del sistema nervioso sin estimulaci\u00f3n externa que lo produzca.\" \/>\n<meta name=\"robots\" content=\"index, follow, max-snippet:-1, max-image-preview:large, max-video-preview:-1\" \/>\n<link rel=\"canonical\" href=\"https:\/\/www.clinicaclaros.com\/tratamiento-de-acufenos\/\" \/>\n<meta property=\"og:locale\" content=\"en_US\" \/>\n<meta property=\"og:type\" content=\"article\" \/>\n<meta property=\"og:title\" content=\"[:es]Tratamiento de ac\u00fafenos[:en]Tinnitus treatment[:] - Cl\u00ed\u00adnica Clar\u00f3s\" \/>\n<meta property=\"og:description\" content=\"Los ac\u00fafenos son una percepci\u00f3n del sonido resultante de la actividad del sistema nervioso sin estimulaci\u00f3n externa que lo produzca.\" \/>\n<meta property=\"og:url\" content=\"https:\/\/www.clinicaclaros.com\/tratamiento-de-acufenos\/\" \/>\n<meta property=\"og:site_name\" content=\"Cl\u00ed\u00adnica Clar\u00f3s\" \/>\n<meta property=\"article:publisher\" content=\"https:\/\/www.facebook.com\/clinicaclaros\" \/>\n<meta property=\"article:modified_time\" content=\"2024-06-19T08:51:50+00:00\" \/>\n<meta name=\"twitter:card\" content=\"summary_large_image\" \/>\n<meta name=\"twitter:site\" content=\"@ClinicaClaros\" \/>\n<meta name=\"twitter:label1\" content=\"Est. reading time\" \/>\n\t<meta name=\"twitter:data1\" content=\"2 minutes\" \/>\n<script type=\"application\/ld+json\" class=\"yoast-schema-graph\">{\"@context\":\"https:\/\/schema.org\",\"@graph\":[{\"@type\":\"WebPage\",\"@id\":\"https:\/\/www.clinicaclaros.com\/tratamiento-de-acufenos\/\",\"url\":\"https:\/\/www.clinicaclaros.com\/tratamiento-de-acufenos\/\",\"name\":\"[:es]Tratamiento de ac\u00fafenos[:en]Tinnitus treatment[:] - Cl\u00ed\u00adnica Clar\u00f3s\",\"isPartOf\":{\"@id\":\"https:\/\/www.clinicaclaros.com\/#website\"},\"datePublished\":\"2015-06-02T08:33:52+00:00\",\"dateModified\":\"2024-06-19T08:51:50+00:00\",\"description\":\"Los ac\u00fafenos son una percepci\u00f3n del sonido resultante de la actividad del sistema nervioso sin estimulaci\u00f3n externa que lo produzca.\",\"breadcrumb\":{\"@id\":\"https:\/\/www.clinicaclaros.com\/tratamiento-de-acufenos\/#breadcrumb\"},\"inLanguage\":\"en-US\",\"potentialAction\":[{\"@type\":\"ReadAction\",\"target\":[\"https:\/\/www.clinicaclaros.com\/tratamiento-de-acufenos\/\"]}]},{\"@type\":\"BreadcrumbList\",\"@id\":\"https:\/\/www.clinicaclaros.com\/tratamiento-de-acufenos\/#breadcrumb\",\"itemListElement\":[{\"@type\":\"ListItem\",\"position\":1,\"name\":\"Portada\",\"item\":\"https:\/\/www.clinicaclaros.com\/\"},{\"@type\":\"ListItem\",\"position\":2,\"name\":\"Tratamiento de ac\u00fafenos\"}]},{\"@type\":\"WebSite\",\"@id\":\"https:\/\/www.clinicaclaros.com\/#website\",\"url\":\"https:\/\/www.clinicaclaros.com\/\",\"name\":\"Cl\u00ed\u00adnica Clar\u00f3s\",\"description\":\"Otorrinolaringolog\u00eda y Cirug\u00eda Pl\u00e1stica Facial\",\"publisher\":{\"@id\":\"https:\/\/www.clinicaclaros.com\/#organization\"},\"potentialAction\":[{\"@type\":\"SearchAction\",\"target\":{\"@type\":\"EntryPoint\",\"urlTemplate\":\"https:\/\/www.clinicaclaros.com\/?s={search_term_string}\"},\"query-input\":{\"@type\":\"PropertyValueSpecification\",\"valueRequired\":true,\"valueName\":\"search_term_string\"}}],\"inLanguage\":\"en-US\"},{\"@type\":\"Organization\",\"@id\":\"https:\/\/www.clinicaclaros.com\/#organization\",\"name\":\"Cl\u00ednica Clar\u00f3s\",\"url\":\"https:\/\/www.clinicaclaros.com\/\",\"logo\":{\"@type\":\"ImageObject\",\"inLanguage\":\"en-US\",\"@id\":\"https:\/\/www.clinicaclaros.com\/#\/schema\/logo\/image\/\",\"url\":\"https:\/\/www.clinicaclaros.com\/wp-content\/uploads\/2015\/06\/logoalargadocabecera.jpg\",\"contentUrl\":\"https:\/\/www.clinicaclaros.com\/wp-content\/uploads\/2015\/06\/logoalargadocabecera.jpg\",\"width\":200,\"height\":60,\"caption\":\"Cl\u00ednica Clar\u00f3s\"},\"image\":{\"@id\":\"https:\/\/www.clinicaclaros.com\/#\/schema\/logo\/image\/\"},\"sameAs\":[\"https:\/\/www.facebook.com\/clinicaclaros\",\"https:\/\/x.com\/ClinicaClaros\",\"https:\/\/www.linkedin.com\/company\/cl\u00ednica-clar\u00f3s\",\"https:\/\/www.youtube.com\/user\/FundacioClaros\"]}]}<\/script>\n<!-- \/ Yoast SEO plugin. -->","yoast_head_json":{"title":"[:es]Tratamiento de ac\u00fafenos[:en]Tinnitus treatment[:] - Cl\u00ed\u00adnica Clar\u00f3s","description":"Los ac\u00fafenos son una percepci\u00f3n del sonido resultante de la actividad del sistema nervioso sin estimulaci\u00f3n externa que lo produzca.","robots":{"index":"index","follow":"follow","max-snippet":"max-snippet:-1","max-image-preview":"max-image-preview:large","max-video-preview":"max-video-preview:-1"},"canonical":"https:\/\/www.clinicaclaros.com\/tratamiento-de-acufenos\/","og_locale":"en_US","og_type":"article","og_title":"[:es]Tratamiento de ac\u00fafenos[:en]Tinnitus treatment[:] - Cl\u00ed\u00adnica Clar\u00f3s","og_description":"Los ac\u00fafenos son una percepci\u00f3n del sonido resultante de la actividad del sistema nervioso sin estimulaci\u00f3n externa que lo produzca.","og_url":"https:\/\/www.clinicaclaros.com\/tratamiento-de-acufenos\/","og_site_name":"Cl\u00ed\u00adnica Clar\u00f3s","article_publisher":"https:\/\/www.facebook.com\/clinicaclaros","article_modified_time":"2024-06-19T08:51:50+00:00","twitter_card":"summary_large_image","twitter_site":"@ClinicaClaros","twitter_misc":{"Est. reading time":"2 minutes"},"schema":{"@context":"https:\/\/schema.org","@graph":[{"@type":"WebPage","@id":"https:\/\/www.clinicaclaros.com\/tratamiento-de-acufenos\/","url":"https:\/\/www.clinicaclaros.com\/tratamiento-de-acufenos\/","name":"[:es]Tratamiento de ac\u00fafenos[:en]Tinnitus treatment[:] - Cl\u00ed\u00adnica Clar\u00f3s","isPartOf":{"@id":"https:\/\/www.clinicaclaros.com\/#website"},"datePublished":"2015-06-02T08:33:52+00:00","dateModified":"2024-06-19T08:51:50+00:00","description":"Los ac\u00fafenos son una percepci\u00f3n del sonido resultante de la actividad del sistema nervioso sin estimulaci\u00f3n externa que lo produzca.","breadcrumb":{"@id":"https:\/\/www.clinicaclaros.com\/tratamiento-de-acufenos\/#breadcrumb"},"inLanguage":"en-US","potentialAction":[{"@type":"ReadAction","target":["https:\/\/www.clinicaclaros.com\/tratamiento-de-acufenos\/"]}]},{"@type":"BreadcrumbList","@id":"https:\/\/www.clinicaclaros.com\/tratamiento-de-acufenos\/#breadcrumb","itemListElement":[{"@type":"ListItem","position":1,"name":"Portada","item":"https:\/\/www.clinicaclaros.com\/"},{"@type":"ListItem","position":2,"name":"Tratamiento de ac\u00fafenos"}]},{"@type":"WebSite","@id":"https:\/\/www.clinicaclaros.com\/#website","url":"https:\/\/www.clinicaclaros.com\/","name":"Cl\u00ed\u00adnica Clar\u00f3s","description":"Otorrinolaringolog\u00eda y Cirug\u00eda Pl\u00e1stica Facial","publisher":{"@id":"https:\/\/www.clinicaclaros.com\/#organization"},"potentialAction":[{"@type":"SearchAction","target":{"@type":"EntryPoint","urlTemplate":"https:\/\/www.clinicaclaros.com\/?s={search_term_string}"},"query-input":{"@type":"PropertyValueSpecification","valueRequired":true,"valueName":"search_term_string"}}],"inLanguage":"en-US"},{"@type":"Organization","@id":"https:\/\/www.clinicaclaros.com\/#organization","name":"Cl\u00ednica Clar\u00f3s","url":"https:\/\/www.clinicaclaros.com\/","logo":{"@type":"ImageObject","inLanguage":"en-US","@id":"https:\/\/www.clinicaclaros.com\/#\/schema\/logo\/image\/","url":"https:\/\/www.clinicaclaros.com\/wp-content\/uploads\/2015\/06\/logoalargadocabecera.jpg","contentUrl":"https:\/\/www.clinicaclaros.com\/wp-content\/uploads\/2015\/06\/logoalargadocabecera.jpg","width":200,"height":60,"caption":"Cl\u00ednica Clar\u00f3s"},"image":{"@id":"https:\/\/www.clinicaclaros.com\/#\/schema\/logo\/image\/"},"sameAs":["https:\/\/www.facebook.com\/clinicaclaros","https:\/\/x.com\/ClinicaClaros","https:\/\/www.linkedin.com\/company\/cl\u00ednica-clar\u00f3s","https:\/\/www.youtube.com\/user\/FundacioClaros"]}]}},"_links":{"self":[{"href":"https:\/\/www.clinicaclaros.com\/en\/wp-json\/wp\/v2\/pages\/35671","targetHints":{"allow":["GET"]}}],"collection":[{"href":"https:\/\/www.clinicaclaros.com\/en\/wp-json\/wp\/v2\/pages"}],"about":[{"href":"https:\/\/www.clinicaclaros.com\/en\/wp-json\/wp\/v2\/types\/page"}],"author":[{"embeddable":true,"href":"https:\/\/www.clinicaclaros.com\/en\/wp-json\/wp\/v2\/users\/1"}],"replies":[{"embeddable":true,"href":"https:\/\/www.clinicaclaros.com\/en\/wp-json\/wp\/v2\/comments?post=35671"}],"version-history":[{"count":0,"href":"https:\/\/www.clinicaclaros.com\/en\/wp-json\/wp\/v2\/pages\/35671\/revisions"}],"wp:attachment":[{"href":"https:\/\/www.clinicaclaros.com\/en\/wp-json\/wp\/v2\/media?parent=35671"}],"curies":[{"name":"wp","href":"https:\/\/api.w.org\/{rel}","templated":true}]}}