{"id":35424,"date":"2015-05-15T08:00:04","date_gmt":"2015-05-15T08:00:04","guid":{"rendered":"http:\/\/www.clinicaclaros.com\/?page_id=35424"},"modified":"2019-07-23T10:56:51","modified_gmt":"2019-07-23T10:56:51","slug":"empresa","status":"publish","type":"page","link":"https:\/\/www.clinicaclaros.com\/en\/empresa\/","title":{"rendered":"Business"},"content":{"rendered":"<div class=\"wpb-content-wrapper\"><p>[vc_row margin_top=&#8221;0&#8243; margin_bottom=&#8221;0&#8243;][vc_column animation=&#8221;&#8221;][vc_column_text]<\/p>\n<h2 style=\"text-align: center;\">HISTORY<\/h2>\n<p style=\"text-align: center;\">The Clar\u00f3s Group initiated its medical activity in 1942 with Doctor Andr\u00e9s Clar\u00f3s Dom\u00e9nech (Otorhinolaryngology), continued and extended by Doctor Pedro Clar\u00f3s in 1972 (Otorhinolaryngology and Facial Plastic Surgery) and since 1980 by Doctor Andr\u00e9s Clar\u00f3s Blanch (Otorhinolaryngology). The current site of the Cl\u00ednica Clar\u00f3s was built in 1986 as an ambulatory clinic for diagnosis and treatment of Otorhinolaryngology, Facial Plastic and Maxillofacial Surgery, and Facial Aesthetics. In the year 2004, the Clinic is annexed to the next door building, the Cl\u00ednica Dental Clar\u00f3s, directed by the Doctors Daniel Clar\u00f3s and Pedro Clar\u00f3s, Jr. (Odontology), where all the dental specialities are treated, specially Dental Aesthetics, Oral and Implant Surgery. In 2010 the efforts of the Clar\u00f3s Group were extended with the opening of the new Dental Clinic in the town of Viladecans (Barcelona), jointly with the opening of a Permanent Training (Instruccional Permanent Workshop) for ORL Doctors and Odontologists.<\/p>\n<p>[\/vc_column_text][\/vc_column][\/vc_row][vc_row margin_top=&#8221;0&#8243; margin_bottom=&#8221;0&#8243;][vc_column animation=&#8221;&#8221;][vc_empty_space][\/vc_column][\/vc_row][vc_row margin_top=&#8221;0&#8243; margin_bottom=&#8221;0&#8243;][vc_column animation=&#8221;&#8221;][\/vc_column][\/vc_row][vc_row margin_top=&#8221;0&#8243; margin_bottom=&#8221;0&#8243;][vc_column animation=&#8221;&#8221;][vc_empty_space][\/vc_column][\/vc_row][vc_row margin_top=&#8221;0&#8243; margin_bottom=&#8221;0&#8243;][vc_column animation=&#8221;&#8221;][vc_column_text]<\/p>\n<h3 style=\"text-align: center;\">Our facilities<\/h3>\n<p>[\/vc_column_text][\/vc_column][\/vc_row][vc_row margin_top=&#8221;0&#8243; margin_bottom=&#8221;0&#8243;][vc_column animation=&#8221;&#8221;]<div class=\"dt-photos-shortcode slider-wrapper owl-carousel dt-owl-carousel-init  shortcode-instagram dt-gallery-container arrows-light enable-mobile-arrows\" data-padding-side=\"20\" data-autoslide=\"true\" data-delay=\"3000\" data-loop=\"false\" data-arrows=\"true\">\n<article class=\"post post-35641 attachment type-attachment status-inherit hentry no-img description-off\">\n\n\t<figure class=\"rollover-project links-hovers-disabled\">\n\t<a href=\"https:\/\/www.clinicaclaros.com\/wp-content\/uploads\/2015\/05\/imagen4-4.jpg\" class=\"rollover rollover-zoom dt-pswp-item layzr-bg\" title=\"imagen4 (4)\" data-dt-img-description=\"\"  data-large_image_width=\"2592\" data-large_image_height = \"1944\" ><img fetchpriority=\"high\" decoding=\"async\" class=\"preload-me lazy-load aspect\" src=\"data:image\/svg+xml,%3Csvg%20xmlns%3D&#39;http%3A%2F%2Fwww.w3.org%2F2000%2Fsvg&#39;%20viewBox%3D&#39;0%200%20466%20350&#39;%2F%3E\" data-src=\"https:\/\/www.clinicaclaros.com\/wp-content\/uploads\/2015\/05\/imagen4-4-466x350.jpg\" data-srcset=\"https:\/\/www.clinicaclaros.com\/wp-content\/uploads\/2015\/05\/imagen4-4-466x350.jpg 466w, https:\/\/www.clinicaclaros.com\/wp-content\/uploads\/2015\/05\/imagen4-4-932x700.jpg 932w\" loading=\"eager\" style=\"--ratio: 466 \/ 350\" sizes=\"(max-width: 466px) 100vw, 466px\" alt=\"\" width=\"466\" height=\"350\"  \/><\/a>\t<\/figure>\n<\/article>\n\n\n<article class=\"post post-35642 attachment type-attachment status-inherit hentry no-img description-off\">\n\n\t<figure class=\"rollover-project links-hovers-disabled\">\n\t<a href=\"https:\/\/www.clinicaclaros.com\/wp-content\/uploads\/2015\/05\/imagen3-3.jpg\" class=\"rollover rollover-zoom dt-pswp-item layzr-bg\" title=\"imagen3 (3)\" data-dt-img-description=\"\"  data-large_image_width=\"2592\" data-large_image_height = \"1944\" ><img decoding=\"async\" class=\"preload-me lazy-load aspect\" src=\"data:image\/svg+xml,%3Csvg%20xmlns%3D&#39;http%3A%2F%2Fwww.w3.org%2F2000%2Fsvg&#39;%20viewBox%3D&#39;0%200%20466%20350&#39;%2F%3E\" data-src=\"https:\/\/www.clinicaclaros.com\/wp-content\/uploads\/2015\/05\/imagen3-3-466x350.jpg\" data-srcset=\"https:\/\/www.clinicaclaros.com\/wp-content\/uploads\/2015\/05\/imagen3-3-466x350.jpg 466w, https:\/\/www.clinicaclaros.com\/wp-content\/uploads\/2015\/05\/imagen3-3-932x700.jpg 932w\" loading=\"eager\" style=\"--ratio: 466 \/ 350\" sizes=\"(max-width: 466px) 100vw, 466px\" alt=\"\" width=\"466\" height=\"350\"  \/><\/a>\t<\/figure>\n<\/article>\n\n\n<article class=\"post post-35640 attachment type-attachment status-inherit hentry no-img description-off\">\n\n\t<figure class=\"rollover-project links-hovers-disabled\">\n\t<a href=\"https:\/\/www.clinicaclaros.com\/wp-content\/uploads\/2015\/05\/imagen6-3.jpg\" class=\"rollover rollover-zoom dt-pswp-item layzr-bg\" title=\"imagen6 (3)\" data-dt-img-description=\"\"  data-large_image_width=\"2592\" data-large_image_height = \"1944\" ><img decoding=\"async\" class=\"preload-me lazy-load aspect\" src=\"data:image\/svg+xml,%3Csvg%20xmlns%3D&#39;http%3A%2F%2Fwww.w3.org%2F2000%2Fsvg&#39;%20viewBox%3D&#39;0%200%20466%20350&#39;%2F%3E\" data-src=\"https:\/\/www.clinicaclaros.com\/wp-content\/uploads\/2015\/05\/imagen6-3-466x350.jpg\" data-srcset=\"https:\/\/www.clinicaclaros.com\/wp-content\/uploads\/2015\/05\/imagen6-3-466x350.jpg 466w, https:\/\/www.clinicaclaros.com\/wp-content\/uploads\/2015\/05\/imagen6-3-932x700.jpg 932w\" loading=\"eager\" style=\"--ratio: 466 \/ 350\" sizes=\"(max-width: 466px) 100vw, 466px\" alt=\"\" width=\"466\" height=\"350\"  \/><\/a>\t<\/figure>\n<\/article>\n\n\n<article class=\"post post-35644 attachment type-attachment status-inherit hentry no-img description-off\">\n\n\t<figure class=\"rollover-project links-hovers-disabled\">\n\t<a href=\"https:\/\/www.clinicaclaros.com\/wp-content\/uploads\/2015\/05\/P1050096-2.jpg\" class=\"rollover rollover-zoom dt-pswp-item layzr-bg\" title=\"P1050096 (2)\" data-dt-img-description=\"\"  data-large_image_width=\"2560\" data-large_image_height = \"1920\" ><img decoding=\"async\" class=\"preload-me lazy-load aspect\" src=\"data:image\/svg+xml,%3Csvg%20xmlns%3D&#39;http%3A%2F%2Fwww.w3.org%2F2000%2Fsvg&#39;%20viewBox%3D&#39;0%200%20466%20350&#39;%2F%3E\" data-src=\"https:\/\/www.clinicaclaros.com\/wp-content\/uploads\/2015\/05\/P1050096-2-466x350.jpg\" data-srcset=\"https:\/\/www.clinicaclaros.com\/wp-content\/uploads\/2015\/05\/P1050096-2-466x350.jpg 466w, https:\/\/www.clinicaclaros.com\/wp-content\/uploads\/2015\/05\/P1050096-2-932x700.jpg 932w\" loading=\"eager\" style=\"--ratio: 466 \/ 350\" sizes=\"(max-width: 466px) 100vw, 466px\" alt=\"\" width=\"466\" height=\"350\"  \/><\/a>\t<\/figure>\n<\/article>\n\n\n<article class=\"post post-35643 attachment type-attachment status-inherit hentry no-img description-off\">\n\n\t<figure class=\"rollover-project links-hovers-disabled\">\n\t<a href=\"https:\/\/www.clinicaclaros.com\/wp-content\/uploads\/2015\/05\/P1050092-2.jpg\" class=\"rollover rollover-zoom dt-pswp-item layzr-bg\" title=\"P1050092 (2)\" data-dt-img-description=\"\"  data-large_image_width=\"2560\" data-large_image_height = \"1920\" ><img decoding=\"async\" class=\"preload-me lazy-load aspect\" src=\"data:image\/svg+xml,%3Csvg%20xmlns%3D&#39;http%3A%2F%2Fwww.w3.org%2F2000%2Fsvg&#39;%20viewBox%3D&#39;0%200%20466%20350&#39;%2F%3E\" data-src=\"https:\/\/www.clinicaclaros.com\/wp-content\/uploads\/2015\/05\/P1050092-2-466x350.jpg\" data-srcset=\"https:\/\/www.clinicaclaros.com\/wp-content\/uploads\/2015\/05\/P1050092-2-466x350.jpg 466w, https:\/\/www.clinicaclaros.com\/wp-content\/uploads\/2015\/05\/P1050092-2-932x700.jpg 932w\" loading=\"eager\" style=\"--ratio: 466 \/ 350\" sizes=\"(max-width: 466px) 100vw, 466px\" alt=\"\" width=\"466\" height=\"350\"  \/><\/a>\t<\/figure>\n<\/article>\n\n\n<article class=\"post post-35639 attachment type-attachment status-inherit hentry no-img description-off\">\n\n\t<figure class=\"rollover-project links-hovers-disabled\">\n\t<a href=\"https:\/\/www.clinicaclaros.com\/wp-content\/uploads\/2015\/05\/DSC_0271-2.jpg\" class=\"rollover rollover-zoom dt-pswp-item layzr-bg\" title=\"DSC_0271 (2)\" data-dt-img-description=\"\"  data-large_image_width=\"2761\" data-large_image_height = \"4156\" ><img decoding=\"async\" class=\"preload-me lazy-load aspect\" src=\"data:image\/svg+xml,%3Csvg%20xmlns%3D&#39;http%3A%2F%2Fwww.w3.org%2F2000%2Fsvg&#39;%20viewBox%3D&#39;0%200%20232%20350&#39;%2F%3E\" data-src=\"https:\/\/www.clinicaclaros.com\/wp-content\/uploads\/2015\/05\/DSC_0271-2-232x350.jpg\" data-srcset=\"https:\/\/www.clinicaclaros.com\/wp-content\/uploads\/2015\/05\/DSC_0271-2-232x350.jpg 232w, https:\/\/www.clinicaclaros.com\/wp-content\/uploads\/2015\/05\/DSC_0271-2-464x700.jpg 464w\" loading=\"eager\" style=\"--ratio: 232 \/ 350\" sizes=\"(max-width: 232px) 100vw, 232px\" alt=\"\" width=\"232\" height=\"350\"  \/><\/a>\t<\/figure>\n<\/article>\n\n\n<article class=\"post post-35638 attachment type-attachment status-inherit hentry no-img description-off\">\n\n\t<figure class=\"rollover-project links-hovers-disabled\">\n\t<a href=\"https:\/\/www.clinicaclaros.com\/wp-content\/uploads\/2015\/05\/DSC_0257-2.jpg\" class=\"rollover rollover-zoom dt-pswp-item layzr-bg\" title=\"DSC_0257 (2)\" data-dt-img-description=\"\"  data-large_image_width=\"2447\" data-large_image_height = \"3935\" ><img decoding=\"async\" class=\"preload-me lazy-load aspect\" src=\"data:image\/svg+xml,%3Csvg%20xmlns%3D&#39;http%3A%2F%2Fwww.w3.org%2F2000%2Fsvg&#39;%20viewBox%3D&#39;0%200%20217%20350&#39;%2F%3E\" data-src=\"https:\/\/www.clinicaclaros.com\/wp-content\/uploads\/2015\/05\/DSC_0257-2-217x350.jpg\" data-srcset=\"https:\/\/www.clinicaclaros.com\/wp-content\/uploads\/2015\/05\/DSC_0257-2-217x350.jpg 217w, https:\/\/www.clinicaclaros.com\/wp-content\/uploads\/2015\/05\/DSC_0257-2-434x700.jpg 434w\" loading=\"eager\" style=\"--ratio: 217 \/ 350\" sizes=\"(max-width: 217px) 100vw, 217px\" alt=\"\" width=\"217\" height=\"350\"  \/><\/a>\t<\/figure>\n<\/article>\n\n\n<article class=\"post post-35626 attachment type-attachment status-inherit hentry no-img description-off\">\n\n\t<figure class=\"rollover-project links-hovers-disabled\">\n\t<a href=\"https:\/\/www.clinicaclaros.com\/wp-content\/uploads\/2015\/05\/DSC_0254-2.jpg\" class=\"rollover rollover-zoom dt-pswp-item layzr-bg\" title=\"DSC_0254 (2)\" data-dt-img-description=\"\"  data-large_image_width=\"4288\" data-large_image_height = \"2848\" ><img decoding=\"async\" class=\"preload-me lazy-load aspect\" src=\"data:image\/svg+xml,%3Csvg%20xmlns%3D&#39;http%3A%2F%2Fwww.w3.org%2F2000%2Fsvg&#39;%20viewBox%3D&#39;0%200%20526%20350&#39;%2F%3E\" data-src=\"https:\/\/www.clinicaclaros.com\/wp-content\/uploads\/2015\/05\/DSC_0254-2-526x350.jpg\" data-srcset=\"https:\/\/www.clinicaclaros.com\/wp-content\/uploads\/2015\/05\/DSC_0254-2-526x350.jpg 526w, https:\/\/www.clinicaclaros.com\/wp-content\/uploads\/2015\/05\/DSC_0254-2-1052x700.jpg 1052w\" loading=\"eager\" style=\"--ratio: 526 \/ 350\" sizes=\"(max-width: 526px) 100vw, 526px\" alt=\"\" width=\"526\" height=\"350\"  \/><\/a>\t<\/figure>\n<\/article>\n\n\n<article class=\"post post-35602 attachment type-attachment status-inherit hentry no-img description-off\">\n\n\t<figure class=\"rollover-project links-hovers-disabled\">\n\t<a href=\"https:\/\/www.clinicaclaros.com\/wp-content\/uploads\/2015\/05\/servicios1.jpg\" class=\"rollover rollover-zoom dt-pswp-item layzr-bg\" title=\"servicios1\" data-dt-img-description=\"\"  data-large_image_width=\"2513\" data-large_image_height = \"3716\" ><img decoding=\"async\" class=\"preload-me lazy-load aspect\" src=\"data:image\/svg+xml,%3Csvg%20xmlns%3D&#39;http%3A%2F%2Fwww.w3.org%2F2000%2Fsvg&#39;%20viewBox%3D&#39;0%200%20236%20350&#39;%2F%3E\" data-src=\"https:\/\/www.clinicaclaros.com\/wp-content\/uploads\/2015\/05\/servicios1-236x350.jpg\" data-srcset=\"https:\/\/www.clinicaclaros.com\/wp-content\/uploads\/2015\/05\/servicios1-236x350.jpg 236w, https:\/\/www.clinicaclaros.com\/wp-content\/uploads\/2015\/05\/servicios1-472x700.jpg 472w\" loading=\"eager\" style=\"--ratio: 236 \/ 350\" sizes=\"(max-width: 236px) 100vw, 236px\" alt=\"\" width=\"236\" height=\"350\"  \/><\/a>\t<\/figure>\n<\/article>\n\n\n<article class=\"post post-35637 attachment type-attachment status-inherit hentry no-img description-off\">\n\n\t<figure class=\"rollover-project links-hovers-disabled\">\n\t<a href=\"https:\/\/www.clinicaclaros.com\/wp-content\/uploads\/2015\/05\/DSC_0266-2.jpg\" class=\"rollover rollover-zoom dt-pswp-item layzr-bg\" title=\"DSC_0266 (2)\" data-dt-img-description=\"\"  data-large_image_width=\"2722\" data-large_image_height = \"4099\" ><img decoding=\"async\" class=\"preload-me lazy-load aspect\" src=\"data:image\/svg+xml,%3Csvg%20xmlns%3D&#39;http%3A%2F%2Fwww.w3.org%2F2000%2Fsvg&#39;%20viewBox%3D&#39;0%200%20232%20350&#39;%2F%3E\" data-src=\"https:\/\/www.clinicaclaros.com\/wp-content\/uploads\/2015\/05\/DSC_0266-2-232x350.jpg\" data-srcset=\"https:\/\/www.clinicaclaros.com\/wp-content\/uploads\/2015\/05\/DSC_0266-2-232x350.jpg 232w, https:\/\/www.clinicaclaros.com\/wp-content\/uploads\/2015\/05\/DSC_0266-2-464x700.jpg 464w\" loading=\"eager\" style=\"--ratio: 232 \/ 350\" sizes=\"(max-width: 232px) 100vw, 232px\" alt=\"\" width=\"232\" height=\"350\"  \/><\/a>\t<\/figure>\n<\/article>\n\n\n<article class=\"post post-35636 attachment type-attachment status-inherit hentry no-img description-off\">\n\n\t<figure class=\"rollover-project links-hovers-disabled\">\n\t<a href=\"https:\/\/www.clinicaclaros.com\/wp-content\/uploads\/2015\/05\/DSC_1103-2.jpg\" class=\"rollover rollover-zoom dt-pswp-item layzr-bg\" title=\"DSC_1103 (2)\" data-dt-img-description=\"\"  data-large_image_width=\"2848\" data-large_image_height = \"4288\" ><img decoding=\"async\" class=\"preload-me lazy-load aspect\" src=\"data:image\/svg+xml,%3Csvg%20xmlns%3D&#39;http%3A%2F%2Fwww.w3.org%2F2000%2Fsvg&#39;%20viewBox%3D&#39;0%200%20232%20350&#39;%2F%3E\" data-src=\"https:\/\/www.clinicaclaros.com\/wp-content\/uploads\/2015\/05\/DSC_1103-2-232x350.jpg\" data-srcset=\"https:\/\/www.clinicaclaros.com\/wp-content\/uploads\/2015\/05\/DSC_1103-2-232x350.jpg 232w, https:\/\/www.clinicaclaros.com\/wp-content\/uploads\/2015\/05\/DSC_1103-2-464x700.jpg 464w\" loading=\"eager\" style=\"--ratio: 232 \/ 350\" sizes=\"(max-width: 232px) 100vw, 232px\" alt=\"\" width=\"232\" height=\"350\"  \/><\/a>\t<\/figure>\n<\/article>\n\n\n<article class=\"post post-35632 attachment type-attachment status-inherit hentry no-img description-off\">\n\n\t<figure class=\"rollover-project links-hovers-disabled\">\n\t<a href=\"https:\/\/www.clinicaclaros.com\/wp-content\/uploads\/2015\/05\/DSC_1059-2.jpg\" class=\"rollover rollover-zoom dt-pswp-item layzr-bg\" title=\"DSC_1059 (2)\" data-dt-img-description=\"\"  data-large_image_width=\"2848\" data-large_image_height = \"4288\" ><img decoding=\"async\" class=\"preload-me lazy-load aspect\" src=\"data:image\/svg+xml,%3Csvg%20xmlns%3D&#39;http%3A%2F%2Fwww.w3.org%2F2000%2Fsvg&#39;%20viewBox%3D&#39;0%200%20232%20350&#39;%2F%3E\" data-src=\"https:\/\/www.clinicaclaros.com\/wp-content\/uploads\/2015\/05\/DSC_1059-2-232x350.jpg\" data-srcset=\"https:\/\/www.clinicaclaros.com\/wp-content\/uploads\/2015\/05\/DSC_1059-2-232x350.jpg 232w, https:\/\/www.clinicaclaros.com\/wp-content\/uploads\/2015\/05\/DSC_1059-2-464x700.jpg 464w\" loading=\"eager\" style=\"--ratio: 232 \/ 350\" sizes=\"(max-width: 232px) 100vw, 232px\" alt=\"\" width=\"232\" height=\"350\"  \/><\/a>\t<\/figure>\n<\/article>\n\n<\/div>[\/vc_column][\/vc_row][vc_row margin_top=&#8221;0&#8243; margin_bottom=&#8221;0&#8243;][vc_column animation=&#8221;&#8221;][vc_empty_space height=&#8221;50px&#8221;][\/vc_column][\/vc_row][vc_row margin_top=&#8221;0&#8243; margin_bottom=&#8221;0&#8243;][vc_column animation=&#8221;&#8221;][vc_btn title=&#8221;Contacta con nosotros&#8221; align=&#8221;center&#8221; link=&#8221;url:https%3A%2F%2Fwww.clinicaclaros.com%2Fcontactar%2F|||&#8221;][\/vc_column][\/vc_row]<\/p>\n<\/div>","protected":false},"excerpt":{"rendered":"<p>[vc_row margin_top=&#8221;0&#8243; margin_bottom=&#8221;0&#8243;][vc_column animation=&#8221;&#8221;][vc_column_text] HISTORY The Clar\u00f3s Group initiated its medical activity in 1942 with Doctor Andr\u00e9s Clar\u00f3s Dom\u00e9nech (Otorhinolaryngology), continued and extended by Doctor Pedro Clar\u00f3s in 1972 (Otorhinolaryngology and Facial Plastic Surgery) and since 1980 by Doctor Andr\u00e9s Clar\u00f3s Blanch (Otorhinolaryngology). The current site of the Cl\u00ednica Clar\u00f3s was built in 1986 as&hellip;<\/p>\n","protected":false},"author":1,"featured_media":0,"parent":0,"menu_order":0,"comment_status":"closed","ping_status":"closed","template":"","meta":{"_monsterinsights_skip_tracking":false,"_monsterinsights_sitenote_active":false,"_monsterinsights_sitenote_note":"","_monsterinsights_sitenote_category":0,"footnotes":""},"class_list":["post-35424","page","type-page","status-publish","hentry","description-off"],"yoast_head":"<!-- This site is optimized with the Yoast SEO plugin v27.4 - https:\/\/yoast.com\/product\/yoast-seo-wordpress\/ -->\n<title>Business - Cl\u00ed\u00adnica Clar\u00f3s<\/title>\n<meta name=\"description\" content=\"Historia de la familia Clar\u00f3s, Cl\u00ednica Clar\u00f3s y de sus instalaciones\" \/>\n<meta name=\"robots\" content=\"index, follow, max-snippet:-1, max-image-preview:large, max-video-preview:-1\" \/>\n<link rel=\"canonical\" href=\"https:\/\/www.clinicaclaros.com\/empresa\/\" \/>\n<meta property=\"og:locale\" content=\"en_US\" \/>\n<meta property=\"og:type\" content=\"article\" \/>\n<meta property=\"og:title\" content=\"[:es]Empresa[:en]Business[:ru]\u0438\u0441\u0442\u043e\u0440\u0438\u044f[:ar]\u0634\u0631\u0643\u0629[:ro]Companie[:] - Cl\u00ed\u00adnica Clar\u00f3s\" \/>\n<meta property=\"og:description\" content=\"Historia de la familia Clar\u00f3s, Cl\u00ednica Clar\u00f3s y de sus instalaciones\" \/>\n<meta property=\"og:url\" content=\"https:\/\/www.clinicaclaros.com\/empresa\/\" \/>\n<meta property=\"og:site_name\" content=\"Cl\u00ed\u00adnica Clar\u00f3s\" \/>\n<meta property=\"article:publisher\" content=\"https:\/\/www.facebook.com\/clinicaclaros\" \/>\n<meta property=\"article:modified_time\" content=\"2019-07-23T10:56:51+00:00\" \/>\n<meta name=\"twitter:card\" content=\"summary_large_image\" \/>\n<meta name=\"twitter:site\" content=\"@ClinicaClaros\" \/>\n<meta name=\"twitter:label1\" content=\"Est. reading time\" \/>\n\t<meta name=\"twitter:data1\" content=\"6 minutes\" \/>\n<script type=\"application\/ld+json\" class=\"yoast-schema-graph\">{\"@context\":\"https:\\\/\\\/schema.org\",\"@graph\":[{\"@type\":\"WebPage\",\"@id\":\"https:\\\/\\\/www.clinicaclaros.com\\\/empresa\\\/\",\"url\":\"https:\\\/\\\/www.clinicaclaros.com\\\/empresa\\\/\",\"name\":\"[:es]Empresa[:en]Business[:ru]\u0438\u0441\u0442\u043e\u0440\u0438\u044f[:ar]\u0634\u0631\u0643\u0629[:ro]Companie[:] - Cl\u00ed\u00adnica Clar\u00f3s\",\"isPartOf\":{\"@id\":\"https:\\\/\\\/www.clinicaclaros.com\\\/#website\"},\"datePublished\":\"2015-05-15T08:00:04+00:00\",\"dateModified\":\"2019-07-23T10:56:51+00:00\",\"description\":\"Historia de la familia Clar\u00f3s, Cl\u00ednica Clar\u00f3s y de sus instalaciones\",\"breadcrumb\":{\"@id\":\"https:\\\/\\\/www.clinicaclaros.com\\\/empresa\\\/#breadcrumb\"},\"inLanguage\":\"en-US\",\"potentialAction\":[{\"@type\":\"ReadAction\",\"target\":[\"https:\\\/\\\/www.clinicaclaros.com\\\/empresa\\\/\"]}]},{\"@type\":\"BreadcrumbList\",\"@id\":\"https:\\\/\\\/www.clinicaclaros.com\\\/empresa\\\/#breadcrumb\",\"itemListElement\":[{\"@type\":\"ListItem\",\"position\":1,\"name\":\"Portada\",\"item\":\"https:\\\/\\\/www.clinicaclaros.com\\\/\"},{\"@type\":\"ListItem\",\"position\":2,\"name\":\"Empresa\"}]},{\"@type\":\"WebSite\",\"@id\":\"https:\\\/\\\/www.clinicaclaros.com\\\/#website\",\"url\":\"https:\\\/\\\/www.clinicaclaros.com\\\/\",\"name\":\"Cl\u00ed\u00adnica Clar\u00f3s\",\"description\":\"Otorrinolaringolog\u00eda y Cirug\u00eda Pl\u00e1stica Facial\",\"publisher\":{\"@id\":\"https:\\\/\\\/www.clinicaclaros.com\\\/#organization\"},\"potentialAction\":[{\"@type\":\"SearchAction\",\"target\":{\"@type\":\"EntryPoint\",\"urlTemplate\":\"https:\\\/\\\/www.clinicaclaros.com\\\/?s={search_term_string}\"},\"query-input\":{\"@type\":\"PropertyValueSpecification\",\"valueRequired\":true,\"valueName\":\"search_term_string\"}}],\"inLanguage\":\"en-US\"},{\"@type\":\"Organization\",\"@id\":\"https:\\\/\\\/www.clinicaclaros.com\\\/#organization\",\"name\":\"Cl\u00ednica Clar\u00f3s\",\"url\":\"https:\\\/\\\/www.clinicaclaros.com\\\/\",\"logo\":{\"@type\":\"ImageObject\",\"inLanguage\":\"en-US\",\"@id\":\"https:\\\/\\\/www.clinicaclaros.com\\\/#\\\/schema\\\/logo\\\/image\\\/\",\"url\":\"https:\\\/\\\/www.clinicaclaros.com\\\/wp-content\\\/uploads\\\/2015\\\/06\\\/logoalargadocabecera.jpg\",\"contentUrl\":\"https:\\\/\\\/www.clinicaclaros.com\\\/wp-content\\\/uploads\\\/2015\\\/06\\\/logoalargadocabecera.jpg\",\"width\":200,\"height\":60,\"caption\":\"Cl\u00ednica Clar\u00f3s\"},\"image\":{\"@id\":\"https:\\\/\\\/www.clinicaclaros.com\\\/#\\\/schema\\\/logo\\\/image\\\/\"},\"sameAs\":[\"https:\\\/\\\/www.facebook.com\\\/clinicaclaros\",\"https:\\\/\\\/x.com\\\/ClinicaClaros\",\"https:\\\/\\\/www.linkedin.com\\\/company\\\/cl\u00ednica-clar\u00f3s\",\"https:\\\/\\\/www.youtube.com\\\/user\\\/FundacioClaros\"]}]}<\/script>\n<!-- \/ Yoast SEO plugin. -->","yoast_head_json":{"title":"[:es]Empresa[:en]Business[:ru]\u0438\u0441\u0442\u043e\u0440\u0438\u044f[:ar]\u0634\u0631\u0643\u0629[:ro]Companie[:] - Cl\u00ed\u00adnica Clar\u00f3s","description":"Historia de la familia Clar\u00f3s, Cl\u00ednica Clar\u00f3s y de sus instalaciones","robots":{"index":"index","follow":"follow","max-snippet":"max-snippet:-1","max-image-preview":"max-image-preview:large","max-video-preview":"max-video-preview:-1"},"canonical":"https:\/\/www.clinicaclaros.com\/empresa\/","og_locale":"en_US","og_type":"article","og_title":"[:es]Empresa[:en]Business[:ru]\u0438\u0441\u0442\u043e\u0440\u0438\u044f[:ar]\u0634\u0631\u0643\u0629[:ro]Companie[:] - Cl\u00ed\u00adnica Clar\u00f3s","og_description":"Historia de la familia Clar\u00f3s, Cl\u00ednica Clar\u00f3s y de sus instalaciones","og_url":"https:\/\/www.clinicaclaros.com\/empresa\/","og_site_name":"Cl\u00ed\u00adnica Clar\u00f3s","article_publisher":"https:\/\/www.facebook.com\/clinicaclaros","article_modified_time":"2019-07-23T10:56:51+00:00","twitter_card":"summary_large_image","twitter_site":"@ClinicaClaros","twitter_misc":{"Est. reading time":"6 minutes"},"schema":{"@context":"https:\/\/schema.org","@graph":[{"@type":"WebPage","@id":"https:\/\/www.clinicaclaros.com\/empresa\/","url":"https:\/\/www.clinicaclaros.com\/empresa\/","name":"[:es]Empresa[:en]Business[:ru]\u0438\u0441\u0442\u043e\u0440\u0438\u044f[:ar]\u0634\u0631\u0643\u0629[:ro]Companie[:] - Cl\u00ed\u00adnica Clar\u00f3s","isPartOf":{"@id":"https:\/\/www.clinicaclaros.com\/#website"},"datePublished":"2015-05-15T08:00:04+00:00","dateModified":"2019-07-23T10:56:51+00:00","description":"Historia de la familia Clar\u00f3s, Cl\u00ednica Clar\u00f3s y de sus instalaciones","breadcrumb":{"@id":"https:\/\/www.clinicaclaros.com\/empresa\/#breadcrumb"},"inLanguage":"en-US","potentialAction":[{"@type":"ReadAction","target":["https:\/\/www.clinicaclaros.com\/empresa\/"]}]},{"@type":"BreadcrumbList","@id":"https:\/\/www.clinicaclaros.com\/empresa\/#breadcrumb","itemListElement":[{"@type":"ListItem","position":1,"name":"Portada","item":"https:\/\/www.clinicaclaros.com\/"},{"@type":"ListItem","position":2,"name":"Empresa"}]},{"@type":"WebSite","@id":"https:\/\/www.clinicaclaros.com\/#website","url":"https:\/\/www.clinicaclaros.com\/","name":"Cl\u00ed\u00adnica Clar\u00f3s","description":"Otorrinolaringolog\u00eda y Cirug\u00eda Pl\u00e1stica Facial","publisher":{"@id":"https:\/\/www.clinicaclaros.com\/#organization"},"potentialAction":[{"@type":"SearchAction","target":{"@type":"EntryPoint","urlTemplate":"https:\/\/www.clinicaclaros.com\/?s={search_term_string}"},"query-input":{"@type":"PropertyValueSpecification","valueRequired":true,"valueName":"search_term_string"}}],"inLanguage":"en-US"},{"@type":"Organization","@id":"https:\/\/www.clinicaclaros.com\/#organization","name":"Cl\u00ednica Clar\u00f3s","url":"https:\/\/www.clinicaclaros.com\/","logo":{"@type":"ImageObject","inLanguage":"en-US","@id":"https:\/\/www.clinicaclaros.com\/#\/schema\/logo\/image\/","url":"https:\/\/www.clinicaclaros.com\/wp-content\/uploads\/2015\/06\/logoalargadocabecera.jpg","contentUrl":"https:\/\/www.clinicaclaros.com\/wp-content\/uploads\/2015\/06\/logoalargadocabecera.jpg","width":200,"height":60,"caption":"Cl\u00ednica Clar\u00f3s"},"image":{"@id":"https:\/\/www.clinicaclaros.com\/#\/schema\/logo\/image\/"},"sameAs":["https:\/\/www.facebook.com\/clinicaclaros","https:\/\/x.com\/ClinicaClaros","https:\/\/www.linkedin.com\/company\/cl\u00ednica-clar\u00f3s","https:\/\/www.youtube.com\/user\/FundacioClaros"]}]}},"_links":{"self":[{"href":"https:\/\/www.clinicaclaros.com\/en\/wp-json\/wp\/v2\/pages\/35424","targetHints":{"allow":["GET"]}}],"collection":[{"href":"https:\/\/www.clinicaclaros.com\/en\/wp-json\/wp\/v2\/pages"}],"about":[{"href":"https:\/\/www.clinicaclaros.com\/en\/wp-json\/wp\/v2\/types\/page"}],"author":[{"embeddable":true,"href":"https:\/\/www.clinicaclaros.com\/en\/wp-json\/wp\/v2\/users\/1"}],"replies":[{"embeddable":true,"href":"https:\/\/www.clinicaclaros.com\/en\/wp-json\/wp\/v2\/comments?post=35424"}],"version-history":[{"count":0,"href":"https:\/\/www.clinicaclaros.com\/en\/wp-json\/wp\/v2\/pages\/35424\/revisions"}],"wp:attachment":[{"href":"https:\/\/www.clinicaclaros.com\/en\/wp-json\/wp\/v2\/media?parent=35424"}],"curies":[{"name":"wp","href":"https:\/\/api.w.org\/{rel}","templated":true}]}}