{"id":16281,"date":"2014-06-16T11:05:17","date_gmt":"2014-06-16T11:05:17","guid":{"rendered":"http:\/\/the7.dream-demo.com\/?page_id=16281"},"modified":"2026-03-16T12:32:05","modified_gmt":"2026-03-16T12:32:05","slug":"contactar","status":"publish","type":"page","link":"https:\/\/www.clinicaclaros.com\/en\/contactar\/","title":{"rendered":"Contact us"},"content":{"rendered":"<div class=\"wpb-content-wrapper\"><p>[vc_row][vc_column][vc_column_text]<\/p>\n<h3 style=\"text-align: center;\"><strong>Cl\u00ednica Clar\u00f3s<\/strong><\/h3>\n<p>[\/vc_column_text][\/vc_column][\/vc_row][vc_row][vc_column][vc_empty_space height=&#8221;20&#8243;][\/vc_column][\/vc_row][vc_row][vc_column width=&#8221;1\/2&#8243;][vc_column_text]<\/p>\n<h4 style=\"text-align: center;\">Contact info<\/h4>\n<p>[\/vc_column_text][vc_column_text]<\/p>\n<p style=\"text-align: center;\"><strong><span class=\"color-title\">Address: <\/span><\/strong>Carrer Els Verg\u00f3s 31 08017 Barcelona<br \/>\n<strong>Tel\u00e9fono:<\/strong><a href=\"tel:+34 93 203 12 12\"> +34 93 203 12 12<\/a><br \/>\n<strong>Email:<\/strong><a href=\"mailto:clinica@clinicaclaros.com\"> clinica@clinicaclaros.com<\/a><br \/>\n<strong>Schedule<\/strong><br \/>\nMonday to Friday: 9:00-21:00<br \/>\nSaturday: 8:00-13:00 (Only appointment by telephone)<\/p>\n<p>[\/vc_column_text][vc_gmaps link=&#8221;#E-8_JTNDaWZyYW1lJTIwc3JjJTNEJTIyaHR0cHMlM0ElMkYlMkZ3d3cuZ29vZ2xlLmNvbSUyRm1hcHMlMkZlbWJlZCUzRnBiJTNEJTIxMW0xNCUyMTFtOCUyMTFtMyUyMTFkMjk5Mi44NjgxODA2NTc5MjclMjEyZDIuMTI5NjQxJTIxM2Q0MS4zOTg2NjkwMDAwMDAwMDUlMjEzbTIlMjExaTEwMjQlMjEyaTc2OCUyMTRmMTMuMSUyMTNtMyUyMTFtMiUyMTFzMHgxMmE0OTg2YjliMzlmZTc3JTI1M0EweDgyNWQxMjBmY2UyZjFjZmUlMjEyelEyekRyVzVwWTJFZ1EyeGhjc096Y3clMjE1ZTAlMjEzbTIlMjExc2VzJTIxMnNlcyUyMTR2MTQzMTUxODQxNTg1OCUyMiUyMHdpZHRoJTNEJTIyNjAwJTIyJTIwaGVpZ2h0JTNEJTIyNDUwJTIyJTIwZnJhbWVib3JkZXIlM0QlMjIwJTIyJTIwc3R5bGUlM0QlMjJib3JkZXIlM0EwJTIyJTNFJTNDJTJGaWZyYW1lJTNF&#8221; size=&#8221;310&#8243;][\/vc_column][vc_column width=&#8221;1\/2&#8243;][vc_column_text]<\/p>\n<h4 style=\"text-align: center;\">Send us a message<\/h4>\n<p>[\/vc_column_text]\n<div class=\"wpcf7 no-js\" id=\"wpcf7-f37017-o2\" lang=\"en-US\" dir=\"ltr\" data-wpcf7-id=\"37017\">\n<div class=\"screen-reader-response\"><p role=\"status\" aria-live=\"polite\" aria-atomic=\"true\"><\/p> <ul><\/ul><\/div>\n<form action=\"\/en\/wp-json\/wp\/v2\/pages\/16281#wpcf7-f37017-o2\" method=\"post\" class=\"wpcf7-form init\" aria-label=\"Contact form\" novalidate=\"novalidate\" data-status=\"init\">\n<fieldset class=\"hidden-fields-container\"><input type=\"hidden\" name=\"_wpcf7\" value=\"37017\" \/><input type=\"hidden\" name=\"_wpcf7_version\" value=\"6.1.5\" \/><input type=\"hidden\" name=\"_wpcf7_locale\" value=\"en_US\" \/><input type=\"hidden\" name=\"_wpcf7_unit_tag\" value=\"wpcf7-f37017-o2\" \/><input type=\"hidden\" name=\"_wpcf7_container_post\" value=\"0\" \/><input type=\"hidden\" name=\"_wpcf7_posted_data_hash\" value=\"\" \/><input type=\"hidden\" name=\"_wpcf7_recaptcha_response\" value=\"\" \/>\n<\/fieldset>\n<p>Your name (mandatory)\n<\/p>\n<p><span class=\"wpcf7-form-control-wrap\" data-name=\"your-name\"><input size=\"40\" maxlength=\"400\" class=\"wpcf7-form-control wpcf7-text wpcf7-validates-as-required\" aria-required=\"true\" aria-invalid=\"false\" value=\"\" type=\"text\" name=\"your-name\" \/><\/span>\n<\/p>\n<p>Phone Number\n<\/p>\n<p><span class=\"wpcf7-form-control-wrap\" data-name=\"tel-644\"><input size=\"40\" maxlength=\"400\" class=\"wpcf7-form-control wpcf7-tel wpcf7-text wpcf7-validates-as-tel\" aria-invalid=\"false\" value=\"\" type=\"tel\" name=\"tel-644\" \/><\/span>\n<\/p>\n<p>Your email (mandatory)\n<\/p>\n<p><span class=\"wpcf7-form-control-wrap\" data-name=\"your-email\"><input size=\"40\" maxlength=\"400\" class=\"wpcf7-form-control wpcf7-email wpcf7-validates-as-required wpcf7-text wpcf7-validates-as-email\" aria-required=\"true\" aria-invalid=\"false\" value=\"\" type=\"email\" name=\"your-email\" \/><\/span>\n<\/p>\n<p>Your message\n<\/p>\n<p><span class=\"wpcf7-form-control-wrap\" data-name=\"your-message\"><textarea cols=\"40\" rows=\"10\" maxlength=\"2000\" class=\"wpcf7-form-control wpcf7-textarea\" aria-invalid=\"false\" name=\"your-message\"><\/textarea><\/span>\n<\/p>\n<p><input class=\"wpcf7-form-control wpcf7-submit has-spinner\" type=\"submit\" value=\"Send\" \/>\n<\/p><div class=\"wpcf7-response-output\" aria-hidden=\"true\"><\/div>\n<\/form>\n<\/div>\n[vc_column_text]<\/p>\n<h6 style=\"text-align: center;\">Sus datos quedan protegidos bajo la Ley Org\u00e1nica de Protecci\u00f3n de Datos, LOPD 15\/1999 en el fichero de CL\u00cdNICA DRES. CLAR\u00d3S, S.C.P. <a href=\"http:\/\/www.clinicaclaros.com\/politica-de-privacidad\/\">M\u00e1s informaci\u00f3n.<\/a><br \/>\n<em>This site is protected by reCAPTCHA and the Google Privacy Policy and Terms of Service apply<\/em><\/h6>\n<p>[\/vc_column_text][\/vc_column][\/vc_row][vc_row][vc_column animation=&#8221;bounceIn&#8221;][vc_column_text]<\/p>\n<h3 style=\"text-align: center;\"><strong>Cl\u00ednica Dental Clar\u00f3s Barcelona<\/strong><\/h3>\n<p>[\/vc_column_text][\/vc_column][\/vc_row][vc_row][vc_column][vc_column_text]<\/p>\n<p style=\"text-align: center;\"><strong><span class=\"color-title\">Contact info<br \/>\nAddress: <\/span><\/strong>Carrer Els Verg\u00f3s 29 08017 Barcelona<br \/>\n<strong>Phone number:<\/strong><a href=\"tel:+34 93 205 15 70\"> +34 93 205 15 70<\/a><br \/>\n<strong>Email: <\/strong><a href=\"mailto:dentalbcn@grupoclaros.es\">dentalbcn@grupoclaros.es<\/a><\/p>\n<p>[\/vc_column_text][vc_gmaps link=&#8221;#E-8_JTNDaWZyYW1lJTIwc3JjJTNEJTIyaHR0cHMlM0ElMkYlMkZ3d3cuZ29vZ2xlLmNvbSUyRm1hcHMlMkZlbWJlZCUzRnBiJTNEJTIxMW0xNCUyMTFtOCUyMTFtMyUyMTFkNzQ4LjIxNjIzNDY5MTg5NiUyMTJkMi4xMzAwMjY1JTIxM2Q0MS4zOTg3Mzk0JTIxM20yJTIxMWkxMDI0JTIxMmk3NjglMjE0ZjEzLjElMjEzbTMlMjExbTIlMjExczB4MTJhNDk4NmI4NDllNjkwYiUyNTNBMHhiNmExZWNjNzdkZjg3OTRiJTIxMnNDbCUyNUMzJTI1QURuaWNhJTJCRGVudGFsJTJCQ2xhciUyNUMzJTI1QjNzJTIxNWUwJTIxM20yJTIxMXNlcyUyMTJzJTIxNHYxNDMxNTkzMDI4NjkxJTIyJTIwd2lkdGglM0QlMjI2MDAlMjIlMjBoZWlnaHQlM0QlMjI0NTAlMjIlMjBmcmFtZWJvcmRlciUzRCUyMjAlMjIlMjBzdHlsZSUzRCUyMmJvcmRlciUzQTAlMjIlM0UlM0MlMkZpZnJhbWUlM0U=&#8221; size=&#8221;310&#8243;][\/vc_column][\/vc_row][vc_row][vc_column animation=&#8221;swing&#8221;][vc_column_text]<\/p>\n<h3 style=\"text-align: center;\"><strong>Cl\u00ednica Dental Clar\u00f3s Viladecans<\/strong><\/h3>\n<p>[\/vc_column_text][\/vc_column][\/vc_row][vc_row][vc_column][vc_column_text]<\/p>\n<p style=\"text-align: center;\"><strong><span class=\"color-title\">Contact Info<br \/>\nAddress: <\/span><\/strong>Calle Rajoleria 12 (locales 3.7-3.8) Viladecans 08840<br \/>\n<strong>Phone number:<\/strong><a href=\"tel:+34 93 637 88 83\"> +34 93 637 88 83<\/a><br \/>\n<strong>Email: <\/strong><a href=\"mailto:dentalvila@grupoclaros.es\">dentalvila@grupoclaros.es<\/a><\/p>\n<p>[\/vc_column_text][vc_gmaps link=&#8221;#E-8_JTNDaWZyYW1lJTIwc3JjJTNEJTIyaHR0cHMlM0ElMkYlMkZ3d3cuZ29vZ2xlLmNvbSUyRm1hcHMlMkZlbWJlZCUzRnBiJTNEJTIxMW0xNCUyMTFtOCUyMTFtMyUyMTFkNTk5My4zNTI1MTExNzc4NTIlMjEyZDIuMDEzNzM0JTIxM2Q0MS4zMTU5MDYlMjEzbTIlMjExaTEwMjQlMjEyaTc2OCUyMTRmMTMuMSUyMTNtMyUyMTFtMiUyMTFzMHgxMmE0OWNlZWUyNWE1MWVkJTI1M0EweDhlOTcyMWE5NGExNTJjMzclMjEyc0NsJTI1QzMlMjVBRG5pY2ElMkJEZW50YWwlMkJDbGFyJTI1QzMlMjVCM3MlMjE1ZTAlMjEzbTIlMjExc2VzJTIxMnNlcyUyMTR2MTQzMTU5MzIxMjcyMSUyMiUyMHdpZHRoJTNEJTIyNjAwJTIyJTIwaGVpZ2h0JTNEJTIyNDUwJTIyJTIwZnJhbWVib3JkZXIlM0QlMjIwJTIyJTIwc3R5bGUlM0QlMjJib3JkZXIlM0EwJTIyJTNFJTNDJTJGaWZyYW1lJTNF&#8221; size=&#8221;310&#8243;][\/vc_column][\/vc_row][vc_row margin_bottom=&#8221;-35&#8243;][vc_column width=&#8221;1\/2&#8243; offset=&#8221;vc_col-lg-6 vc_col-md-6 vc_col-xs-12&#8243;][vc_column_text]<\/p>\n<p>&nbsp;<\/p>\n<p><!-- Google Code for clinica claros call Page --><br \/>\n<script type=\"text\/javascript\">\n(function(a,e,c,f,g,h,b,d){var k={ak:\"944141423\",cl:\"4ghGCJOrp3kQ7-iZwgM\",autoreplace:\"+34 93 203 12 12\"};a[\/vc_column_text]<form class=\"dt-contact-form dt-form privacy-form\" method=\"post\"><input type=\"hidden\" name=\"widget_id\" value=\"presscore-contact-form-widget--1\" \/><input type=\"hidden\" name=\"send_message\" value=\"\" \/><input type=\"hidden\" name=\"security_token\" value=\"3133cca6ac78964fedbb\"\/><div class=\"form-fields\"><span class=\"form-name\"><label class=\"assistive-text\">Name *<\/label><input type=\"text\" class=\"validate[required]\" placeholder=\"Name *\" name=\"name\" value=\"\" aria-required=\"true\">\n<\/span><span class=\"form-mail\"><label class=\"assistive-text\">E-mail *<\/label><input type=\"text\" class=\"validate[required,custom[email]]\" placeholder=\"E-mail *\" name=\"email\" value=\"\" aria-required=\"true\">\n<\/span><span class=\"form-telephone\"><label class=\"assistive-text\">Telephone *<\/label><input type=\"text\" class=\"validate[required,custom[phone]]\" placeholder=\"Telephone *\" name=\"telephone\" value=\"\" aria-required=\"true\">\n<\/span><\/div><span class=\"form-message\"><label class=\"assistive-text\">Message *<\/label><textarea class=\"validate[required]\" placeholder=\"Message *\" name=\"message\" rows=\"6\" aria-required=\"true\"><\/textarea>\n<\/span><p class=\"the7-form-terms-wrap\"><input type=\"checkbox\" id=\"the7-form-terms-2686b822a1b95a0940e608accafd292a\" name=\"terms\" class=\"validate[required] the7-form-terms\" aria-required=\"true\" \/>&nbsp;<label for=\"the7-form-terms-2686b822a1b95a0940e608accafd292a\"><span class=\"form-terms-text\">By using this form you agree with the storage and handling of your data by this website.<\/span><\/label><\/p><p><a href=\"#\" class=\"dt-btn dt-btn-m dt-btn-submit\" rel=\"nofollow\"><span>Enviar<\/span><\/a><input class=\"assistive-text\" type=\"submit\" value=\"submit\"><\/p><\/form>\n[\/vc_column][\/vc_row][vc_row][vc_column][vc_column_text][c][\/vc_column_text][\/vc_column][\/vc_row][vc_row][vc_column][vc_column_text]=a[\/vc_column_text][\/vc_column][\/vc_row][vc_row][vc_column][vc_column_text][c][\/vc_column_text][\/vc_column][\/vc_row][vc_row][vc_column][vc_column_text]||function(){(a[\/vc_column_text][\/vc_column][\/vc_row][vc_row][vc_column][vc_column_text][c][\/vc_column_text][\/vc_column][\/vc_row][vc_row][vc_column][vc_column_text].q=a[\/vc_column_text][\/vc_column][\/vc_row][vc_row][vc_column][vc_column_text][c][\/vc_column_text][\/vc_column][\/vc_row][vc_row][vc_column][vc_column_text].q||[]).push(arguments)};a[g]||(a[g]=k.ak);b=e.createElement(h);b.async=1;b.src=\"\/\/www.gstatic.com\/wcm\/loader.js\";d=e.getElementsByTagName(h)[0];d.parentNode.insertBefore(b,d);a[f]=function(b,d,e){a[\/vc_column_text][\/vc_column][\/vc_row][vc_row][vc_column][vc_column_text][c][\/vc_column_text][\/vc_column][\/vc_row][vc_row][vc_column][vc_column_text](2,b,k,d,null,new Date,e)};a[f]()})(window,document,\"_googWcmImpl\",\"_googWcmGet\",\"_googWcmAk\",\"script\");\n<\/script><br \/>\n<script type=\"text\/javascript\">\n\/* <![CDATA[ *\/ var google_conversion_id = 944141423; var google_conversion_label = \"HSPuCPewpGEQ7-iZwgM\"; var google_remarketing_only = false; \/* ]]> *\/\n<\/script><br \/>\n<script type=\"text\/javascript\" src=\"\/\/www.googleadservices.com\/pagead\/conversion.js\">\n<\/script><\/p>\n<p><noscript><\/p>\n<div style=\"display:inline;\">\n<img loading=\"lazy\" decoding=\"async\" height=\"1\" width=\"1\" style=\"border-style:none;\" alt=\"\" src=\"\/\/www.googleadservices.com\/pagead\/conversion\/944141423\/?label=HSPuCPewpGEQ7-iZwgM&#038;guid=ON&#038;script=0\"\/><\/div>\n<p><\/noscript>[\/vc_column_text][\/vc_column][\/vc_row]<\/p>\n<\/div>","protected":false},"excerpt":{"rendered":"<p>[vc_row][vc_column][vc_column_text] Cl\u00ednica Clar\u00f3s [\/vc_column_text][\/vc_column][\/vc_row][vc_row][vc_column][vc_empty_space height=&#8221;20&#8243;][\/vc_column][\/vc_row][vc_row][vc_column width=&#8221;1\/2&#8243;][vc_column_text] Contact info [\/vc_column_text][vc_column_text] Address: Carrer Els Verg\u00f3s 31 08017 Barcelona Tel\u00e9fono: +34 93 203 12 12 Email: clinica@clinicaclaros.com Schedule Monday to Friday: 9:00-21:00 Saturday: 8:00-13:00 (Only appointment by telephone) [\/vc_column_text][vc_gmaps link=&#8221;#E-8_JTNDaWZyYW1lJTIwc3JjJTNEJTIyaHR0cHMlM0ElMkYlMkZ3d3cuZ29vZ2xlLmNvbSUyRm1hcHMlMkZlbWJlZCUzRnBiJTNEJTIxMW0xNCUyMTFtOCUyMTFtMyUyMTFkMjk5Mi44NjgxODA2NTc5MjclMjEyZDIuMTI5NjQxJTIxM2Q0MS4zOTg2NjkwMDAwMDAwMDUlMjEzbTIlMjExaTEwMjQlMjEyaTc2OCUyMTRmMTMuMSUyMTNtMyUyMTFtMiUyMTFzMHgxMmE0OTg2YjliMzlmZTc3JTI1M0EweDgyNWQxMjBmY2UyZjFjZmUlMjEyelEyekRyVzVwWTJFZ1EyeGhjc096Y3clMjE1ZTAlMjEzbTIlMjExc2VzJTIxMnNlcyUyMTR2MTQzMTUxODQxNTg1OCUyMiUyMHdpZHRoJTNEJTIyNjAwJTIyJTIwaGVpZ2h0JTNEJTIyNDUwJTIyJTIwZnJhbWVib3JkZXIlM0QlMjIwJTIyJTIwc3R5bGUlM0QlMjJib3JkZXIlM0EwJTIyJTNFJTNDJTJGaWZyYW1lJTNF&#8221; size=&#8221;310&#8243;][\/vc_column][vc_column width=&#8221;1\/2&#8243;][vc_column_text] Send us a message [\/vc_column_text][vc_column_text] Sus datos quedan protegidos bajo la Ley Org\u00e1nica de Protecci\u00f3n de&hellip;<\/p>\n","protected":false},"author":1,"featured_media":0,"parent":0,"menu_order":20,"comment_status":"closed","ping_status":"closed","template":"","meta":{"_monsterinsights_skip_tracking":false,"_monsterinsights_sitenote_active":false,"_monsterinsights_sitenote_note":"","_monsterinsights_sitenote_category":0,"footnotes":""},"class_list":["post-16281","page","type-page","status-publish","hentry","description-off"],"yoast_head":"<!-- This site is optimized with the Yoast SEO plugin v27.4 - https:\/\/yoast.com\/product\/yoast-seo-wordpress\/ -->\n<title>Contactar con Cl\u00ednica Clar\u00f3s<\/title>\n<meta name=\"description\" content=\"Contacta con Cl\u00ednica Clar\u00f3s. Estamos en la Calle Los Verg\u00f3s 31, Barcelona. N\u00famero de tel\u00e9fono: 93 203 12 12. Llama ahora para pedir cita.\" \/>\n<meta name=\"robots\" content=\"index, follow, max-snippet:-1, max-image-preview:large, max-video-preview:-1\" \/>\n<link rel=\"canonical\" href=\"https:\/\/www.clinicaclaros.com\/contactar\/\" \/>\n<meta property=\"og:locale\" content=\"en_US\" \/>\n<meta property=\"og:type\" content=\"article\" \/>\n<meta property=\"og:title\" content=\"Contactar con Cl\u00ednica Clar\u00f3s\" \/>\n<meta property=\"og:description\" content=\"Contacta con Cl\u00ednica Clar\u00f3s. Estamos en la Calle Los Verg\u00f3s 31, Barcelona. N\u00famero de tel\u00e9fono: 93 203 12 12. Llama ahora para pedir cita.\" \/>\n<meta property=\"og:url\" content=\"https:\/\/www.clinicaclaros.com\/contactar\/\" \/>\n<meta property=\"og:site_name\" content=\"Cl\u00ed\u00adnica Clar\u00f3s\" \/>\n<meta property=\"article:publisher\" content=\"https:\/\/www.facebook.com\/clinicaclaros\" \/>\n<meta property=\"article:modified_time\" content=\"2026-03-16T12:32:05+00:00\" \/>\n<meta name=\"twitter:card\" content=\"summary_large_image\" \/>\n<meta name=\"twitter:site\" content=\"@ClinicaClaros\" \/>\n<meta name=\"twitter:label1\" content=\"Est. reading time\" \/>\n\t<meta name=\"twitter:data1\" content=\"9 minutes\" \/>\n<script type=\"application\/ld+json\" class=\"yoast-schema-graph\">{\"@context\":\"https:\\\/\\\/schema.org\",\"@graph\":[{\"@type\":\"WebPage\",\"@id\":\"https:\\\/\\\/www.clinicaclaros.com\\\/contactar\\\/\",\"url\":\"https:\\\/\\\/www.clinicaclaros.com\\\/contactar\\\/\",\"name\":\"Contactar con Cl\u00ednica Clar\u00f3s\",\"isPartOf\":{\"@id\":\"https:\\\/\\\/www.clinicaclaros.com\\\/#website\"},\"datePublished\":\"2014-06-16T11:05:17+00:00\",\"dateModified\":\"2026-03-16T12:32:05+00:00\",\"description\":\"Contacta con Cl\u00ednica Clar\u00f3s. Estamos en la Calle Los Verg\u00f3s 31, Barcelona. N\u00famero de tel\u00e9fono: 93 203 12 12. Llama ahora para pedir cita.\",\"breadcrumb\":{\"@id\":\"https:\\\/\\\/www.clinicaclaros.com\\\/contactar\\\/#breadcrumb\"},\"inLanguage\":\"en-US\",\"potentialAction\":[{\"@type\":\"ReadAction\",\"target\":[\"https:\\\/\\\/www.clinicaclaros.com\\\/contactar\\\/\"]}]},{\"@type\":\"BreadcrumbList\",\"@id\":\"https:\\\/\\\/www.clinicaclaros.com\\\/contactar\\\/#breadcrumb\",\"itemListElement\":[{\"@type\":\"ListItem\",\"position\":1,\"name\":\"Portada\",\"item\":\"https:\\\/\\\/www.clinicaclaros.com\\\/\"},{\"@type\":\"ListItem\",\"position\":2,\"name\":\"Contactar\"}]},{\"@type\":\"WebSite\",\"@id\":\"https:\\\/\\\/www.clinicaclaros.com\\\/#website\",\"url\":\"https:\\\/\\\/www.clinicaclaros.com\\\/\",\"name\":\"Cl\u00ed\u00adnica Clar\u00f3s\",\"description\":\"Otorrinolaringolog\u00eda y Cirug\u00eda Pl\u00e1stica Facial\",\"publisher\":{\"@id\":\"https:\\\/\\\/www.clinicaclaros.com\\\/#organization\"},\"potentialAction\":[{\"@type\":\"SearchAction\",\"target\":{\"@type\":\"EntryPoint\",\"urlTemplate\":\"https:\\\/\\\/www.clinicaclaros.com\\\/?s={search_term_string}\"},\"query-input\":{\"@type\":\"PropertyValueSpecification\",\"valueRequired\":true,\"valueName\":\"search_term_string\"}}],\"inLanguage\":\"en-US\"},{\"@type\":\"Organization\",\"@id\":\"https:\\\/\\\/www.clinicaclaros.com\\\/#organization\",\"name\":\"Cl\u00ednica Clar\u00f3s\",\"url\":\"https:\\\/\\\/www.clinicaclaros.com\\\/\",\"logo\":{\"@type\":\"ImageObject\",\"inLanguage\":\"en-US\",\"@id\":\"https:\\\/\\\/www.clinicaclaros.com\\\/#\\\/schema\\\/logo\\\/image\\\/\",\"url\":\"https:\\\/\\\/www.clinicaclaros.com\\\/wp-content\\\/uploads\\\/2015\\\/06\\\/logoalargadocabecera.jpg\",\"contentUrl\":\"https:\\\/\\\/www.clinicaclaros.com\\\/wp-content\\\/uploads\\\/2015\\\/06\\\/logoalargadocabecera.jpg\",\"width\":200,\"height\":60,\"caption\":\"Cl\u00ednica Clar\u00f3s\"},\"image\":{\"@id\":\"https:\\\/\\\/www.clinicaclaros.com\\\/#\\\/schema\\\/logo\\\/image\\\/\"},\"sameAs\":[\"https:\\\/\\\/www.facebook.com\\\/clinicaclaros\",\"https:\\\/\\\/x.com\\\/ClinicaClaros\",\"https:\\\/\\\/www.linkedin.com\\\/company\\\/cl\u00ednica-clar\u00f3s\",\"https:\\\/\\\/www.youtube.com\\\/user\\\/FundacioClaros\"]}]}<\/script>\n<!-- \/ Yoast SEO plugin. -->","yoast_head_json":{"title":"Contactar con Cl\u00ednica Clar\u00f3s","description":"Contacta con Cl\u00ednica Clar\u00f3s. Estamos en la Calle Los Verg\u00f3s 31, Barcelona. N\u00famero de tel\u00e9fono: 93 203 12 12. Llama ahora para pedir cita.","robots":{"index":"index","follow":"follow","max-snippet":"max-snippet:-1","max-image-preview":"max-image-preview:large","max-video-preview":"max-video-preview:-1"},"canonical":"https:\/\/www.clinicaclaros.com\/contactar\/","og_locale":"en_US","og_type":"article","og_title":"Contactar con Cl\u00ednica Clar\u00f3s","og_description":"Contacta con Cl\u00ednica Clar\u00f3s. Estamos en la Calle Los Verg\u00f3s 31, Barcelona. N\u00famero de tel\u00e9fono: 93 203 12 12. Llama ahora para pedir cita.","og_url":"https:\/\/www.clinicaclaros.com\/contactar\/","og_site_name":"Cl\u00ed\u00adnica Clar\u00f3s","article_publisher":"https:\/\/www.facebook.com\/clinicaclaros","article_modified_time":"2026-03-16T12:32:05+00:00","twitter_card":"summary_large_image","twitter_site":"@ClinicaClaros","twitter_misc":{"Est. reading time":"9 minutes"},"schema":{"@context":"https:\/\/schema.org","@graph":[{"@type":"WebPage","@id":"https:\/\/www.clinicaclaros.com\/contactar\/","url":"https:\/\/www.clinicaclaros.com\/contactar\/","name":"Contactar con Cl\u00ednica Clar\u00f3s","isPartOf":{"@id":"https:\/\/www.clinicaclaros.com\/#website"},"datePublished":"2014-06-16T11:05:17+00:00","dateModified":"2026-03-16T12:32:05+00:00","description":"Contacta con Cl\u00ednica Clar\u00f3s. Estamos en la Calle Los Verg\u00f3s 31, Barcelona. N\u00famero de tel\u00e9fono: 93 203 12 12. Llama ahora para pedir cita.","breadcrumb":{"@id":"https:\/\/www.clinicaclaros.com\/contactar\/#breadcrumb"},"inLanguage":"en-US","potentialAction":[{"@type":"ReadAction","target":["https:\/\/www.clinicaclaros.com\/contactar\/"]}]},{"@type":"BreadcrumbList","@id":"https:\/\/www.clinicaclaros.com\/contactar\/#breadcrumb","itemListElement":[{"@type":"ListItem","position":1,"name":"Portada","item":"https:\/\/www.clinicaclaros.com\/"},{"@type":"ListItem","position":2,"name":"Contactar"}]},{"@type":"WebSite","@id":"https:\/\/www.clinicaclaros.com\/#website","url":"https:\/\/www.clinicaclaros.com\/","name":"Cl\u00ed\u00adnica Clar\u00f3s","description":"Otorrinolaringolog\u00eda y Cirug\u00eda Pl\u00e1stica Facial","publisher":{"@id":"https:\/\/www.clinicaclaros.com\/#organization"},"potentialAction":[{"@type":"SearchAction","target":{"@type":"EntryPoint","urlTemplate":"https:\/\/www.clinicaclaros.com\/?s={search_term_string}"},"query-input":{"@type":"PropertyValueSpecification","valueRequired":true,"valueName":"search_term_string"}}],"inLanguage":"en-US"},{"@type":"Organization","@id":"https:\/\/www.clinicaclaros.com\/#organization","name":"Cl\u00ednica Clar\u00f3s","url":"https:\/\/www.clinicaclaros.com\/","logo":{"@type":"ImageObject","inLanguage":"en-US","@id":"https:\/\/www.clinicaclaros.com\/#\/schema\/logo\/image\/","url":"https:\/\/www.clinicaclaros.com\/wp-content\/uploads\/2015\/06\/logoalargadocabecera.jpg","contentUrl":"https:\/\/www.clinicaclaros.com\/wp-content\/uploads\/2015\/06\/logoalargadocabecera.jpg","width":200,"height":60,"caption":"Cl\u00ednica Clar\u00f3s"},"image":{"@id":"https:\/\/www.clinicaclaros.com\/#\/schema\/logo\/image\/"},"sameAs":["https:\/\/www.facebook.com\/clinicaclaros","https:\/\/x.com\/ClinicaClaros","https:\/\/www.linkedin.com\/company\/cl\u00ednica-clar\u00f3s","https:\/\/www.youtube.com\/user\/FundacioClaros"]}]}},"_links":{"self":[{"href":"https:\/\/www.clinicaclaros.com\/en\/wp-json\/wp\/v2\/pages\/16281","targetHints":{"allow":["GET"]}}],"collection":[{"href":"https:\/\/www.clinicaclaros.com\/en\/wp-json\/wp\/v2\/pages"}],"about":[{"href":"https:\/\/www.clinicaclaros.com\/en\/wp-json\/wp\/v2\/types\/page"}],"author":[{"embeddable":true,"href":"https:\/\/www.clinicaclaros.com\/en\/wp-json\/wp\/v2\/users\/1"}],"replies":[{"embeddable":true,"href":"https:\/\/www.clinicaclaros.com\/en\/wp-json\/wp\/v2\/comments?post=16281"}],"version-history":[{"count":0,"href":"https:\/\/www.clinicaclaros.com\/en\/wp-json\/wp\/v2\/pages\/16281\/revisions"}],"wp:attachment":[{"href":"https:\/\/www.clinicaclaros.com\/en\/wp-json\/wp\/v2\/media?parent=16281"}],"curies":[{"name":"wp","href":"https:\/\/api.w.org\/{rel}","templated":true}]}}