{"id":14069,"date":"2014-04-14T12:27:03","date_gmt":"2014-04-14T12:27:03","guid":{"rendered":"http:\/\/the7.dream-demo.com\/?page_id=14069"},"modified":"2014-04-14T12:27:03","modified_gmt":"2014-04-14T12:27:03","slug":"teasers","status":"publish","type":"page","link":"https:\/\/www.clinicaclaros.com\/en\/shortcodes\/5-shortcodes\/teasers\/","title":{"rendered":"Teasers"},"content":{"rendered":"<div class=\"wpb-content-wrapper\"><p>[vc_row margin_top=&#8221;0&#8243; margin_bottom=&#8221;0&#8243; padding_left=&#8221;40&#8243; padding_right=&#8221;40&#8243; bg_position=&#8221;top&#8221; bg_repeat=&#8221;no-repeat&#8221; bg_cover=&#8221;false&#8221; bg_attachment=&#8221;false&#8221; padding_top=&#8221;40&#8243; padding_bottom=&#8221;40&#8243; parallax_speed=&#8221;0.1&#8243;][vc_column width=&#8221;1\/2&#8243;]<section class=\"shortcode-teaser frame-on fadeInLeft animate-element\"><div class=\"shortcode-teaser-img\"><a class=\"layzr-bg rollover rollover-zoom dt-pswp-item\" href=\"https:\/\/www.clinicaclaros.com\/wp-content\/uploads\/2014\/11\/dummy005.jpg\" title=\"\" data-dt-img-description=\"\"><img loading=\"lazy\" decoding=\"async\" class=\"lazy-load\" src=\"data:image\/svg+xml;charset=utf-8,%3Csvg xmlns%3D&#039;http%3A%2F%2Fwww.w3.org%2F2000%2Fsvg&#039; viewBox%3D&#039;0 0 1200 900&#039;%2F%3E\" width=\"1200\" height=\"900\" data-srcset=\"https:\/\/www.clinicaclaros.com\/wp-content\/uploads\/2014\/11\/dummy005.jpg 1200w\" data-src=\"https:\/\/www.clinicaclaros.com\/wp-content\/uploads\/2014\/11\/dummy005.jpg\" \/><\/a><\/div><div class=\"shortcode-teaser-content text-normal\"><h4>Image with lightbox<\/h4>\n<p>Donec potenti ornare\u00a0nec gravida dui non glavrida nulla dolor arcu pharetra.<\/p>\n<\/div><\/section>[vc_empty_space height=&#8221;44px&#8221;][\/vc_column][vc_column width=&#8221;1\/2&#8243;]<section class=\"shortcode-teaser frame-fancy frame-on fadeInRight animate-element\"><div class=\"shortcode-teaser-img\"><a class=\"layzr-bg rollover\" href=\"http:\/\/themeforest.net\/user\/Dream-Theme\/portfolio\" target=\"_blank\"><img loading=\"lazy\" decoding=\"async\" class=\"lazy-load\" src=\"data:image\/svg+xml;charset=utf-8,%3Csvg xmlns%3D&#039;http%3A%2F%2Fwww.w3.org%2F2000%2Fsvg&#039; viewBox%3D&#039;0 0 1200 900&#039;%2F%3E\" width=\"1200\" height=\"900\" data-srcset=\"https:\/\/www.clinicaclaros.com\/wp-content\/uploads\/2014\/11\/dummy002.jpg 1200w\" data-src=\"https:\/\/www.clinicaclaros.com\/wp-content\/uploads\/2014\/11\/dummy002.jpg\" \/><\/a><\/div><div class=\"shortcode-teaser-content text-big\"><h4 style=\"text-align: center;\">Image with link (blank)<\/h4>\n<p style=\"text-align: center;\">Cursus pulvinar lorem.\u00a0Suspen disse lorem amet comm hunitas for potenti.<\/p>\n<\/div><\/section>[vc_empty_space height=&#8221;44px&#8221;][\/vc_column][\/vc_row][vc_row margin_top=&#8221;0&#8243; margin_bottom=&#8221;0&#8243; padding_left=&#8221;40&#8243; padding_right=&#8221;40&#8243; bg_position=&#8221;top&#8221; bg_repeat=&#8221;no-repeat&#8221; bg_cover=&#8221;false&#8221; bg_attachment=&#8221;false&#8221; padding_top=&#8221;40&#8243; padding_bottom=&#8221;40&#8243; parallax_speed=&#8221;0.1&#8243;][vc_column width=&#8221;1\/3&#8243;]<section class=\"shortcode-teaser img-full frame-fancy frame-on fadeInUp animate-element\"><div class=\"shortcode-teaser-img\"><a class=\"layzr-bg rollover rollover-zoom dt-pswp-item\" href=\"https:\/\/www.clinicaclaros.com\/wp-content\/uploads\/2014\/11\/dummy004.jpg\" title=\"\" data-dt-img-description=\"\"><img loading=\"lazy\" decoding=\"async\" class=\"lazy-load\" src=\"data:image\/svg+xml;charset=utf-8,%3Csvg xmlns%3D&#039;http%3A%2F%2Fwww.w3.org%2F2000%2Fsvg&#039; viewBox%3D&#039;0 0 1200 900&#039;%2F%3E\" width=\"1200\" height=\"900\" data-srcset=\"https:\/\/www.clinicaclaros.com\/wp-content\/uploads\/2014\/11\/dummy004.jpg 1200w\" data-src=\"https:\/\/www.clinicaclaros.com\/wp-content\/uploads\/2014\/11\/dummy004.jpg\" \/><\/a><\/div><div class=\"shortcode-teaser-content text-small\"><h5 style=\"text-align: center;\">Image &amp;\u00a0lightbox<\/h5>\n<p style=\"text-align: center;\">Donec potenti ornare\u00a0nec \u00a0dui \u00a0dolor amet cursus pulvinar lorem.<\/p>\n<div class=\"gap\" style=\"line-height: 5px; height: 5px;\"><\/div>\n<p style=\"text-align: center;\"><a href=\"http:\/\/themeforest.net\/user\/Dream-Theme\" class=\"btn-shortcode dt-btn-s dt-btn default-btn-color default-btn-hover-color default-btn-bg-color default-btn-bg-hover-color\" target=\"_blank\" id=\"dt-btn-1\" rel=\"noopener\"><span>Read more<\/span><\/a><\/p>\n<\/div><\/section>[vc_empty_space height=&#8221;44px&#8221;][\/vc_column][vc_column width=&#8221;1\/3&#8243;]<section class=\"shortcode-teaser img-full fadeInUp animate-element\"><div class=\"shortcode-teaser-img\"><a class=\"layzr-bg rollover\" href=\"http:\/\/themeforest.net\/user\/Dream-Theme\/portfolio\"><img loading=\"lazy\" decoding=\"async\" class=\"lazy-load\" src=\"data:image\/svg+xml;charset=utf-8,%3Csvg xmlns%3D&#039;http%3A%2F%2Fwww.w3.org%2F2000%2Fsvg&#039; viewBox%3D&#039;0 0 1200 900&#039;%2F%3E\" width=\"1200\" height=\"900\" data-srcset=\"https:\/\/www.clinicaclaros.com\/wp-content\/uploads\/2014\/11\/dummy002.jpg 1200w\" data-src=\"https:\/\/www.clinicaclaros.com\/wp-content\/uploads\/2014\/11\/dummy002.jpg\" \/><\/a><\/div><div class=\"shortcode-teaser-content text-small\"><h5 style=\"text-align: center;\">Image &amp;\u00a0link (self)<\/h5>\n<p style=\"text-align: center;\">Donec potenti ornare\u00a0nec gravida amet fort duinon dolor amet cursus pulvinar from lorem.<\/p>\n<div class=\"gap\" style=\"line-height: 5px; height: 5px;\"><\/div>\n<p style=\"text-align: center;\"><a href=\"http:\/\/themeforest.net\/user\/Dream-Theme\" class=\"btn-shortcode dt-btn-s dt-btn btn-light default-btn-color default-btn-hover-color default-btn-bg-color default-btn-bg-hover-color\" target=\"_blank\" id=\"dt-btn-2\" rel=\"noopener\"><span>Read more<\/span><\/a><\/p>\n<\/div><\/section>[vc_empty_space height=&#8221;44px&#8221;][\/vc_column][vc_column width=&#8221;1\/3&#8243;]<section class=\"shortcode-teaser img-full frame-on fadeInUp animate-element\"><div class=\"layzr-bg shortcode-teaser-img\"><img loading=\"lazy\" decoding=\"async\" class=\"lazy-load\" src=\"data:image\/svg+xml;charset=utf-8,%3Csvg xmlns%3D&#039;http%3A%2F%2Fwww.w3.org%2F2000%2Fsvg&#039; viewBox%3D&#039;0 0 1200 900&#039;%2F%3E\" width=\"1200\" height=\"900\" data-srcset=\"https:\/\/www.clinicaclaros.com\/wp-content\/uploads\/2014\/11\/dummy001.jpg 1200w\" data-src=\"https:\/\/www.clinicaclaros.com\/wp-content\/uploads\/2014\/11\/dummy001.jpg\" \/><\/div><div class=\"shortcode-teaser-content text-small\"><h5 style=\"text-align: center;\">No link or lightbox<\/h5>\n<p style=\"text-align: center;\">Donec potenti ornare\u00a0nec gravida dui dolor amet cursus lorem.<\/p>\n<div class=\"gap\" style=\"line-height: 5px; height: 5px;\"><\/div>\n<p style=\"text-align: center;\"><a href=\"http:\/\/themeforest.net\/user\/Dream-Theme\" class=\"btn-shortcode dt-btn-s dt-btn default-btn-color default-btn-hover-color default-btn-bg-color default-btn-bg-hover-color\" target=\"_blank\" id=\"dt-btn-3\" rel=\"noopener\"><span>Read more<\/span><\/a><\/p>\n<\/div><\/section>[vc_empty_space height=&#8221;44px&#8221;][\/vc_column][\/vc_row][vc_row margin_top=&#8221;0&#8243; margin_bottom=&#8221;0&#8243; padding_left=&#8221;40&#8243; padding_right=&#8221;40&#8243; bg_position=&#8221;top&#8221; bg_repeat=&#8221;no-repeat&#8221; bg_cover=&#8221;false&#8221; bg_attachment=&#8221;false&#8221; padding_top=&#8221;40&#8243; padding_bottom=&#8221;40&#8243; parallax_speed=&#8221;0.1&#8243;][vc_column width=&#8221;1\/2&#8243;]<section class=\"shortcode-teaser frame-on fadeInLeft animate-element\"><div class=\"shortcode-teaser-content text-big\"><h3>Lorem ipsum teaser<\/h3>\n<p>Donec potenti ornare\u00a0nec gravida dolor arcu pharetra cursus pulvinar lorem.\u00a0Suspen ipsum dolor amet communitas potenti.<\/p>\n<\/div><\/section>[vc_empty_space height=&#8221;44px&#8221;][\/vc_column][vc_column width=&#8221;1\/2&#8243;]<section class=\"shortcode-teaser frame-fancy frame-on fadeInRight animate-element\"><div class=\"shortcode-teaser-content text-big\"><h3 style=\"text-align: center;\">Lorem ipsum teaser<\/h3>\n<p style=\"text-align: center;\">Donec potenti ornare\u00a0nec glavrida nulla dolor arcu pharetra cursus pulvinar lorem.\u00a0Suspen disse lorem ipsum dolor amet communitas potenti.<\/p>\n<\/div><\/section>[vc_empty_space height=&#8221;44px&#8221;][\/vc_column][\/vc_row][vc_row margin_top=&#8221;0&#8243; margin_bottom=&#8221;-44&#8243; padding_left=&#8221;0&#8243; padding_right=&#8221;0&#8243; bg_position=&#8221;top&#8221; bg_repeat=&#8221;no-repeat&#8221; bg_cover=&#8221;false&#8221; bg_attachment=&#8221;false&#8221; padding_top=&#8221;0&#8243; padding_bottom=&#8221;0&#8243; parallax_speed=&#8221;0.1&#8243;][vc_column width=&#8221;1\/3&#8243;]<section class=\"shortcode-teaser img-full frame-fancy frame-on fadeInUp animate-element shortcode-single-video\"><div class=\"shortcode-teaser-img\"><div class=\"shortcode-teaser-video\"><iframe loading=\"lazy\" width=\"1200\" height=\"675\" src=\"http:\/\/www.youtube.com\/embed\/R9lCXVFCs20?feature=oembed\" frameborder=\"0\" allowfullscreen><\/iframe><\/div><\/div><div class=\"shortcode-teaser-content text-small\"><h5 style=\"text-align: center;\">Video teaser<\/h5>\n<p style=\"text-align: center;\">Donec potenti ornare\u00a0nec gravida dui dolor amet cursus lorem.<\/p>\n<div class=\"gap\" style=\"line-height: 5px; height: 5px;\"><\/div>\n<p style=\"text-align: center;\"><a href=\"http:\/\/themeforest.net\/user\/Dream-Theme\" class=\"btn-shortcode dt-btn-s dt-btn default-btn-color default-btn-hover-color default-btn-bg-color default-btn-bg-hover-color\" target=\"_blank\" id=\"dt-btn-4\" rel=\"noopener\"><span>Read more<\/span><\/a><\/p>\n<\/div><\/section>[vc_empty_space height=&#8221;44px&#8221;][\/vc_column][vc_column width=&#8221;1\/3&#8243;]<section class=\"shortcode-teaser img-full fadeInUp animate-element shortcode-single-video\"><div class=\"shortcode-teaser-img\"><div class=\"shortcode-teaser-video\"><iframe loading=\"lazy\" width=\"1200\" height=\"675\" src=\"http:\/\/www.youtube.com\/embed\/kuceVNBTJio?feature=oembed\" frameborder=\"0\" allowfullscreen><\/iframe><\/div><\/div><div class=\"shortcode-teaser-content text-small\"><h5 style=\"text-align: center;\">Video teaser<\/h5>\n<p style=\"text-align: center;\">Donec dolor amet for potenti ornare\u00a0nec gravida dui dolor amet cursus lorem.<\/p>\n<div class=\"gap\" style=\"line-height: 5px; height: 5px;\"><\/div>\n<p style=\"text-align: center;\"><a href=\"http:\/\/themeforest.net\/user\/Dream-Theme\" class=\"btn-shortcode dt-btn-s dt-btn btn-light default-btn-color default-btn-hover-color default-btn-bg-color default-btn-bg-hover-color\" target=\"_blank\" id=\"dt-btn-5\" rel=\"noopener\"><span>Read more<\/span><\/a><\/p>\n<\/div><\/section>[vc_empty_space height=&#8221;44px&#8221;][\/vc_column][vc_column width=&#8221;1\/3&#8243;]<section class=\"shortcode-teaser img-full frame-on fadeInUp animate-element shortcode-single-video\"><div class=\"shortcode-teaser-img\"><div class=\"shortcode-teaser-video\"><iframe loading=\"lazy\" src=\"\/\/player.vimeo.com\/video\/80547152\" width=\"1200\" height=\"675\" frameborder=\"0\" title=\"Space Bruce\" webkitallowfullscreen mozallowfullscreen allowfullscreen><\/iframe><\/div><\/div><div class=\"shortcode-teaser-content text-small\"><h5 style=\"text-align: center;\">Video teaser<\/h5>\n<p style=\"text-align: center;\">Donec potenti ornare\u00a0nec gravida dui dolor amet cursus lorem.<\/p>\n<div class=\"gap\" style=\"line-height: 5px; height: 5px;\"><\/div>\n<p style=\"text-align: center;\"><a href=\"http:\/\/themeforest.net\/user\/Dream-Theme\" class=\"btn-shortcode dt-btn-s dt-btn default-btn-color default-btn-hover-color default-btn-bg-color default-btn-bg-hover-color\" target=\"_blank\" id=\"dt-btn-6\" rel=\"noopener\"><span>Read more<\/span><\/a><\/p>\n<\/div><\/section>[vc_empty_space height=&#8221;44px&#8221;][\/vc_column][\/vc_row]<\/p>\n<\/div>","protected":false},"excerpt":{"rendered":"<p>[vc_row margin_top=&#8221;0&#8243; margin_bottom=&#8221;0&#8243; padding_left=&#8221;40&#8243; padding_right=&#8221;40&#8243; bg_position=&#8221;top&#8221; bg_repeat=&#8221;no-repeat&#8221; bg_cover=&#8221;false&#8221; bg_attachment=&#8221;false&#8221; padding_top=&#8221;40&#8243; padding_bottom=&#8221;40&#8243; parallax_speed=&#8221;0.1&#8243;][vc_column width=&#8221;1\/2&#8243;][vc_empty_space height=&#8221;44px&#8221;][\/vc_column][vc_column width=&#8221;1\/2&#8243;][vc_empty_space height=&#8221;44px&#8221;][\/vc_column][\/vc_row][vc_row margin_top=&#8221;0&#8243; margin_bottom=&#8221;0&#8243; padding_left=&#8221;40&#8243; padding_right=&#8221;40&#8243; bg_position=&#8221;top&#8221; bg_repeat=&#8221;no-repeat&#8221; bg_cover=&#8221;false&#8221; bg_attachment=&#8221;false&#8221; padding_top=&#8221;40&#8243; padding_bottom=&#8221;40&#8243; parallax_speed=&#8221;0.1&#8243;][vc_column width=&#8221;1\/3&#8243;][vc_empty_space height=&#8221;44px&#8221;][\/vc_column][vc_column width=&#8221;1\/3&#8243;][vc_empty_space height=&#8221;44px&#8221;][\/vc_column][vc_column width=&#8221;1\/3&#8243;][vc_empty_space height=&#8221;44px&#8221;][\/vc_column][\/vc_row][vc_row margin_top=&#8221;0&#8243; margin_bottom=&#8221;0&#8243; padding_left=&#8221;40&#8243; padding_right=&#8221;40&#8243; bg_position=&#8221;top&#8221; bg_repeat=&#8221;no-repeat&#8221; bg_cover=&#8221;false&#8221; bg_attachment=&#8221;false&#8221; padding_top=&#8221;40&#8243; padding_bottom=&#8221;40&#8243; parallax_speed=&#8221;0.1&#8243;][vc_column width=&#8221;1\/2&#8243;][vc_empty_space height=&#8221;44px&#8221;][\/vc_column][vc_column width=&#8221;1\/2&#8243;][vc_empty_space height=&#8221;44px&#8221;][\/vc_column][\/vc_row][vc_row margin_top=&#8221;0&#8243; margin_bottom=&#8221;-44&#8243; padding_left=&#8221;0&#8243; padding_right=&#8221;0&#8243; bg_position=&#8221;top&#8221; bg_repeat=&#8221;no-repeat&#8221; bg_cover=&#8221;false&#8221;&hellip;<\/p>\n","protected":false},"author":1,"featured_media":0,"parent":19105,"menu_order":540,"comment_status":"closed","ping_status":"closed","template":"","meta":{"_monsterinsights_skip_tracking":false,"_monsterinsights_sitenote_active":false,"_monsterinsights_sitenote_note":"","_monsterinsights_sitenote_category":0,"footnotes":""},"class_list":["post-14069","page","type-page","status-publish","hentry","description-off"],"yoast_head":"<!-- This site is optimized with the Yoast SEO plugin v27.4 - https:\/\/yoast.com\/product\/yoast-seo-wordpress\/ -->\n<title>Teasers - Cl\u00ed\u00adnica Clar\u00f3s<\/title>\n<meta name=\"description\" content=\"Otorrino Cirug\u00eda Pl\u00e1stica, Contactar, Cl\u00ednica Clar\u00f3s, Equipo profesional. Urgencias Otorrino en Barcelona. Llame ahora. Cirug\u00eda Pl\u00e1stica Facial. Siempre a su servicio. Otorrinolaringolog\u00eda. + 40 a\u00f1os de experiencia. Servicios: Otorrinolaringolog\u00eda, Cirug\u00eda facial.\" \/>\n<meta name=\"robots\" content=\"index, follow, max-snippet:-1, max-image-preview:large, max-video-preview:-1\" \/>\n<link rel=\"canonical\" href=\"https:\/\/www.clinicaclaros.com\/ru\/shortcodes\/5-shortcodes\/teasers\/\" \/>\n<meta property=\"og:locale\" content=\"en_US\" \/>\n<meta property=\"og:type\" content=\"article\" \/>\n<meta property=\"og:title\" content=\"Teasers - Cl\u00ed\u00adnica Clar\u00f3s\" \/>\n<meta property=\"og:description\" content=\"Otorrino Cirug\u00eda Pl\u00e1stica, Contactar, Cl\u00ednica Clar\u00f3s, Equipo profesional. Urgencias Otorrino en Barcelona. Llame ahora. Cirug\u00eda Pl\u00e1stica Facial. Siempre a su servicio. Otorrinolaringolog\u00eda. + 40 a\u00f1os de experiencia. Servicios: Otorrinolaringolog\u00eda, Cirug\u00eda facial.\" \/>\n<meta property=\"og:url\" content=\"https:\/\/www.clinicaclaros.com\/ru\/shortcodes\/5-shortcodes\/teasers\/\" \/>\n<meta property=\"og:site_name\" content=\"Cl\u00ed\u00adnica Clar\u00f3s\" \/>\n<meta property=\"article:publisher\" content=\"https:\/\/www.facebook.com\/clinicaclaros\" \/>\n<meta name=\"twitter:card\" content=\"summary_large_image\" \/>\n<meta name=\"twitter:site\" content=\"@ClinicaClaros\" \/>\n<meta name=\"twitter:label1\" content=\"Est. reading time\" \/>\n\t<meta name=\"twitter:data1\" content=\"4 minutes\" \/>\n<script type=\"application\/ld+json\" class=\"yoast-schema-graph\">{\"@context\":\"https:\\\/\\\/schema.org\",\"@graph\":[{\"@type\":\"WebPage\",\"@id\":\"https:\\\/\\\/www.clinicaclaros.com\\\/ru\\\/shortcodes\\\/5-shortcodes\\\/teasers\\\/\",\"url\":\"https:\\\/\\\/www.clinicaclaros.com\\\/ru\\\/shortcodes\\\/5-shortcodes\\\/teasers\\\/\",\"name\":\"Teasers - Cl\u00ed\u00adnica Clar\u00f3s\",\"isPartOf\":{\"@id\":\"https:\\\/\\\/www.clinicaclaros.com\\\/#website\"},\"datePublished\":\"2014-04-14T12:27:03+00:00\",\"description\":\"Otorrino Cirug\u00eda Pl\u00e1stica, Contactar, Cl\u00ednica Clar\u00f3s, Equipo profesional. Urgencias Otorrino en Barcelona. Llame ahora. Cirug\u00eda Pl\u00e1stica Facial. Siempre a su servicio. Otorrinolaringolog\u00eda. + 40 a\u00f1os de experiencia. Servicios: Otorrinolaringolog\u00eda, Cirug\u00eda facial.\",\"breadcrumb\":{\"@id\":\"https:\\\/\\\/www.clinicaclaros.com\\\/ru\\\/shortcodes\\\/5-shortcodes\\\/teasers\\\/#breadcrumb\"},\"inLanguage\":\"en-US\",\"potentialAction\":[{\"@type\":\"ReadAction\",\"target\":[\"https:\\\/\\\/www.clinicaclaros.com\\\/ru\\\/shortcodes\\\/5-shortcodes\\\/teasers\\\/\"]}]},{\"@type\":\"BreadcrumbList\",\"@id\":\"https:\\\/\\\/www.clinicaclaros.com\\\/ru\\\/shortcodes\\\/5-shortcodes\\\/teasers\\\/#breadcrumb\",\"itemListElement\":[{\"@type\":\"ListItem\",\"position\":1,\"name\":\"Portada\",\"item\":\"https:\\\/\\\/www.clinicaclaros.com\\\/\"},{\"@type\":\"ListItem\",\"position\":2,\"name\":\"Shortcodes\",\"item\":\"https:\\\/\\\/www.clinicaclaros.com\\\/ru\\\/shortcodes\\\/\"},{\"@type\":\"ListItem\",\"position\":3,\"name\":\"5. Shortcodes\",\"item\":\"https:\\\/\\\/www.clinicaclaros.com\\\/ru\\\/shortcodes\\\/5-shortcodes\\\/\"},{\"@type\":\"ListItem\",\"position\":4,\"name\":\"Teasers\"}]},{\"@type\":\"WebSite\",\"@id\":\"https:\\\/\\\/www.clinicaclaros.com\\\/#website\",\"url\":\"https:\\\/\\\/www.clinicaclaros.com\\\/\",\"name\":\"Cl\u00ed\u00adnica Clar\u00f3s\",\"description\":\"Otorrinolaringolog\u00eda y Cirug\u00eda Pl\u00e1stica Facial\",\"publisher\":{\"@id\":\"https:\\\/\\\/www.clinicaclaros.com\\\/#organization\"},\"potentialAction\":[{\"@type\":\"SearchAction\",\"target\":{\"@type\":\"EntryPoint\",\"urlTemplate\":\"https:\\\/\\\/www.clinicaclaros.com\\\/?s={search_term_string}\"},\"query-input\":{\"@type\":\"PropertyValueSpecification\",\"valueRequired\":true,\"valueName\":\"search_term_string\"}}],\"inLanguage\":\"en-US\"},{\"@type\":\"Organization\",\"@id\":\"https:\\\/\\\/www.clinicaclaros.com\\\/#organization\",\"name\":\"Cl\u00ednica Clar\u00f3s\",\"url\":\"https:\\\/\\\/www.clinicaclaros.com\\\/\",\"logo\":{\"@type\":\"ImageObject\",\"inLanguage\":\"en-US\",\"@id\":\"https:\\\/\\\/www.clinicaclaros.com\\\/#\\\/schema\\\/logo\\\/image\\\/\",\"url\":\"https:\\\/\\\/www.clinicaclaros.com\\\/wp-content\\\/uploads\\\/2015\\\/06\\\/logoalargadocabecera.jpg\",\"contentUrl\":\"https:\\\/\\\/www.clinicaclaros.com\\\/wp-content\\\/uploads\\\/2015\\\/06\\\/logoalargadocabecera.jpg\",\"width\":200,\"height\":60,\"caption\":\"Cl\u00ednica Clar\u00f3s\"},\"image\":{\"@id\":\"https:\\\/\\\/www.clinicaclaros.com\\\/#\\\/schema\\\/logo\\\/image\\\/\"},\"sameAs\":[\"https:\\\/\\\/www.facebook.com\\\/clinicaclaros\",\"https:\\\/\\\/x.com\\\/ClinicaClaros\",\"https:\\\/\\\/www.linkedin.com\\\/company\\\/cl\u00ednica-clar\u00f3s\",\"https:\\\/\\\/www.youtube.com\\\/user\\\/FundacioClaros\"]}]}<\/script>\n<!-- \/ Yoast SEO plugin. -->","yoast_head_json":{"title":"Teasers - Cl\u00ed\u00adnica Clar\u00f3s","description":"Otorrino Cirug\u00eda Pl\u00e1stica, Contactar, Cl\u00ednica Clar\u00f3s, Equipo profesional. Urgencias Otorrino en Barcelona. Llame ahora. Cirug\u00eda Pl\u00e1stica Facial. Siempre a su servicio. Otorrinolaringolog\u00eda. + 40 a\u00f1os de experiencia. Servicios: Otorrinolaringolog\u00eda, Cirug\u00eda facial.","robots":{"index":"index","follow":"follow","max-snippet":"max-snippet:-1","max-image-preview":"max-image-preview:large","max-video-preview":"max-video-preview:-1"},"canonical":"https:\/\/www.clinicaclaros.com\/ru\/shortcodes\/5-shortcodes\/teasers\/","og_locale":"en_US","og_type":"article","og_title":"Teasers - Cl\u00ed\u00adnica Clar\u00f3s","og_description":"Otorrino Cirug\u00eda Pl\u00e1stica, Contactar, Cl\u00ednica Clar\u00f3s, Equipo profesional. Urgencias Otorrino en Barcelona. Llame ahora. Cirug\u00eda Pl\u00e1stica Facial. Siempre a su servicio. Otorrinolaringolog\u00eda. + 40 a\u00f1os de experiencia. Servicios: Otorrinolaringolog\u00eda, Cirug\u00eda facial.","og_url":"https:\/\/www.clinicaclaros.com\/ru\/shortcodes\/5-shortcodes\/teasers\/","og_site_name":"Cl\u00ed\u00adnica Clar\u00f3s","article_publisher":"https:\/\/www.facebook.com\/clinicaclaros","twitter_card":"summary_large_image","twitter_site":"@ClinicaClaros","twitter_misc":{"Est. reading time":"4 minutes"},"schema":{"@context":"https:\/\/schema.org","@graph":[{"@type":"WebPage","@id":"https:\/\/www.clinicaclaros.com\/ru\/shortcodes\/5-shortcodes\/teasers\/","url":"https:\/\/www.clinicaclaros.com\/ru\/shortcodes\/5-shortcodes\/teasers\/","name":"Teasers - Cl\u00ed\u00adnica Clar\u00f3s","isPartOf":{"@id":"https:\/\/www.clinicaclaros.com\/#website"},"datePublished":"2014-04-14T12:27:03+00:00","description":"Otorrino Cirug\u00eda Pl\u00e1stica, Contactar, Cl\u00ednica Clar\u00f3s, Equipo profesional. Urgencias Otorrino en Barcelona. Llame ahora. Cirug\u00eda Pl\u00e1stica Facial. Siempre a su servicio. Otorrinolaringolog\u00eda. + 40 a\u00f1os de experiencia. Servicios: Otorrinolaringolog\u00eda, Cirug\u00eda facial.","breadcrumb":{"@id":"https:\/\/www.clinicaclaros.com\/ru\/shortcodes\/5-shortcodes\/teasers\/#breadcrumb"},"inLanguage":"en-US","potentialAction":[{"@type":"ReadAction","target":["https:\/\/www.clinicaclaros.com\/ru\/shortcodes\/5-shortcodes\/teasers\/"]}]},{"@type":"BreadcrumbList","@id":"https:\/\/www.clinicaclaros.com\/ru\/shortcodes\/5-shortcodes\/teasers\/#breadcrumb","itemListElement":[{"@type":"ListItem","position":1,"name":"Portada","item":"https:\/\/www.clinicaclaros.com\/"},{"@type":"ListItem","position":2,"name":"Shortcodes","item":"https:\/\/www.clinicaclaros.com\/ru\/shortcodes\/"},{"@type":"ListItem","position":3,"name":"5. Shortcodes","item":"https:\/\/www.clinicaclaros.com\/ru\/shortcodes\/5-shortcodes\/"},{"@type":"ListItem","position":4,"name":"Teasers"}]},{"@type":"WebSite","@id":"https:\/\/www.clinicaclaros.com\/#website","url":"https:\/\/www.clinicaclaros.com\/","name":"Cl\u00ed\u00adnica Clar\u00f3s","description":"Otorrinolaringolog\u00eda y Cirug\u00eda Pl\u00e1stica Facial","publisher":{"@id":"https:\/\/www.clinicaclaros.com\/#organization"},"potentialAction":[{"@type":"SearchAction","target":{"@type":"EntryPoint","urlTemplate":"https:\/\/www.clinicaclaros.com\/?s={search_term_string}"},"query-input":{"@type":"PropertyValueSpecification","valueRequired":true,"valueName":"search_term_string"}}],"inLanguage":"en-US"},{"@type":"Organization","@id":"https:\/\/www.clinicaclaros.com\/#organization","name":"Cl\u00ednica Clar\u00f3s","url":"https:\/\/www.clinicaclaros.com\/","logo":{"@type":"ImageObject","inLanguage":"en-US","@id":"https:\/\/www.clinicaclaros.com\/#\/schema\/logo\/image\/","url":"https:\/\/www.clinicaclaros.com\/wp-content\/uploads\/2015\/06\/logoalargadocabecera.jpg","contentUrl":"https:\/\/www.clinicaclaros.com\/wp-content\/uploads\/2015\/06\/logoalargadocabecera.jpg","width":200,"height":60,"caption":"Cl\u00ednica Clar\u00f3s"},"image":{"@id":"https:\/\/www.clinicaclaros.com\/#\/schema\/logo\/image\/"},"sameAs":["https:\/\/www.facebook.com\/clinicaclaros","https:\/\/x.com\/ClinicaClaros","https:\/\/www.linkedin.com\/company\/cl\u00ednica-clar\u00f3s","https:\/\/www.youtube.com\/user\/FundacioClaros"]}]}},"_links":{"self":[{"href":"https:\/\/www.clinicaclaros.com\/en\/wp-json\/wp\/v2\/pages\/14069","targetHints":{"allow":["GET"]}}],"collection":[{"href":"https:\/\/www.clinicaclaros.com\/en\/wp-json\/wp\/v2\/pages"}],"about":[{"href":"https:\/\/www.clinicaclaros.com\/en\/wp-json\/wp\/v2\/types\/page"}],"author":[{"embeddable":true,"href":"https:\/\/www.clinicaclaros.com\/en\/wp-json\/wp\/v2\/users\/1"}],"replies":[{"embeddable":true,"href":"https:\/\/www.clinicaclaros.com\/en\/wp-json\/wp\/v2\/comments?post=14069"}],"version-history":[{"count":0,"href":"https:\/\/www.clinicaclaros.com\/en\/wp-json\/wp\/v2\/pages\/14069\/revisions"}],"up":[{"embeddable":true,"href":"https:\/\/www.clinicaclaros.com\/en\/wp-json\/wp\/v2\/pages\/19105"}],"wp:attachment":[{"href":"https:\/\/www.clinicaclaros.com\/en\/wp-json\/wp\/v2\/media?parent=14069"}],"curies":[{"name":"wp","href":"https:\/\/api.w.org\/{rel}","templated":true}]}}