{"id":35469,"date":"2015-05-18T09:01:10","date_gmt":"2015-05-18T09:01:10","guid":{"rendered":"http:\/\/www.clinicaclaros.com\/?page_id=35469"},"modified":"2021-04-13T11:13:38","modified_gmt":"2021-04-13T11:13:38","slug":"andres-claros-domenech","status":"publish","type":"page","link":"https:\/\/www.clinicaclaros.com\/ar\/andres-claros-domenech\/","title":{"rendered":"Andr\u00e9s Clar\u00f3s Domenech"},"content":{"rendered":"<p class=\"qtranxs-available-languages-message qtranxs-available-languages-message-ar\">\u0639\u0641\u0648\u0627\u060c \u0647\u0630\u0647 \u0627\u0644\u0645\u062f\u062e\u0644\u0629 \u0645\u0648\u062c\u0648\u062f\u0629 \u0641\u0642\u0637 \u0641\u064a <a href=\"https:\/\/www.clinicaclaros.com\/es\/wp-json\/wp\/v2\/pages\/35469\" class=\"qtranxs-available-language-link qtranxs-available-language-link-es\" title=\"Espa\u00f1ol\">Espa\u00f1ol<\/a>, <a href=\"https:\/\/www.clinicaclaros.com\/en\/wp-json\/wp\/v2\/pages\/35469\" class=\"qtranxs-available-language-link qtranxs-available-language-link-en\" title=\"English\">English<\/a> \u0648 <a href=\"https:\/\/www.clinicaclaros.com\/ru\/wp-json\/wp\/v2\/pages\/35469\" class=\"qtranxs-available-language-link qtranxs-available-language-link-ru\" title=\"\u0420\u0443\u0441\u0441\u043a\u0438\u0439\">\u0420\u0443\u0441\u0441\u043a\u0438\u0439<\/a>.<\/p>","protected":false},"excerpt":{"rendered":"<p>\u0639\u0641\u0648\u0627\u060c \u0647\u0630\u0647 \u0627\u0644\u0645\u062f\u062e\u0644\u0629 \u0645\u0648\u062c\u0648\u062f\u0629 \u0641\u0642\u0637 \u0641\u064a Espa\u00f1ol, English \u0648 \u0420\u0443\u0441\u0441\u043a\u0438\u0439.<\/p>\n","protected":false},"author":1,"featured_media":0,"parent":0,"menu_order":0,"comment_status":"closed","ping_status":"closed","template":"","meta":{"_monsterinsights_skip_tracking":false,"_monsterinsights_sitenote_active":false,"_monsterinsights_sitenote_note":"","_monsterinsights_sitenote_category":0,"footnotes":""},"class_list":["post-35469","page","type-page","status-publish","hentry","description-off"],"yoast_head":"<!-- This site is optimized with the Yoast SEO plugin v27.2 - https:\/\/yoast.com\/product\/yoast-seo-wordpress\/ -->\n<title>Andr\u00e9s Clar\u00f3s Domenech - Cl\u00ed\u00adnica Clar\u00f3s<\/title>\n<meta name=\"description\" content=\"Nacido\u00a0el\u00a018-III-1916\u00a0en\u00a0la\u00a0ciudad\u00a0de\u00a0Anc\u00f3n\u00a0(American\u00a0Zone).\u00a0Panam\u00e1\u00a0Capital. Licenciado\u00a0en\u00a0Medicina\u00a0y\u00a0Cirug\u00eda\u00a0por\u00a0la Universidad\u00a0de\u00a0Barcelona.\u00a018-IX-1941.\" \/>\n<meta name=\"robots\" content=\"index, follow, max-snippet:-1, max-image-preview:large, max-video-preview:-1\" \/>\n<link rel=\"canonical\" href=\"https:\/\/www.clinicaclaros.com\/andres-claros-domenech\/\" \/>\n<meta property=\"og:locale\" content=\"ar_AR\" \/>\n<meta property=\"og:type\" content=\"article\" \/>\n<meta property=\"og:title\" content=\"Andr\u00e9s Clar\u00f3s Domenech - Cl\u00ed\u00adnica Clar\u00f3s\" \/>\n<meta property=\"og:description\" content=\"Nacido\u00a0el\u00a018-III-1916\u00a0en\u00a0la\u00a0ciudad\u00a0de\u00a0Anc\u00f3n\u00a0(American\u00a0Zone).\u00a0Panam\u00e1\u00a0Capital. Licenciado\u00a0en\u00a0Medicina\u00a0y\u00a0Cirug\u00eda\u00a0por\u00a0la Universidad\u00a0de\u00a0Barcelona.\u00a018-IX-1941.\" \/>\n<meta property=\"og:url\" content=\"https:\/\/www.clinicaclaros.com\/andres-claros-domenech\/\" \/>\n<meta property=\"og:site_name\" content=\"Cl\u00ed\u00adnica Clar\u00f3s\" \/>\n<meta property=\"article:publisher\" content=\"https:\/\/www.facebook.com\/clinicaclaros\" \/>\n<meta property=\"article:modified_time\" content=\"2021-04-13T11:13:38+00:00\" \/>\n<meta name=\"twitter:card\" content=\"summary_large_image\" \/>\n<meta name=\"twitter:site\" content=\"@ClinicaClaros\" \/>\n<meta name=\"twitter:label1\" content=\"\u0648\u0642\u062a \u0627\u0644\u0642\u0631\u0627\u0621\u0629 \u0627\u0644\u0645\u064f\u0642\u062f\u0651\u0631\" \/>\n\t<meta name=\"twitter:data1\" content=\"6 \u062f\u0642\u0627\u0626\u0642\" \/>\n<script type=\"application\/ld+json\" class=\"yoast-schema-graph\">{\"@context\":\"https:\/\/schema.org\",\"@graph\":[{\"@type\":\"WebPage\",\"@id\":\"https:\/\/www.clinicaclaros.com\/andres-claros-domenech\/\",\"url\":\"https:\/\/www.clinicaclaros.com\/andres-claros-domenech\/\",\"name\":\"Andr\u00e9s Clar\u00f3s Domenech - Cl\u00ed\u00adnica Clar\u00f3s\",\"isPartOf\":{\"@id\":\"https:\/\/www.clinicaclaros.com\/#website\"},\"datePublished\":\"2015-05-18T09:01:10+00:00\",\"dateModified\":\"2021-04-13T11:13:38+00:00\",\"description\":\"Nacido\u00a0el\u00a018-III-1916\u00a0en\u00a0la\u00a0ciudad\u00a0de\u00a0Anc\u00f3n\u00a0(American\u00a0Zone).\u00a0Panam\u00e1\u00a0Capital. Licenciado\u00a0en\u00a0Medicina\u00a0y\u00a0Cirug\u00eda\u00a0por\u00a0la Universidad\u00a0de\u00a0Barcelona.\u00a018-IX-1941.\",\"breadcrumb\":{\"@id\":\"https:\/\/www.clinicaclaros.com\/andres-claros-domenech\/#breadcrumb\"},\"inLanguage\":\"ar\",\"potentialAction\":[{\"@type\":\"ReadAction\",\"target\":[\"https:\/\/www.clinicaclaros.com\/andres-claros-domenech\/\"]}]},{\"@type\":\"BreadcrumbList\",\"@id\":\"https:\/\/www.clinicaclaros.com\/andres-claros-domenech\/#breadcrumb\",\"itemListElement\":[{\"@type\":\"ListItem\",\"position\":1,\"name\":\"Portada\",\"item\":\"https:\/\/www.clinicaclaros.com\/\"},{\"@type\":\"ListItem\",\"position\":2,\"name\":\"Andr\u00e9s Clar\u00f3s Domenech\"}]},{\"@type\":\"WebSite\",\"@id\":\"https:\/\/www.clinicaclaros.com\/#website\",\"url\":\"https:\/\/www.clinicaclaros.com\/\",\"name\":\"Cl\u00ed\u00adnica Clar\u00f3s\",\"description\":\"Otorrinolaringolog\u00eda y Cirug\u00eda Pl\u00e1stica Facial\",\"publisher\":{\"@id\":\"https:\/\/www.clinicaclaros.com\/#organization\"},\"potentialAction\":[{\"@type\":\"SearchAction\",\"target\":{\"@type\":\"EntryPoint\",\"urlTemplate\":\"https:\/\/www.clinicaclaros.com\/?s={search_term_string}\"},\"query-input\":{\"@type\":\"PropertyValueSpecification\",\"valueRequired\":true,\"valueName\":\"search_term_string\"}}],\"inLanguage\":\"ar\"},{\"@type\":\"Organization\",\"@id\":\"https:\/\/www.clinicaclaros.com\/#organization\",\"name\":\"Cl\u00ednica Clar\u00f3s\",\"url\":\"https:\/\/www.clinicaclaros.com\/\",\"logo\":{\"@type\":\"ImageObject\",\"inLanguage\":\"ar\",\"@id\":\"https:\/\/www.clinicaclaros.com\/#\/schema\/logo\/image\/\",\"url\":\"https:\/\/www.clinicaclaros.com\/wp-content\/uploads\/2015\/06\/logoalargadocabecera.jpg\",\"contentUrl\":\"https:\/\/www.clinicaclaros.com\/wp-content\/uploads\/2015\/06\/logoalargadocabecera.jpg\",\"width\":200,\"height\":60,\"caption\":\"Cl\u00ednica Clar\u00f3s\"},\"image\":{\"@id\":\"https:\/\/www.clinicaclaros.com\/#\/schema\/logo\/image\/\"},\"sameAs\":[\"https:\/\/www.facebook.com\/clinicaclaros\",\"https:\/\/x.com\/ClinicaClaros\",\"https:\/\/www.linkedin.com\/company\/cl\u00ednica-clar\u00f3s\",\"https:\/\/www.youtube.com\/user\/FundacioClaros\"]}]}<\/script>\n<!-- \/ Yoast SEO plugin. -->","yoast_head_json":{"title":"Andr\u00e9s Clar\u00f3s Domenech - Cl\u00ed\u00adnica Clar\u00f3s","description":"Nacido\u00a0el\u00a018-III-1916\u00a0en\u00a0la\u00a0ciudad\u00a0de\u00a0Anc\u00f3n\u00a0(American\u00a0Zone).\u00a0Panam\u00e1\u00a0Capital. Licenciado\u00a0en\u00a0Medicina\u00a0y\u00a0Cirug\u00eda\u00a0por\u00a0la Universidad\u00a0de\u00a0Barcelona.\u00a018-IX-1941.","robots":{"index":"index","follow":"follow","max-snippet":"max-snippet:-1","max-image-preview":"max-image-preview:large","max-video-preview":"max-video-preview:-1"},"canonical":"https:\/\/www.clinicaclaros.com\/andres-claros-domenech\/","og_locale":"ar_AR","og_type":"article","og_title":"Andr\u00e9s Clar\u00f3s Domenech - Cl\u00ed\u00adnica Clar\u00f3s","og_description":"Nacido\u00a0el\u00a018-III-1916\u00a0en\u00a0la\u00a0ciudad\u00a0de\u00a0Anc\u00f3n\u00a0(American\u00a0Zone).\u00a0Panam\u00e1\u00a0Capital. Licenciado\u00a0en\u00a0Medicina\u00a0y\u00a0Cirug\u00eda\u00a0por\u00a0la Universidad\u00a0de\u00a0Barcelona.\u00a018-IX-1941.","og_url":"https:\/\/www.clinicaclaros.com\/andres-claros-domenech\/","og_site_name":"Cl\u00ed\u00adnica Clar\u00f3s","article_publisher":"https:\/\/www.facebook.com\/clinicaclaros","article_modified_time":"2021-04-13T11:13:38+00:00","twitter_card":"summary_large_image","twitter_site":"@ClinicaClaros","twitter_misc":{"\u0648\u0642\u062a \u0627\u0644\u0642\u0631\u0627\u0621\u0629 \u0627\u0644\u0645\u064f\u0642\u062f\u0651\u0631":"6 \u062f\u0642\u0627\u0626\u0642"},"schema":{"@context":"https:\/\/schema.org","@graph":[{"@type":"WebPage","@id":"https:\/\/www.clinicaclaros.com\/andres-claros-domenech\/","url":"https:\/\/www.clinicaclaros.com\/andres-claros-domenech\/","name":"Andr\u00e9s Clar\u00f3s Domenech - Cl\u00ed\u00adnica Clar\u00f3s","isPartOf":{"@id":"https:\/\/www.clinicaclaros.com\/#website"},"datePublished":"2015-05-18T09:01:10+00:00","dateModified":"2021-04-13T11:13:38+00:00","description":"Nacido\u00a0el\u00a018-III-1916\u00a0en\u00a0la\u00a0ciudad\u00a0de\u00a0Anc\u00f3n\u00a0(American\u00a0Zone).\u00a0Panam\u00e1\u00a0Capital. Licenciado\u00a0en\u00a0Medicina\u00a0y\u00a0Cirug\u00eda\u00a0por\u00a0la Universidad\u00a0de\u00a0Barcelona.\u00a018-IX-1941.","breadcrumb":{"@id":"https:\/\/www.clinicaclaros.com\/andres-claros-domenech\/#breadcrumb"},"inLanguage":"ar","potentialAction":[{"@type":"ReadAction","target":["https:\/\/www.clinicaclaros.com\/andres-claros-domenech\/"]}]},{"@type":"BreadcrumbList","@id":"https:\/\/www.clinicaclaros.com\/andres-claros-domenech\/#breadcrumb","itemListElement":[{"@type":"ListItem","position":1,"name":"Portada","item":"https:\/\/www.clinicaclaros.com\/"},{"@type":"ListItem","position":2,"name":"Andr\u00e9s Clar\u00f3s Domenech"}]},{"@type":"WebSite","@id":"https:\/\/www.clinicaclaros.com\/#website","url":"https:\/\/www.clinicaclaros.com\/","name":"Cl\u00ed\u00adnica Clar\u00f3s","description":"Otorrinolaringolog\u00eda y Cirug\u00eda Pl\u00e1stica Facial","publisher":{"@id":"https:\/\/www.clinicaclaros.com\/#organization"},"potentialAction":[{"@type":"SearchAction","target":{"@type":"EntryPoint","urlTemplate":"https:\/\/www.clinicaclaros.com\/?s={search_term_string}"},"query-input":{"@type":"PropertyValueSpecification","valueRequired":true,"valueName":"search_term_string"}}],"inLanguage":"ar"},{"@type":"Organization","@id":"https:\/\/www.clinicaclaros.com\/#organization","name":"Cl\u00ednica Clar\u00f3s","url":"https:\/\/www.clinicaclaros.com\/","logo":{"@type":"ImageObject","inLanguage":"ar","@id":"https:\/\/www.clinicaclaros.com\/#\/schema\/logo\/image\/","url":"https:\/\/www.clinicaclaros.com\/wp-content\/uploads\/2015\/06\/logoalargadocabecera.jpg","contentUrl":"https:\/\/www.clinicaclaros.com\/wp-content\/uploads\/2015\/06\/logoalargadocabecera.jpg","width":200,"height":60,"caption":"Cl\u00ednica Clar\u00f3s"},"image":{"@id":"https:\/\/www.clinicaclaros.com\/#\/schema\/logo\/image\/"},"sameAs":["https:\/\/www.facebook.com\/clinicaclaros","https:\/\/x.com\/ClinicaClaros","https:\/\/www.linkedin.com\/company\/cl\u00ednica-clar\u00f3s","https:\/\/www.youtube.com\/user\/FundacioClaros"]}]}},"_links":{"self":[{"href":"https:\/\/www.clinicaclaros.com\/ar\/wp-json\/wp\/v2\/pages\/35469","targetHints":{"allow":["GET"]}}],"collection":[{"href":"https:\/\/www.clinicaclaros.com\/ar\/wp-json\/wp\/v2\/pages"}],"about":[{"href":"https:\/\/www.clinicaclaros.com\/ar\/wp-json\/wp\/v2\/types\/page"}],"author":[{"embeddable":true,"href":"https:\/\/www.clinicaclaros.com\/ar\/wp-json\/wp\/v2\/users\/1"}],"replies":[{"embeddable":true,"href":"https:\/\/www.clinicaclaros.com\/ar\/wp-json\/wp\/v2\/comments?post=35469"}],"version-history":[{"count":0,"href":"https:\/\/www.clinicaclaros.com\/ar\/wp-json\/wp\/v2\/pages\/35469\/revisions"}],"wp:attachment":[{"href":"https:\/\/www.clinicaclaros.com\/ar\/wp-json\/wp\/v2\/media?parent=35469"}],"curies":[{"name":"wp","href":"https:\/\/api.w.org\/{rel}","templated":true}]}}