{"id":27894,"date":"2014-09-16T17:41:31","date_gmt":"2014-09-16T17:41:31","guid":{"rendered":"http:\/\/the7.dream-demo.com\/?page_id=27894"},"modified":"2014-09-16T17:41:31","modified_gmt":"2014-09-16T17:41:31","slug":"product-page-sku-id","status":"publish","type":"page","link":"https:\/\/www.clinicaclaros.com\/ar\/shop\/woo-shortcodes\/product-page-sku-id\/","title":{"rendered":"Product page by SKU or ID"},"content":{"rendered":"<div class=\"wpb-content-wrapper\"><p>[vc_row][vc_column width=&#8221;1\/1&#8243;][vc_column_text][product_page sku=&#8221;dt999&#8243;][\/vc_column_text][\/vc_column][\/vc_row][vc_row margin_top=&#8221;80&#8243; margin_bottom=&#8221;0&#8243; padding_left=&#8221;0&#8243; padding_right=&#8221;0&#8243; bg_position=&#8221;top&#8221; bg_repeat=&#8221;no-repeat&#8221; bg_cover=&#8221;false&#8221; bg_attachment=&#8221;false&#8221; padding_top=&#8221;0&#8243; padding_bottom=&#8221;0&#8243; parallax_speed=&#8221;0.1&#8243;][vc_column width=&#8221;1\/1&#8243;][vc_column_text]<div class=\"shortcode-code\">\n<p>&#091;product_page id=&quot;1&quot;&#093;<br \/>\n&#091;product_page sku=&quot;dt001&quot;&#093;<br \/>\n<\/p><\/div>[\/vc_column_text][vc_empty_space height=&#8221;16px&#8221;]<a href=\"http:\/\/docs.woothemes.com\/document\/woocommerce-shortcodes\/\" class=\"btn-shortcode dt-btn-m btn-link default-btn-color default-btn-hover-color default-btn-bg-color default-btn-bg-hover-color fadeIn animate-element animation-builder\" target=\"_blank\" id=\"dt-btn-1\" rel=\"noopener\"><i class=\"fa fa-cog\"><\/i><span>Full list of WooCommerce shortcodes<\/span><\/a>[\/vc_column][\/vc_row]<\/p>\n<\/div>","protected":false},"excerpt":{"rendered":"<p>[vc_row][vc_column width=&#8221;1\/1&#8243;][vc_column_text][product_page sku=&#8221;dt999&#8243;][\/vc_column_text][\/vc_column][\/vc_row][vc_row margin_top=&#8221;80&#8243; margin_bottom=&#8221;0&#8243; padding_left=&#8221;0&#8243; padding_right=&#8221;0&#8243; bg_position=&#8221;top&#8221; bg_repeat=&#8221;no-repeat&#8221; bg_cover=&#8221;false&#8221; bg_attachment=&#8221;false&#8221; padding_top=&#8221;0&#8243; padding_bottom=&#8221;0&#8243; parallax_speed=&#8221;0.1&#8243;][vc_column width=&#8221;1\/1&#8243;][vc_column_text][\/vc_column_text][vc_empty_space height=&#8221;16px&#8221;][\/vc_column][\/vc_row]<\/p>\n","protected":false},"author":1,"featured_media":0,"parent":27038,"menu_order":150,"comment_status":"closed","ping_status":"closed","template":"","meta":{"_monsterinsights_skip_tracking":false,"_monsterinsights_sitenote_active":false,"_monsterinsights_sitenote_note":"","_monsterinsights_sitenote_category":0,"footnotes":""},"class_list":["post-27894","page","type-page","status-publish","hentry","description-off"],"yoast_head":"<!-- This site is optimized with the Yoast SEO plugin v27.4 - https:\/\/yoast.com\/product\/yoast-seo-wordpress\/ -->\n<title>Product page by SKU or ID - Cl\u00ed\u00adnica Clar\u00f3s<\/title>\n<meta name=\"description\" content=\"Otorrino Cirug\u00eda Pl\u00e1stica, Contactar, Cl\u00ednica Clar\u00f3s, Equipo profesional. Urgencias Otorrino en Barcelona. Llame ahora. Cirug\u00eda Pl\u00e1stica Facial. Siempre a su servicio. Otorrinolaringolog\u00eda. + 40 a\u00f1os de experiencia. Servicios: Otorrinolaringolog\u00eda, Cirug\u00eda facial.\" \/>\n<meta name=\"robots\" content=\"index, follow, max-snippet:-1, max-image-preview:large, max-video-preview:-1\" \/>\n<link rel=\"canonical\" href=\"https:\/\/www.clinicaclaros.com\/shop\/woo-shortcodes\/product-page-sku-id\/\" \/>\n<meta property=\"og:locale\" content=\"ar_AR\" \/>\n<meta property=\"og:type\" content=\"article\" \/>\n<meta property=\"og:title\" content=\"Product page by SKU or ID - Cl\u00ed\u00adnica Clar\u00f3s\" \/>\n<meta property=\"og:description\" content=\"Otorrino Cirug\u00eda Pl\u00e1stica, Contactar, Cl\u00ednica Clar\u00f3s, Equipo profesional. Urgencias Otorrino en Barcelona. Llame ahora. Cirug\u00eda Pl\u00e1stica Facial. Siempre a su servicio. Otorrinolaringolog\u00eda. + 40 a\u00f1os de experiencia. Servicios: Otorrinolaringolog\u00eda, Cirug\u00eda facial.\" \/>\n<meta property=\"og:url\" content=\"https:\/\/www.clinicaclaros.com\/shop\/woo-shortcodes\/product-page-sku-id\/\" \/>\n<meta property=\"og:site_name\" content=\"Cl\u00ed\u00adnica Clar\u00f3s\" \/>\n<meta property=\"article:publisher\" content=\"https:\/\/www.facebook.com\/clinicaclaros\" \/>\n<meta name=\"twitter:card\" content=\"summary_large_image\" \/>\n<meta name=\"twitter:site\" content=\"@ClinicaClaros\" \/>\n<meta name=\"twitter:label1\" content=\"\u0648\u0642\u062a \u0627\u0644\u0642\u0631\u0627\u0621\u0629 \u0627\u0644\u0645\u064f\u0642\u062f\u0651\u0631\" \/>\n\t<meta name=\"twitter:data1\" content=\"\u062f\u0642\u064a\u0642\u0629 \u0648\u0627\u062d\u062f\u0629\" \/>\n<script type=\"application\/ld+json\" class=\"yoast-schema-graph\">{\"@context\":\"https:\\\/\\\/schema.org\",\"@graph\":[{\"@type\":\"WebPage\",\"@id\":\"https:\\\/\\\/www.clinicaclaros.com\\\/shop\\\/woo-shortcodes\\\/product-page-sku-id\\\/\",\"url\":\"https:\\\/\\\/www.clinicaclaros.com\\\/shop\\\/woo-shortcodes\\\/product-page-sku-id\\\/\",\"name\":\"Product page by SKU or ID - Cl\u00ed\u00adnica Clar\u00f3s\",\"isPartOf\":{\"@id\":\"https:\\\/\\\/www.clinicaclaros.com\\\/#website\"},\"datePublished\":\"2014-09-16T17:41:31+00:00\",\"description\":\"Otorrino Cirug\u00eda Pl\u00e1stica, Contactar, Cl\u00ednica Clar\u00f3s, Equipo profesional. Urgencias Otorrino en Barcelona. Llame ahora. Cirug\u00eda Pl\u00e1stica Facial. Siempre a su servicio. Otorrinolaringolog\u00eda. + 40 a\u00f1os de experiencia. Servicios: Otorrinolaringolog\u00eda, Cirug\u00eda facial.\",\"breadcrumb\":{\"@id\":\"https:\\\/\\\/www.clinicaclaros.com\\\/shop\\\/woo-shortcodes\\\/product-page-sku-id\\\/#breadcrumb\"},\"inLanguage\":\"ar\",\"potentialAction\":[{\"@type\":\"ReadAction\",\"target\":[\"https:\\\/\\\/www.clinicaclaros.com\\\/shop\\\/woo-shortcodes\\\/product-page-sku-id\\\/\"]}]},{\"@type\":\"BreadcrumbList\",\"@id\":\"https:\\\/\\\/www.clinicaclaros.com\\\/shop\\\/woo-shortcodes\\\/product-page-sku-id\\\/#breadcrumb\",\"itemListElement\":[{\"@type\":\"ListItem\",\"position\":1,\"name\":\"Portada\",\"item\":\"https:\\\/\\\/www.clinicaclaros.com\\\/\"},{\"@type\":\"ListItem\",\"position\":2,\"name\":\"Shop\",\"item\":\"https:\\\/\\\/www.clinicaclaros.com\\\/shop\\\/\"},{\"@type\":\"ListItem\",\"position\":3,\"name\":\"Woo shortcodes\",\"item\":\"https:\\\/\\\/www.clinicaclaros.com\\\/shop\\\/woo-shortcodes\\\/\"},{\"@type\":\"ListItem\",\"position\":4,\"name\":\"Product page by SKU or ID\"}]},{\"@type\":\"WebSite\",\"@id\":\"https:\\\/\\\/www.clinicaclaros.com\\\/#website\",\"url\":\"https:\\\/\\\/www.clinicaclaros.com\\\/\",\"name\":\"Cl\u00ed\u00adnica Clar\u00f3s\",\"description\":\"Otorrinolaringolog\u00eda y Cirug\u00eda Pl\u00e1stica Facial\",\"publisher\":{\"@id\":\"https:\\\/\\\/www.clinicaclaros.com\\\/#organization\"},\"potentialAction\":[{\"@type\":\"SearchAction\",\"target\":{\"@type\":\"EntryPoint\",\"urlTemplate\":\"https:\\\/\\\/www.clinicaclaros.com\\\/?s={search_term_string}\"},\"query-input\":{\"@type\":\"PropertyValueSpecification\",\"valueRequired\":true,\"valueName\":\"search_term_string\"}}],\"inLanguage\":\"ar\"},{\"@type\":\"Organization\",\"@id\":\"https:\\\/\\\/www.clinicaclaros.com\\\/#organization\",\"name\":\"Cl\u00ednica Clar\u00f3s\",\"url\":\"https:\\\/\\\/www.clinicaclaros.com\\\/\",\"logo\":{\"@type\":\"ImageObject\",\"inLanguage\":\"ar\",\"@id\":\"https:\\\/\\\/www.clinicaclaros.com\\\/#\\\/schema\\\/logo\\\/image\\\/\",\"url\":\"https:\\\/\\\/www.clinicaclaros.com\\\/wp-content\\\/uploads\\\/2015\\\/06\\\/logoalargadocabecera.jpg\",\"contentUrl\":\"https:\\\/\\\/www.clinicaclaros.com\\\/wp-content\\\/uploads\\\/2015\\\/06\\\/logoalargadocabecera.jpg\",\"width\":200,\"height\":60,\"caption\":\"Cl\u00ednica Clar\u00f3s\"},\"image\":{\"@id\":\"https:\\\/\\\/www.clinicaclaros.com\\\/#\\\/schema\\\/logo\\\/image\\\/\"},\"sameAs\":[\"https:\\\/\\\/www.facebook.com\\\/clinicaclaros\",\"https:\\\/\\\/x.com\\\/ClinicaClaros\",\"https:\\\/\\\/www.linkedin.com\\\/company\\\/cl\u00ednica-clar\u00f3s\",\"https:\\\/\\\/www.youtube.com\\\/user\\\/FundacioClaros\"]}]}<\/script>\n<!-- \/ Yoast SEO plugin. -->","yoast_head_json":{"title":"Product page by SKU or ID - Cl\u00ed\u00adnica Clar\u00f3s","description":"Otorrino Cirug\u00eda Pl\u00e1stica, Contactar, Cl\u00ednica Clar\u00f3s, Equipo profesional. Urgencias Otorrino en Barcelona. Llame ahora. Cirug\u00eda Pl\u00e1stica Facial. Siempre a su servicio. Otorrinolaringolog\u00eda. + 40 a\u00f1os de experiencia. Servicios: Otorrinolaringolog\u00eda, Cirug\u00eda facial.","robots":{"index":"index","follow":"follow","max-snippet":"max-snippet:-1","max-image-preview":"max-image-preview:large","max-video-preview":"max-video-preview:-1"},"canonical":"https:\/\/www.clinicaclaros.com\/shop\/woo-shortcodes\/product-page-sku-id\/","og_locale":"ar_AR","og_type":"article","og_title":"Product page by SKU or ID - Cl\u00ed\u00adnica Clar\u00f3s","og_description":"Otorrino Cirug\u00eda Pl\u00e1stica, Contactar, Cl\u00ednica Clar\u00f3s, Equipo profesional. Urgencias Otorrino en Barcelona. Llame ahora. Cirug\u00eda Pl\u00e1stica Facial. Siempre a su servicio. Otorrinolaringolog\u00eda. + 40 a\u00f1os de experiencia. Servicios: Otorrinolaringolog\u00eda, Cirug\u00eda facial.","og_url":"https:\/\/www.clinicaclaros.com\/shop\/woo-shortcodes\/product-page-sku-id\/","og_site_name":"Cl\u00ed\u00adnica Clar\u00f3s","article_publisher":"https:\/\/www.facebook.com\/clinicaclaros","twitter_card":"summary_large_image","twitter_site":"@ClinicaClaros","twitter_misc":{"\u0648\u0642\u062a \u0627\u0644\u0642\u0631\u0627\u0621\u0629 \u0627\u0644\u0645\u064f\u0642\u062f\u0651\u0631":"\u062f\u0642\u064a\u0642\u0629 \u0648\u0627\u062d\u062f\u0629"},"schema":{"@context":"https:\/\/schema.org","@graph":[{"@type":"WebPage","@id":"https:\/\/www.clinicaclaros.com\/shop\/woo-shortcodes\/product-page-sku-id\/","url":"https:\/\/www.clinicaclaros.com\/shop\/woo-shortcodes\/product-page-sku-id\/","name":"Product page by SKU or ID - Cl\u00ed\u00adnica Clar\u00f3s","isPartOf":{"@id":"https:\/\/www.clinicaclaros.com\/#website"},"datePublished":"2014-09-16T17:41:31+00:00","description":"Otorrino Cirug\u00eda Pl\u00e1stica, Contactar, Cl\u00ednica Clar\u00f3s, Equipo profesional. Urgencias Otorrino en Barcelona. Llame ahora. Cirug\u00eda Pl\u00e1stica Facial. Siempre a su servicio. Otorrinolaringolog\u00eda. + 40 a\u00f1os de experiencia. Servicios: Otorrinolaringolog\u00eda, Cirug\u00eda facial.","breadcrumb":{"@id":"https:\/\/www.clinicaclaros.com\/shop\/woo-shortcodes\/product-page-sku-id\/#breadcrumb"},"inLanguage":"ar","potentialAction":[{"@type":"ReadAction","target":["https:\/\/www.clinicaclaros.com\/shop\/woo-shortcodes\/product-page-sku-id\/"]}]},{"@type":"BreadcrumbList","@id":"https:\/\/www.clinicaclaros.com\/shop\/woo-shortcodes\/product-page-sku-id\/#breadcrumb","itemListElement":[{"@type":"ListItem","position":1,"name":"Portada","item":"https:\/\/www.clinicaclaros.com\/"},{"@type":"ListItem","position":2,"name":"Shop","item":"https:\/\/www.clinicaclaros.com\/shop\/"},{"@type":"ListItem","position":3,"name":"Woo shortcodes","item":"https:\/\/www.clinicaclaros.com\/shop\/woo-shortcodes\/"},{"@type":"ListItem","position":4,"name":"Product page by SKU or ID"}]},{"@type":"WebSite","@id":"https:\/\/www.clinicaclaros.com\/#website","url":"https:\/\/www.clinicaclaros.com\/","name":"Cl\u00ed\u00adnica Clar\u00f3s","description":"Otorrinolaringolog\u00eda y Cirug\u00eda Pl\u00e1stica Facial","publisher":{"@id":"https:\/\/www.clinicaclaros.com\/#organization"},"potentialAction":[{"@type":"SearchAction","target":{"@type":"EntryPoint","urlTemplate":"https:\/\/www.clinicaclaros.com\/?s={search_term_string}"},"query-input":{"@type":"PropertyValueSpecification","valueRequired":true,"valueName":"search_term_string"}}],"inLanguage":"ar"},{"@type":"Organization","@id":"https:\/\/www.clinicaclaros.com\/#organization","name":"Cl\u00ednica Clar\u00f3s","url":"https:\/\/www.clinicaclaros.com\/","logo":{"@type":"ImageObject","inLanguage":"ar","@id":"https:\/\/www.clinicaclaros.com\/#\/schema\/logo\/image\/","url":"https:\/\/www.clinicaclaros.com\/wp-content\/uploads\/2015\/06\/logoalargadocabecera.jpg","contentUrl":"https:\/\/www.clinicaclaros.com\/wp-content\/uploads\/2015\/06\/logoalargadocabecera.jpg","width":200,"height":60,"caption":"Cl\u00ednica Clar\u00f3s"},"image":{"@id":"https:\/\/www.clinicaclaros.com\/#\/schema\/logo\/image\/"},"sameAs":["https:\/\/www.facebook.com\/clinicaclaros","https:\/\/x.com\/ClinicaClaros","https:\/\/www.linkedin.com\/company\/cl\u00ednica-clar\u00f3s","https:\/\/www.youtube.com\/user\/FundacioClaros"]}]}},"_links":{"self":[{"href":"https:\/\/www.clinicaclaros.com\/ar\/wp-json\/wp\/v2\/pages\/27894","targetHints":{"allow":["GET"]}}],"collection":[{"href":"https:\/\/www.clinicaclaros.com\/ar\/wp-json\/wp\/v2\/pages"}],"about":[{"href":"https:\/\/www.clinicaclaros.com\/ar\/wp-json\/wp\/v2\/types\/page"}],"author":[{"embeddable":true,"href":"https:\/\/www.clinicaclaros.com\/ar\/wp-json\/wp\/v2\/users\/1"}],"replies":[{"embeddable":true,"href":"https:\/\/www.clinicaclaros.com\/ar\/wp-json\/wp\/v2\/comments?post=27894"}],"version-history":[{"count":0,"href":"https:\/\/www.clinicaclaros.com\/ar\/wp-json\/wp\/v2\/pages\/27894\/revisions"}],"up":[{"embeddable":true,"href":"https:\/\/www.clinicaclaros.com\/ar\/wp-json\/wp\/v2\/pages\/27038"}],"wp:attachment":[{"href":"https:\/\/www.clinicaclaros.com\/ar\/wp-json\/wp\/v2\/media?parent=27894"}],"curies":[{"name":"wp","href":"https:\/\/api.w.org\/{rel}","templated":true}]}}